
{"id":12,"date":"2017-10-03T10:41:31","date_gmt":"2017-10-03T10:41:31","guid":{"rendered":"http:\/\/127.0.0.1\/wp\/about-us\/"},"modified":"2017-10-03T10:41:31","modified_gmt":"2017-10-03T10:41:31","slug":"about-us","status":"publish","type":"page","link":"https:\/\/goodstore.eu\/en\/about-us\/","title":{"rendered":"Info meie kohta"},"content":{"rendered":"<p>M\u00f5nes m\u00f5ttes v\u00f5ib \u00f6elda, et oleme alustav veebipood, sest alustasime selle \u00fclesehitamisega 2017 suvel. <\/p>\n<p>T\u00e4naseks on meil kasvatatud kenake ladu. Eesm\u00e4rk on pakkuda klientidele v\u00f5imalikult kiiret tarnet. Kes viitsiks kingituse valimise v\u00f5i k\u00e4ttesaamisega oodata? Harilikult on selliseid asju vaja v\u00e4ga \u00e4kki ja just siis oleks hea kui kusagilt saaks oma fantaasiat rikastada. <\/p>\n<p>Meie juurest saad nii ideed kui kingid! <\/p>\n<p>2018 suvel otsustasime lisada tootevalikusse erinevad lipsud ja lipsukomplektid. Valik suureneb pidevalt, sest leiame, et Eestis m\u00fc\u00fcdavate ilusate ja moodsate lipsude valik on kohati kesise v\u00f5itu ning \u00fche\u00fclbaline. <\/p>\n<p>P\u00fc\u00fcame turustada ka mudelautosid. Huvitav miks? Need pole ju lipsud?! Ka kingitusteks lahterdamine on m\u00f5nev\u00f5rra piiratud?! Mhmmmm&#8230; P\u00fc\u00fca vastata sellele k\u00fcsimusele&#8230; Vaata kas saad pihta?! <\/p>\n<p>2018 aasta l\u00f5pus otsustasime muusika temaatiliste toodete\/kingituste valikut j\u00e4rjepidevalt suurendama hakata. Selleks oli v\u00e4ga selge p\u00f5hjus. Nende toodete j\u00e4rgi on meie poes n\u00f5udlust. Sortimenti suurendame vastavalt uute toodete ilmumisele meie tarnijate juures ja ka vastavalt sellele mille j\u00e4rele on n\u00f5udlust &#8211; nagu mainitud.<\/p>\n","protected":false},"excerpt":{"rendered":"<p>&hellip; <a class=\"read-more-link\" href=\"https:\/\/goodstore.eu\/en\/about-us\/\">Read More<\/a><\/p>\n","protected":false},"author":1,"featured_media":0,"parent":0,"menu_order":4,"comment_status":"closed","ping_status":"closed","template":"","meta":{"om_disable_all_campaigns":false,"_monsterinsights_skip_tracking":false,"_monsterinsights_sitenote_active":false,"_monsterinsights_sitenote_note":"","_monsterinsights_sitenote_category":0,"footnotes":""},"class_list":["post-12","page","type-page","status-publish","hentry"],"aioseo_notices":[],"_links":{"self":[{"href":"https:\/\/goodstore.eu\/en\/wp-json\/wp\/v2\/pages\/12"}],"collection":[{"href":"https:\/\/goodstore.eu\/en\/wp-json\/wp\/v2\/pages"}],"about":[{"href":"https:\/\/goodstore.eu\/en\/wp-json\/wp\/v2\/types\/page"}],"author":[{"embeddable":true,"href":"https:\/\/goodstore.eu\/en\/wp-json\/wp\/v2\/users\/1"}],"replies":[{"embeddable":true,"href":"https:\/\/goodstore.eu\/en\/wp-json\/wp\/v2\/comments?post=12"}],"version-history":[{"count":0,"href":"https:\/\/goodstore.eu\/en\/wp-json\/wp\/v2\/pages\/12\/revisions"}],"wp:attachment":[{"href":"https:\/\/goodstore.eu\/en\/wp-json\/wp\/v2\/media?parent=12"}],"curies":[{"name":"wp","href":"https:\/\/api.w.org\/{rel}","templated":true}]}}