
{"id":13,"date":"2017-10-03T10:41:31","date_gmt":"2017-10-03T10:41:31","guid":{"rendered":"http:\/\/127.0.0.1\/wp\/privacy-politics\/"},"modified":"2017-10-03T10:41:31","modified_gmt":"2017-10-03T10:41:31","slug":"privacy-politics","status":"publish","type":"page","link":"https:\/\/www.goodstore.eu\/en\/privacy-politics\/","title":{"rendered":"Privaatsuspoliitika ja isikuandmete t\u00f6\u00f6tlemise kord"},"content":{"rendered":"<p>Ostja annab selge ja teadliku n\u00f5usoleku Kaupmehele (Palm &amp; Co O\u00dc alias GoodStore) enda isikuandmete t\u00f6\u00f6tlemiseks. Tellimuse esitamisel Ostja poolt sisestatud isikuandmed kantakse\u00a0GoodStore kliendiregistrisse ning kasutatakse m\u00fc\u00fcgiteenuse osutamiseks ja kauba pakkumiseks Ostjale.<\/p>\n<p>Isikuandmete kaitse on tagatud turvameetmetega. Isikuandmed, mis on vajalikud kauba postitamiseks Ostjale edastatakse postitusteenust osutavatele ettev\u00f5ttetele.\u00a0GoodStore kohustub mitte edastama registreeritud isikuandmeid k\u00f5rvalistele isikutele v.a seadusega etten\u00e4htud juhtudel.<\/p>\n<p>Panga ja Ostja vaheline side on kaitstud SSL-turvaprotokolliga, mis tagab selle, et vahetatavat informatsiooni ei saa k\u00f5rvalised isikud pealt kuulata ega muuta. Panga ja Kaupmehe vahel liikuv informatsioon on varustatud digitaalsete kr\u00fcpteeringutega.<\/p>\n","protected":false},"excerpt":{"rendered":"<p>&hellip; <a class=\"read-more-link\" href=\"https:\/\/www.goodstore.eu\/en\/privacy-politics\/\">Read More<\/a><\/p>\n","protected":false},"author":1,"featured_media":0,"parent":0,"menu_order":3,"comment_status":"closed","ping_status":"closed","template":"","meta":{"om_disable_all_campaigns":false,"_monsterinsights_skip_tracking":false,"_monsterinsights_sitenote_active":false,"_monsterinsights_sitenote_note":"","_monsterinsights_sitenote_category":0,"footnotes":""},"class_list":["post-13","page","type-page","status-publish","hentry"],"aioseo_notices":[],"_links":{"self":[{"href":"https:\/\/www.goodstore.eu\/en\/wp-json\/wp\/v2\/pages\/13"}],"collection":[{"href":"https:\/\/www.goodstore.eu\/en\/wp-json\/wp\/v2\/pages"}],"about":[{"href":"https:\/\/www.goodstore.eu\/en\/wp-json\/wp\/v2\/types\/page"}],"author":[{"embeddable":true,"href":"https:\/\/www.goodstore.eu\/en\/wp-json\/wp\/v2\/users\/1"}],"replies":[{"embeddable":true,"href":"https:\/\/www.goodstore.eu\/en\/wp-json\/wp\/v2\/comments?post=13"}],"version-history":[{"count":0,"href":"https:\/\/www.goodstore.eu\/en\/wp-json\/wp\/v2\/pages\/13\/revisions"}],"wp:attachment":[{"href":"https:\/\/www.goodstore.eu\/en\/wp-json\/wp\/v2\/media?parent=13"}],"curies":[{"name":"wp","href":"https:\/\/api.w.org\/{rel}","templated":true}]}}