
{"id":14,"date":"2017-10-03T10:41:31","date_gmt":"2017-10-03T10:41:31","guid":{"rendered":"http:\/\/127.0.0.1\/wp\/kauba-tagastamine\/"},"modified":"2017-10-03T10:41:31","modified_gmt":"2017-10-03T10:41:31","slug":"kauba-tagastamine","status":"publish","type":"page","link":"https:\/\/goodstore.eu\/en\/kauba-tagastamine\/","title":{"rendered":"Kauba tagastamine"},"content":{"rendered":"<p style=\"margin:0px;padding:5px 7px 0px;font-size:12px;border:0px;vertical-align:baseline;background-position:0px 0px;font-family:Arial, Helvetica, sans-serif;\"><span style=\"margin:0px;padding:0px;border:0px;vertical-align:baseline;background:0px 0px;font-weight:bold;\">T\u00fchistamise \u00f5igused tarbijale<\/span><\/p>\n<p style=\"margin:0px;padding:5px 7px 0px;font-size:12px;border:0px;vertical-align:baseline;background-position:0px 0px;font-family:Arial, Helvetica, sans-serif;\">(tarbija all m\u00f5eldakse individuaali, kes osaleb tehingus, mille sihiks pole kommerts, professionaalne ega \u00e4riline tegevus.)<\/p>\n<p style=\"margin:0px;padding:5px 7px 0px;font-size:12px;border:0px;vertical-align:baseline;background-position:0px 0px;font-family:Arial, Helvetica, sans-serif;\"><span style=\"margin:0px;padding:0px;border:0px;vertical-align:baseline;background:0px 0px;font-weight:bold;\">Tellimuse t\u00fchistamise tingimused<\/span><\/p>\n<p style=\"margin:0px;padding:5px 7px 0px;font-size:12px;border:0px;vertical-align:baseline;background-position:0px 0px;font-family:Arial, Helvetica, sans-serif;\"><span style=\"margin:0px;padding:0px;border:0px;vertical-align:baseline;background:0px 0px;font-weight:bold;\">T\u00fchistamise \u00f5igused<\/span><\/p>\n<p style=\"margin:0px;padding:5px 7px 0px;font-size:12px;border:0px;vertical-align:baseline;background-position:0px 0px;font-family:Arial, Helvetica, sans-serif;\">Teil on \u00f5igus t\u00fchistada see leping 14 p\u00e4eva jooksul, ilma selle p\u00f5jusele viitamata. T\u00fchistamise viivitus koosneb 14-st p\u00e4evast, alates p\u00e4evast kui olete tooted k\u00e4tte saanud (v\u00f5i \u00fcksk\u00f5ik milline kolmas osapool, kes pole teie toodete kohaletooja).<\/p>\n<p style=\"margin:0px;padding:5px 7px 0px;font-size:12px;border:0px;vertical-align:baseline;background-position:0px 0px;font-family:Arial, Helvetica, sans-serif;\">Palun pange t\u00e4hele, et saatmiskulud makstakse tagasi siis, kui kui oleme k\u00e4tte saanud k\u00f5ik Teie poolt tellitud tooted.<\/p>\n<p style=\"margin:0px;padding:5px 7px 0px;font-size:12px;border:0px;vertical-align:baseline;background-position:0px 0px;font-family:Arial, Helvetica, sans-serif;\">Et kasutada oma t\u00fchistus\u00f5igusi, peate meid teavitama (pood@goodstore.eu) tellimuse t\u00fchistamise kohta e-maili teel. Selle tegemiseks v\u00f5ite kasutada ka n\u00e4idisvormi, kuigi see pole kohustuslik.<\/p>\n<p style=\"margin:0px;padding:5px 7px 0px;font-size:12px;border:0px;vertical-align:baseline;background-position:0px 0px;font-family:Arial, Helvetica, sans-serif;\">Et taganemist\u00e4htajast kinnipidada on piisav, kui saadate oma taganemis\u00f5igusega teatise enne kui selleks etten\u00e4htud aeg on m\u00f6\u00f6dunud!<\/p>\n<p style=\"margin:0px;padding:5px 7px 0px;font-size:12px;border:0px;vertical-align:baseline;background-position:0px 0px;font-family:Arial, Helvetica, sans-serif;\"><span style=\"margin:0px;padding:0px;border:0px;vertical-align:baseline;background:0px 0px;font-weight:bold;\">T\u00fchistamise tagaj\u00e4rjed<\/span><\/p>\n<p style=\"margin:0px;padding:5px 7px 0px;font-size:12px;border:0px;vertical-align:baseline;background-position:0px 0px;font-family:Arial, Helvetica, sans-serif;\">Kui t\u00fchistate tellimuse, maksame Teile koheselt tagasi k\u00f5ik teiepoolsed kulud, 14 p\u00e4eva jooksul, alates hetkest kui oleme k\u00e4tte saanud teavituse, mis k\u00e4sitleb k\u00e4esoleva tellimuse t\u00fchistamist, kaasaarvatud saatekulud, v\u00e4ljaarvatud k\u00f5ik lisakulud seoses sellega, et olete valinud meie soovitatud saatmismeetodist erineva saatmismeetodi (standartne saatmine)! Maksame Teile raha tagasi sama meetodiga, millega meile maksite, kui just eelnevalt pole t\u00e4psustatud teisiti. Igatahes ei kanna klient tagasimaksmise k\u00e4igus mitte mingeid lisakulusid.<\/p>\n<p style=\"margin:0px;padding:5px 7px 0px;font-size:12px;border:0px;vertical-align:baseline;background-position:0px 0px;font-family:Arial, Helvetica, sans-serif;\"><span style=\"margin:0px;padding:0px;border:0px;vertical-align:baseline;background:0px 0px;font-weight:bold;\">Seoses tagasisaadetud Toodetega<\/span><\/p>\n<p style=\"margin:0px;padding:5px 7px 0px;font-size:12px;border:0px;vertical-align:baseline;background-position:0px 0px;font-family:Arial, Helvetica, sans-serif;\">Me v\u00f5ime viivitada tagasimaksega seni kuni tooted on tagasi meie aadressile j\u00f5udnud v\u00f5i kuni t\u00f5estate, et tooted on meile saadetud, olenevalt sellest, kumb teavitus varem j\u00f5uab.<\/p>\n<p style=\"margin:0px;padding:5px 7px 0px;font-size:12px;border:0px;vertical-align:baseline;background-position:0px 0px;font-family:Arial, Helvetica, sans-serif;\">Olete kohustatud saatma tooted tagasi 14 p\u00e4eva jooksul, alates p\u00e4evast kui andsite meile teada otsusest t\u00fchistada tellimus firmalt. Tingimused loetakse t\u00e4idetuks siis, kui saadate tooted tagasi enne m\u00e4rgitud kuup\u00e4eva. K\u00f5ik lisakulud, mis puudutavad tagasi saatmist peate tasuma Teie.<\/p>\n<p style=\"margin:0px;padding:5px 7px 0px;font-size:12px;border:0px;vertical-align:baseline;background-position:0px 0px;font-family:Arial, Helvetica, sans-serif;\"><span style=\"margin:0px;padding:0px;border:0px;vertical-align:baseline;background:0px 0px;font-weight:bold;\">Seoses Toodetega, mida pole v\u00f5imalik tagasi saata (n\u00e4iteks varuosad, mida on v\u00f5imatu pakkida)<\/span><\/p>\n<p style=\"margin:0px;padding:5px 7px 0px;font-size:12px;border:0px;vertical-align:baseline;background-position:0px 0px;font-family:Arial, Helvetica, sans-serif;\">Me kogume tooted ise kokku. Maksame tagasisaatmise kulud ise. Teie peate ainult maksma kaotatud v\u00e4\u00e4rtuse hinna, mis tuleneb osade kulumisest, ebap\u00e4devast paigaldamisest v\u00f5i kasutamisest.<\/p>\n<p style=\"margin:0px;padding:5px 7px 0px;font-size:12px;border:0px;vertical-align:baseline;background-position:0px 0px;font-family:Arial, Helvetica, sans-serif;\">&#8211; T\u00fchistustingimuste l\u00f5pp &#8211;<\/p>\n<p style=\"margin:0px;padding:5px 7px 0px;font-size:12px;border:0px;vertical-align:baseline;background-position:0px 0px;font-family:Arial, Helvetica, sans-serif;\"><span style=\"margin:0px;padding:0px;border:0px;vertical-align:baseline;background:0px 0px;font-weight:bold;\">T\u00fchistamise \u00f5iguse: Erandid<\/span><\/p>\n<p style=\"margin:0px;padding:5px 7px 0px;font-size:12px;border:0px;vertical-align:baseline;background-position:0px 0px;font-family:Arial, Helvetica, sans-serif;\">T\u00fchistamise \u00f5igus ei kehti j\u00e4rgnevat t\u00fc\u00fcpi lepingute korral: Selgelt personaliseeritud ja tarbijale kohandatud v\u00f5i valmistatud toodete lepingud.<\/p>\n<p style=\"margin:0px;padding:5px 7px 0px;font-size:12px;border:0px;vertical-align:baseline;background-position:0px 0px;font-family:Arial, Helvetica, sans-serif;\">Kaubatarnelepingud, kus sarnase olemusega tooted on p\u00e4rast saatmist omavahel segunenud v\u00f5i on saadetud omavahel eraldamata.<\/p>\n<p style=\"margin:0px;padding:5px 7px 0px;font-size:12px;border:0px;vertical-align:baseline;background-position:0px 0px;font-family:Arial, Helvetica, sans-serif;\"><span style=\"margin:0px;padding:0px;border:0px;vertical-align:baseline;background:0px 0px;font-weight:bold;\">T\u00fchistamise vorm: n\u00e4idis<\/span><\/p>\n<p style=\"margin:0px;padding:5px 7px 0px;font-size:12px;border:0px;vertical-align:baseline;background-position:0px 0px;font-family:Arial, Helvetica, sans-serif;\">(kui soovite t\u00fchistada tellimust, palun t\u00e4itke see vorm ja saatke see meile).<\/p>\n<p style=\"margin:0px;padding:5px 7px 0px;font-size:12px;border:0px;vertical-align:baseline;background-position:0px 0px;font-family:Arial, Helvetica, sans-serif;\">&#8211; Kellele: Palm &amp; Co O\u00dc, Kirde 9A, 11623 Tallinn, Eesti, EU, E-Mail: pood@goodstore.eu<\/p>\n<p style=\"margin:0px;padding:5px 7px 0px;font-size:12px;border:0px;vertical-align:baseline;background-position:0px 0px;font-family:Arial, Helvetica, sans-serif;\">&#8211; Sellest dokumendist tulenevalt soovin mina \/ meie t\u00fchistada lepingu, milles osteti j\u00e4rgnevad tooted (*) j\u00e4rgnevad teenused.<\/p>\n<p style=\"margin:0px;padding:5px 7px 0px;font-size:12px;border:0px;vertical-align:baseline;background-position:0px 0px;font-family:Arial, Helvetica, sans-serif;\">&#8211; Tellitud \/ K\u00e4tte saadud<\/p>\n<p style=\"margin:0px;padding:5px 7px 0px;font-size:12px;border:0px;vertical-align:baseline;background-position:0px 0px;font-family:Arial, Helvetica, sans-serif;\">&#8211; Tarbija nimi<\/p>\n<p style=\"margin:0px;padding:5px 7px 0px;font-size:12px;border:0px;vertical-align:baseline;background-position:0px 0px;font-family:Arial, Helvetica, sans-serif;\">&#8211; Tarbija aadress<\/p>\n<p style=\"margin:0px;padding:5px 7px 0px;font-size:12px;border:0px;vertical-align:baseline;background-position:0px 0px;font-family:Arial, Helvetica, sans-serif;\">&#8211; Tarbija allkiri (n\u00f5utud ainult paberi vormis)<\/p>\n<p style=\"margin:0px;padding:5px 7px 0px;font-size:12px;border:0px;vertical-align:baseline;background-position:0px 0px;font-family:Arial, Helvetica, sans-serif;\">&#8211; Kuup\u00e4ev<\/p>\n<p style=\"margin:0px;padding:5px 7px 0px;font-size:12px;border:0px;vertical-align:baseline;background-position:0px 0px;font-family:Arial, Helvetica, sans-serif;\">__________<br \/>(*) t\u00f5mmake maha kui see on t\u00e4htsusetu<\/p>\n","protected":false},"excerpt":{"rendered":"<p>&hellip; <a class=\"read-more-link\" href=\"https:\/\/goodstore.eu\/en\/kauba-tagastamine\/\">Read More<\/a><\/p>\n","protected":false},"author":1,"featured_media":0,"parent":0,"menu_order":2,"comment_status":"closed","ping_status":"closed","template":"","meta":{"om_disable_all_campaigns":false,"_monsterinsights_skip_tracking":false,"_monsterinsights_sitenote_active":false,"_monsterinsights_sitenote_note":"","_monsterinsights_sitenote_category":0,"footnotes":""},"class_list":["post-14","page","type-page","status-publish","hentry"],"aioseo_notices":[],"_links":{"self":[{"href":"https:\/\/goodstore.eu\/en\/wp-json\/wp\/v2\/pages\/14"}],"collection":[{"href":"https:\/\/goodstore.eu\/en\/wp-json\/wp\/v2\/pages"}],"about":[{"href":"https:\/\/goodstore.eu\/en\/wp-json\/wp\/v2\/types\/page"}],"author":[{"embeddable":true,"href":"https:\/\/goodstore.eu\/en\/wp-json\/wp\/v2\/users\/1"}],"replies":[{"embeddable":true,"href":"https:\/\/goodstore.eu\/en\/wp-json\/wp\/v2\/comments?post=14"}],"version-history":[{"count":0,"href":"https:\/\/goodstore.eu\/en\/wp-json\/wp\/v2\/pages\/14\/revisions"}],"wp:attachment":[{"href":"https:\/\/goodstore.eu\/en\/wp-json\/wp\/v2\/media?parent=14"}],"curies":[{"name":"wp","href":"https:\/\/api.w.org\/{rel}","templated":true}]}}