
{"id":3,"date":"2020-12-28T10:34:21","date_gmt":"2020-12-28T10:34:21","guid":{"rendered":"http:\/\/127.0.0.1\/wp\/?page_id=3"},"modified":"2024-03-15T14:45:56","modified_gmt":"2024-03-15T14:45:56","slug":"privacy-policy","status":"publish","type":"page","link":"https:\/\/goodstore.eu\/en\/privacy-policy\/","title":{"rendered":"Privacy Policy"},"content":{"rendered":"<p>Ostja annab selge ja teadliku n\u00f5usoleku Kaupmehele (Palm &amp; Co O\u00dc alias GoodStore) enda isikuandmete t\u00f6\u00f6tlemiseks. Tellimuse esitamisel Ostja poolt sisestatud isikuandmed kantakse\u00a0GoodStore kliendiregistrisse ning kasutatakse m\u00fc\u00fcgiteenuse osutamiseks ja kauba pakkumiseks Ostjale.<\/p>\r\n<p>Isikuandmete kaitse on tagatud turvameetmetega. Isikuandmed, mis on vajalikud kauba postitamiseks Ostjale edastatakse postitusteenust osutavatele ettev\u00f5ttetele.\u00a0GoodStore kohustub mitte edastama registreeritud isikuandmeid k\u00f5rvalistele isikutele v.a seadusega etten\u00e4htud juhtudel.<\/p>\r\n<p>Panga ja Ostja vaheline side on kaitstud SSL-turvaprotokolliga, mis tagab selle, et vahetatavat informatsiooni ei saa k\u00f5rvalised isikud pealt kuulata ega muuta. Panga ja Kaupmehe vahel liikuv informatsioon on varustatud digitaalsete kr\u00fcpteeringutega.<br \/><br \/><br \/><\/p><p>&nbsp;<\/p>\r\n<!-- Google Tag Manager -->\r\n<p><script>(function(w,d,s,l,i){w[l]=w[l]||[];w[l].push({'gtm.start':\r\nnew Date().getTime(),event:'gtm.js'});var f=d.getElementsByTagName(s)[0],\r\nj=d.createElement(s),dl=l!='dataLayer'?'&l='+l:'';j.async=true;j.src=\r\n'https:\/\/www.googletagmanager.com\/gtm.js?id='+i+dl;f.parentNode.insertBefore(j,f);\r\n})(window,document,'script','dataLayer','GTM-NNS5HDJ5');<\/script><\/p>\r\n<!-- End Google Tag Manager -->","protected":false},"excerpt":{"rendered":"<p>&hellip; <a class=\"read-more-link\" href=\"https:\/\/goodstore.eu\/en\/privacy-policy\/\">Read More<\/a><\/p>\n","protected":false},"author":1,"featured_media":0,"parent":0,"menu_order":0,"comment_status":"closed","ping_status":"open","template":"","meta":{"om_disable_all_campaigns":false,"_monsterinsights_skip_tracking":false,"_monsterinsights_sitenote_active":false,"_monsterinsights_sitenote_note":"","_monsterinsights_sitenote_category":0,"footnotes":""},"class_list":["post-3","page","type-page","status-publish","hentry"],"aioseo_notices":[],"_links":{"self":[{"href":"https:\/\/goodstore.eu\/en\/wp-json\/wp\/v2\/pages\/3"}],"collection":[{"href":"https:\/\/goodstore.eu\/en\/wp-json\/wp\/v2\/pages"}],"about":[{"href":"https:\/\/goodstore.eu\/en\/wp-json\/wp\/v2\/types\/page"}],"author":[{"embeddable":true,"href":"https:\/\/goodstore.eu\/en\/wp-json\/wp\/v2\/users\/1"}],"replies":[{"embeddable":true,"href":"https:\/\/goodstore.eu\/en\/wp-json\/wp\/v2\/comments?post=3"}],"version-history":[{"count":4,"href":"https:\/\/goodstore.eu\/en\/wp-json\/wp\/v2\/pages\/3\/revisions"}],"predecessor-version":[{"id":9313,"href":"https:\/\/goodstore.eu\/en\/wp-json\/wp\/v2\/pages\/3\/revisions\/9313"}],"wp:attachment":[{"href":"https:\/\/goodstore.eu\/en\/wp-json\/wp\/v2\/media?parent=3"}],"curies":[{"name":"wp","href":"https:\/\/api.w.org\/{rel}","templated":true}]}}