
{"id":1042,"date":"2019-01-19T18:26:18","date_gmt":"2019-01-19T18:26:18","guid":{"rendered":"http:\/\/127.0.0.1\/wp\/product\/hamster-konet-kordav-vaga-naljakas\/"},"modified":"2024-12-04T16:12:05","modified_gmt":"2024-12-04T16:12:05","slug":"hamster-konet-kordav-vaga-naljakas","status":"publish","type":"product","link":"https:\/\/goodstore.eu\/en\/shop\/hamster-konet-kordav-vaga-naljakas\/","title":{"rendered":"M\u00e4ngu hamster, k\u00f5net kordav, v\u00e4ga naljakas!"},"content":{"rendered":"<p><span class=\"tlid-translation translation\"><strong><span title=\"\">Pehme m\u00e4nguasi lastele<\/span><\/strong><\/span><\/p>\n<p><span title=\"\">Valmistusmaterjalid: valmistatud puuvillast, plastist ja v\u00e4ikestest metallosadest.<\/span><br \/>\n<span title=\"\">Toote\u00a0kategooria: M\u00e4nguasjad<\/span><br \/>\n<span title=\"\">Vanusevahemik: alates kolmandast eluaastast<\/span><br \/>\n<span title=\"\"><br \/>\n<span style=\"text-decoration: underline;\"><strong>Tehnilised andmed:<\/strong><\/span><\/span><\/p>\n<p><span title=\"\">Toiteallikas: 3 x AAA\u00a0patarei (ei kuulu komplekti, peab eraldi ostma)<\/span><br \/>\n<span title=\"\">Pinge: 1,5 V<\/span><br \/>\n<span title=\"\">Hamstri\u00a0m\u00f5\u00f5dud:\u00a0 umbes 12 x 15 x 13 cm<\/span><\/p>\n<p><span title=\"\"><strong><span style=\"color: #ff0005;\">Hoiatus:<\/span><\/strong> Hoida eemal kuumadest pindadest\/esemetest ja tulest<\/span><\/p>\n<p>&nbsp;<\/p>\n<p><iframe loading=\"lazy\" src=\"https:\/\/www.youtube.com\/embed\/mrOV5QPOruc\" width=\"480\" height=\"240\" frameborder=\"0\"><\/iframe><\/p>\n","protected":false},"excerpt":{"rendered":"<p><span class=\"tlid-translation translation\"><span title=\"\">See\u00a0pehme juttu kordav\u00a0hamster mitte ainult ei korda teie s\u00f5nu, vaid isegi kordab teie\u00a0h\u00e4\u00e4le intonatsiooni vastavalt teie omale, olenemata sellest, millises keeles te r\u00e4\u00e4gite!<\/span> <span title=\"\">See\u00a0erip\u00e4ra muudab m\u00e4nguasja veelgi l\u00f5busamaks!<\/span><\/span><\/p>\n<p><span title=\"\">Lapsed saavad selle kaasa v\u00f5tta k\u00f5ikjale kuhu nad l\u00e4hevad\u00a0ning s\u00f5pradega\u00a0m\u00e4ngimist rikastada just selle\u00a0laheda r\u00e4\u00e4kiva hamsteriga!<\/span><\/p>\n<p><span class=\"tlid-translation translation\"><span title=\"\">Igatahes on selle hamstriga\u00a0\u00e4\u00e4retult naljakas, vaadake allolevat videot ja veenduge ise&#8230;<\/span><\/span><\/p>\n","protected":false},"featured_media":1038,"comment_status":"open","ping_status":"closed","template":"","meta":{"om_disable_all_campaigns":false,"_monsterinsights_skip_tracking":false,"_monsterinsights_sitenote_active":false,"_monsterinsights_sitenote_note":"","_monsterinsights_sitenote_category":0},"product_cat":[34,37],"product_tag":[443],"class_list":{"0":"post-1042","1":"product","2":"type-product","3":"status-publish","4":"has-post-thumbnail","6":"product_cat-kingitused-ja-kingiideed","7":"product_cat-maenguasjad-ja-nutimaengud","8":"product_tag-mangu-hamster-konet-kordav-vaga-naljakas","11":"first","12":"instock","13":"sale","14":"taxable","15":"shipping-taxable","16":"purchasable","17":"product-type-simple"},"aioseo_notices":[],"_links":{"self":[{"href":"https:\/\/goodstore.eu\/en\/wp-json\/wp\/v2\/product\/1042"}],"collection":[{"href":"https:\/\/goodstore.eu\/en\/wp-json\/wp\/v2\/product"}],"about":[{"href":"https:\/\/goodstore.eu\/en\/wp-json\/wp\/v2\/types\/product"}],"replies":[{"embeddable":true,"href":"https:\/\/goodstore.eu\/en\/wp-json\/wp\/v2\/comments?post=1042"}],"wp:featuredmedia":[{"embeddable":true,"href":"https:\/\/goodstore.eu\/en\/wp-json\/wp\/v2\/media\/1038"}],"wp:attachment":[{"href":"https:\/\/goodstore.eu\/en\/wp-json\/wp\/v2\/media?parent=1042"}],"wp:term":[{"taxonomy":"product_cat","embeddable":true,"href":"https:\/\/goodstore.eu\/en\/wp-json\/wp\/v2\/product_cat?post=1042"},{"taxonomy":"product_tag","embeddable":true,"href":"https:\/\/goodstore.eu\/en\/wp-json\/wp\/v2\/product_tag?post=1042"}],"curies":[{"name":"wp","href":"https:\/\/api.w.org\/{rel}","templated":true}]}}