
{"id":111,"date":"2017-10-25T19:46:07","date_gmt":"2017-10-25T19:46:07","guid":{"rendered":"http:\/\/127.0.0.1\/wp\/product\/vintage-golden-glasses-suit-bag-tie-clip\/"},"modified":"2017-10-25T19:46:07","modified_gmt":"2017-10-25T19:46:07","slug":"vintage-golden-glasses-suit-bag-tie-clip","status":"publish","type":"product","link":"https:\/\/www.goodstore.eu\/en\/shop\/vintage-golden-glasses-suit-bag-tie-clip\/","title":{"rendered":"Moodsad kuldsed prillid r\u00f5iva v\u00f5i lipsun\u00f5elaks"},"content":{"rendered":"<div><span style=\"font-size:16px;\">Materjal:\u00a0Metall<\/span><\/div>\n<div><span style=\"font-size:16px;\">Toote\u00a0m\u00f5\u00f5dud:\u00a0<\/span><span style=\"font-size:16px;\">5,6cm x 0,7cm x 1,9cm<\/p>\n<p>Kasutusv\u00f5imalusi on mitmeid. Vaata fotosid! Ole stiilne!<\/span><\/div>\n","protected":false},"excerpt":{"rendered":"<p>Detailid teevad mehest mehe. Vii oma v\u00e4limus j\u00e4rgmisele levelile selle kuldse aksessuaariga!<br \/>Kanna seda \u00fclikonna rinnatasku servas, s\u00e4rgi v\u00f5i p\u00fckste k\u00fcljes.\u00a0<br \/>V\u00e4ga\u00a0soliidne \u00fclikonna, koti v\u00f5i lipsun\u00f5el, mis on ilus mitte ainult fotol vaid ka f\u00fc\u00fcsilisel kujul! <br \/>V\u00e4ga hea ja kvaliteetne aksessuaar, mis on valmistatud tugevast metallisulamist.<\/p>\n","protected":false},"featured_media":104,"comment_status":"open","ping_status":"closed","template":"","meta":{"om_disable_all_campaigns":false,"_monsterinsights_skip_tracking":false,"_monsterinsights_sitenote_active":false,"_monsterinsights_sitenote_note":"","_monsterinsights_sitenote_category":0},"product_cat":[34,36],"product_tag":[],"class_list":{"0":"post-111","1":"product","2":"type-product","3":"status-publish","4":"has-post-thumbnail","6":"product_cat-kingitused-ja-kingiideed","7":"product_cat-stiil-ja-mood","10":"first","11":"instock","12":"taxable","13":"shipping-taxable","14":"purchasable","15":"product-type-simple"},"aioseo_notices":[],"_links":{"self":[{"href":"https:\/\/www.goodstore.eu\/en\/wp-json\/wp\/v2\/product\/111"}],"collection":[{"href":"https:\/\/www.goodstore.eu\/en\/wp-json\/wp\/v2\/product"}],"about":[{"href":"https:\/\/www.goodstore.eu\/en\/wp-json\/wp\/v2\/types\/product"}],"replies":[{"embeddable":true,"href":"https:\/\/www.goodstore.eu\/en\/wp-json\/wp\/v2\/comments?post=111"}],"wp:featuredmedia":[{"embeddable":true,"href":"https:\/\/www.goodstore.eu\/en\/wp-json\/wp\/v2\/media\/104"}],"wp:attachment":[{"href":"https:\/\/www.goodstore.eu\/en\/wp-json\/wp\/v2\/media?parent=111"}],"wp:term":[{"taxonomy":"product_cat","embeddable":true,"href":"https:\/\/www.goodstore.eu\/en\/wp-json\/wp\/v2\/product_cat?post=111"},{"taxonomy":"product_tag","embeddable":true,"href":"https:\/\/www.goodstore.eu\/en\/wp-json\/wp\/v2\/product_tag?post=111"}],"curies":[{"name":"wp","href":"https:\/\/api.w.org\/{rel}","templated":true}]}}