
{"id":1124,"date":"2019-02-03T21:48:55","date_gmt":"2019-02-03T21:48:55","guid":{"rendered":"http:\/\/127.0.0.1\/wp\/product\/maelupulk-saab-logo-mahutavusega-kuni-16gb-punase-led-valgustusega\/"},"modified":"2019-02-03T21:48:55","modified_gmt":"2019-02-03T21:48:55","slug":"maelupulk-saab-logo-mahutavusega-kuni-16gb-punase-led-valgustusega","status":"publish","type":"product","link":"https:\/\/www.goodstore.eu\/en\/shop\/maelupulk-saab-logo-mahutavusega-kuni-16gb-punase-led-valgustusega\/","title":{"rendered":"M\u00e4lupulk SAAB Logo, mahutavusega kuni 16GB, punase LED valgustusega"},"content":{"rendered":"<p>Kasutatud materjal: Metalli sulam<\/p>\n<p>V\u00e4rvus: Poleeritud l\u00e4ikiv\u00a0kroom<\/p>\n<p>Liidese t\u00fc\u00fcp: USB 2.0 &amp; USB 3.0<\/p>\n<p>LED valgusti v\u00e4rvus: Valge l\u00e4bipaistvas \u00fcmmarguses aknas<\/p>\n<p>Andmejagamise kiirus:\u00a0 15 -25MB\/S<\/p>\n<p>Andmekirjutuse kiirus:\u00a0 5 -6MB\/S<\/p>\n<p>M\u00f5\u00f5dud:\u00a0 60 x 30 x 14 x 7mm<\/p>\n<p>Toote kaal: 28 grammi<\/p>\n<p>Pakend sisaldab:\u00a0 1 tk &#8220;SAAB Logo&#8221; m\u00e4lupulk.<\/p>\n","protected":false},"excerpt":{"rendered":"<p>SAAB on surnud, elagu SAAB!\u00a0<\/p>\n<p>SAAB-if\u00e4nnil on j\u00e4rjest raskem leida n\u00e4gusat ja vastupidavat v\u00f5tmehoidjat, kuna br\u00e4nd ise enam n\u00e4nni tootmisest huvitatud pole.<\/p>\n<p>Siin on n\u00fc\u00fcd v\u00f5imalus, mida ei tasu naljalt k\u00e4est lasta!<\/p>\n<p>See on v\u00e4ga huvitav Saabi temaatiline vidin, ideaalne kingitus k\u00f5igile neile, kes armastavad Saabi autosid.<\/p>\n<p>Ilus 16GB USB-m\u00e4lupulk, mida on lihtne \u00fchendada oma arvuti, Mac-i v\u00f5i tahvliga.<\/p>\n<p>Mugav ja huvitav viis oma Saabi m\u00e4lestuste kaasas kandmiseks.<\/p>\n<p>Uus toode, k\u00f5rge kvaliteediga ning silmatorkavalt ilus.<\/p>\n<p>Toodetud eritellimusena piiratud koguses.<\/p>\n<p><span class=\"tlid-translation translation\"><span title=\"\">L\u00f6\u00f6gi ja elektromagneti kindel.<\/span><\/p>\n<p><span title=\"\">Praktiline, vastupidav ja usaldusv\u00e4\u00e4rne andmekandja.<\/span><\/p>\n<p><span title=\"\">Kiire andmete\u00a0edastamine\u00a0ja lugemine.<\/span><\/span><\/p>\n","protected":false},"featured_media":1122,"comment_status":"open","ping_status":"closed","template":"","meta":{"om_disable_all_campaigns":false,"_monsterinsights_skip_tracking":false,"_monsterinsights_sitenote_active":false,"_monsterinsights_sitenote_note":"","_monsterinsights_sitenote_category":0},"product_cat":[34],"product_tag":[],"class_list":{"0":"post-1124","1":"product","2":"type-product","3":"status-publish","4":"has-post-thumbnail","6":"product_cat-kingitused-ja-kingiideed","9":"first","10":"instock","11":"taxable","12":"shipping-taxable","13":"purchasable","14":"product-type-simple"},"aioseo_notices":[],"_links":{"self":[{"href":"https:\/\/www.goodstore.eu\/en\/wp-json\/wp\/v2\/product\/1124"}],"collection":[{"href":"https:\/\/www.goodstore.eu\/en\/wp-json\/wp\/v2\/product"}],"about":[{"href":"https:\/\/www.goodstore.eu\/en\/wp-json\/wp\/v2\/types\/product"}],"replies":[{"embeddable":true,"href":"https:\/\/www.goodstore.eu\/en\/wp-json\/wp\/v2\/comments?post=1124"}],"wp:featuredmedia":[{"embeddable":true,"href":"https:\/\/www.goodstore.eu\/en\/wp-json\/wp\/v2\/media\/1122"}],"wp:attachment":[{"href":"https:\/\/www.goodstore.eu\/en\/wp-json\/wp\/v2\/media?parent=1124"}],"wp:term":[{"taxonomy":"product_cat","embeddable":true,"href":"https:\/\/www.goodstore.eu\/en\/wp-json\/wp\/v2\/product_cat?post=1124"},{"taxonomy":"product_tag","embeddable":true,"href":"https:\/\/www.goodstore.eu\/en\/wp-json\/wp\/v2\/product_tag?post=1124"}],"curies":[{"name":"wp","href":"https:\/\/api.w.org\/{rel}","templated":true}]}}