
{"id":1143,"date":"2019-02-08T21:03:45","date_gmt":"2019-02-08T21:03:45","guid":{"rendered":"http:\/\/127.0.0.1\/wp\/product\/lipsunoel-noodivotmega-poleeritud-hobedane\/"},"modified":"2025-02-15T19:15:37","modified_gmt":"2025-02-15T19:15:37","slug":"lipsunoel-noodivotmega-poleeritud-hobedane","status":"publish","type":"product","link":"https:\/\/goodstore.eu\/en\/shop\/lipsunoel-noodivotmega-poleeritud-hobedane\/","title":{"rendered":"Lipsun\u00f5el, noodiv\u00f5tmega, poleeritud h\u00f5bedane"},"content":{"rendered":"<p><\/p>\n<div><span style=\"font-size:16px;\"><span style=\"font-size:16px;\"><\/span><\/span> <\/p>\n<div><span style=\"font-size:16px;\">Kaunistab igat \u00fclikonna ja lipsuga meest!<\/p>\n<p>Toote t\u00fc\u00fcp:\u00a0Meeste aksessuaar<br \/><\/span><span><span style=\"color:#000000;\"><span style=\"font-family:Verdana, Arial, Helvetica, sans-serif;\"><span style=\"font-size:12pt;\">Mater<\/span><\/span><\/span><\/span><span><span style=\"color:#000000;\"><span style=\"font-family:Verdana, Arial, Helvetica, sans-serif;\"><span style=\"font-size:12pt;\">j<\/span><\/span><\/span><\/span><span><span style=\"color:#000000;\"><span style=\"font-family:Verdana, Arial, Helvetica, sans-serif;\"><span style=\"font-size:12pt;\">al: Roostevaba teras, poleeritud<\/span><\/span><\/span><\/span><span><span style=\"color:#000000;\"><span style=\"font-family:Verdana, Arial, Helvetica, sans-serif;\"><span style=\"font-size:12pt;\"><br \/><\/span><\/span><\/span><\/span><span><span style=\"color:#000000;\"><span style=\"font-family:Verdana, Arial, Helvetica, sans-serif;\"><span style=\"font-size:12pt;\">Pakend sisaldab<\/span><\/span><\/span><\/span><span><span style=\"color:#000000;\"><span style=\"font-family:Verdana, Arial, Helvetica, sans-serif;\"><span style=\"font-size:12pt;\">: 1 x viiuliv\u00f5tmekujuline\u00a0lipsun\u00f5el<\/span><\/span><\/span><\/span><span><span style=\"color:#000000;\"><span style=\"font-family:Verdana, Arial, Helvetica, sans-serif;\"><span style=\"font-size:12pt;\"><br \/><\/span><\/span><\/span><\/span><span><span style=\"color:#000000;\"><span style=\"font-family:Verdana, Arial, Helvetica, sans-serif;\"><span style=\"font-size:12pt;\">Kuju<\/span><\/span><\/span><\/span><span><span style=\"color:#000000;\"><span style=\"font-family:Verdana, Arial, Helvetica, sans-serif;\"><span style=\"font-size:12pt;\">: Noodiv\u00f5tmekujuline\u00a0lipsun\u00f5el (ilma kinkekarbita)<\/span><\/span><\/span><\/span><span><span style=\"color:#000000;\"><span style=\"font-family:Verdana, Arial, Helvetica, sans-serif;\"><span style=\"font-size:12pt;\"><br \/><\/span><\/span><\/span><\/span><span><span><span style=\"font-size:12pt;\">Toote m\u00f5\u00f5dud<\/span><\/span><\/span><span><span><span style=\"font-size:12pt;\">\u00a0(<\/span><\/span><\/span><span><span><span style=\"font-size:12pt;\">P<\/span><\/span><\/span><span><span><span style=\"font-size:12pt;\">\u00a0x\u00a0<\/span><\/span><\/span><span><span><span style=\"font-size:12pt;\">L<\/span><\/span><\/span><span><span><span><span style=\"font-size:12pt;\">): 6<\/span><span style=\"font-size:16px;\">.40 x 1.90 cm<\/span><\/span><\/span><\/span><span><span style=\"color:#000000;\"><span style=\"font-family:Verdana, Arial, Helvetica, sans-serif;\"><span style=\"font-size:12pt;\"><br \/><\/span><\/span><\/span><\/span><span><span style=\"color:#000000;\"><span style=\"font-family:Verdana, Arial, Helvetica, sans-serif;\"><span style=\"font-size:12pt;\">Toote kaal \/ 1 lipsun\u00f5el<\/span><\/span><\/span><\/span><span><span style=\"color:#000000;\"><span style=\"font-family:Verdana, Arial, Helvetica, sans-serif;\"><span style=\"font-size:12pt;\"><span style=\"font-size:12pt;\">:\u00a011\u00a0grammi\u00a0<\/span><\/p>\n<p><\/span><\/span><\/span><\/span><\/div>\n<div>\n<p><span style=\"font-size:12pt;\"><span lang=\"et-ee\" xml:lang=\"et-ee\"><span style=\"text-decoration:underline;\"><b>P\u00f5hio<\/b><\/span><\/span><\/span><span style=\"font-size:12pt;\"><span lang=\"et-ee\" xml:lang=\"et-ee\"><span style=\"text-decoration:underline;\"><b>madus<\/b><\/span><\/span><\/span><span style=\"font-size:12pt;\"><span lang=\"et-ee\" xml:lang=\"et-ee\"><span style=\"text-decoration:underline;\"><b>ed:<\/b><\/span><\/span><\/span><span style=\"font-size:12pt;\"><span lang=\"et-ee\" xml:lang=\"et-ee\"><\/p>\n<p> \u25cf\u00a0Noodiv\u00f5tme kujulise kaunistusega<\/span><\/span><span style=\"font-size:12pt;\"><span lang=\"et-ee\" xml:lang=\"et-ee\"><br \/><\/span><\/span><span style=\"font-size:12pt;\"><span lang=\"et-ee\" xml:lang=\"et-ee\">\u25cf Valmistatud vastupidavast roostevabast terasest<br \/><\/span><\/span><span style=\"font-size:12pt;\"><span lang=\"et-ee\" xml:lang=\"et-ee\"><span style=\"font-size:16px;\">\u25cf\u00a0Peegell\u00e4ikivaks poleeritud<\/span><br \/><span style=\"font-size:12pt;\"> \u25cf Sobib k\u00f5igile lipsu kandvatele inimestele<\/span><\/span><\/span><\/p>\n<\/p><\/div><\/div>\n<p><\/p>","protected":false},"excerpt":{"rendered":"<p>Hea v\u00f5imalus ilma s\u00f5nadeta anda\u00a0edasi seda, mis on sinu elus t\u00e4htis!<\/p>\n<p>See pole mingi tavaline lipsun\u00f5el! Sellega kaasneb positiivne emotsioon, loomingulisus.\u00a0<\/p>\n<p>\u00c4ra pikalt otsi &#8211; siin on sulle\u00a0suurep\u00e4rase disaini ja teostusega kingitus inimesele, kes armastab muusikat!<\/p>\n<p>\u00dcks p\u00e4ev on j\u00e4lle ilusam!<\/p>\n<p><\/p><\/p>\n","protected":false},"featured_media":1138,"comment_status":"open","ping_status":"closed","template":"","meta":{"om_disable_all_campaigns":false,"_monsterinsights_skip_tracking":false,"_monsterinsights_sitenote_active":false,"_monsterinsights_sitenote_note":"","_monsterinsights_sitenote_category":0},"product_cat":[31,32,39,34],"product_tag":[],"class_list":{"0":"post-1143","1":"product","2":"type-product","3":"status-publish","4":"has-post-thumbnail","6":"product_cat-avalehele","7":"product_cat-kodusisustus","8":"product_cat-muusika-temaatilised-tooted","9":"product_cat-kingitused-ja-kingiideed","12":"first","13":"instock","14":"taxable","15":"shipping-taxable","16":"purchasable","17":"product-type-simple"},"aioseo_notices":[],"_links":{"self":[{"href":"https:\/\/goodstore.eu\/en\/wp-json\/wp\/v2\/product\/1143"}],"collection":[{"href":"https:\/\/goodstore.eu\/en\/wp-json\/wp\/v2\/product"}],"about":[{"href":"https:\/\/goodstore.eu\/en\/wp-json\/wp\/v2\/types\/product"}],"replies":[{"embeddable":true,"href":"https:\/\/goodstore.eu\/en\/wp-json\/wp\/v2\/comments?post=1143"}],"wp:featuredmedia":[{"embeddable":true,"href":"https:\/\/goodstore.eu\/en\/wp-json\/wp\/v2\/media\/1138"}],"wp:attachment":[{"href":"https:\/\/goodstore.eu\/en\/wp-json\/wp\/v2\/media?parent=1143"}],"wp:term":[{"taxonomy":"product_cat","embeddable":true,"href":"https:\/\/goodstore.eu\/en\/wp-json\/wp\/v2\/product_cat?post=1143"},{"taxonomy":"product_tag","embeddable":true,"href":"https:\/\/goodstore.eu\/en\/wp-json\/wp\/v2\/product_tag?post=1143"}],"curies":[{"name":"wp","href":"https:\/\/api.w.org\/{rel}","templated":true}]}}