
{"id":1152,"date":"2019-02-08T22:12:29","date_gmt":"2019-02-08T22:12:29","guid":{"rendered":"http:\/\/127.0.0.1\/wp\/product\/bolo-prosslips-kitarripea-kujuline-kaelaehe-hobedane\/"},"modified":"2023-12-30T17:21:37","modified_gmt":"2023-12-30T17:21:37","slug":"bolo-prosslips-kitarripea-kujuline-kaelaehe-hobedane","status":"publish","type":"product","link":"https:\/\/goodstore.eu\/en\/shop\/bolo-prosslips-kitarripea-kujuline-kaelaehe-hobedane\/","title":{"rendered":"Bolo prosslips, kitarripea kujuline kaelaehe, h\u00f5bedane"},"content":{"rendered":"<p><\/p>\n<div>\n<p><span style=\"font-size: 16px;\">Kaunistab iga\u00fcht kes seda kannab!<\/span><\/p>\n<p><span style=\"font-size: 12pt;\"><span lang=\"et-ee\" xml:lang=\"et-ee\"><span style=\"text-decoration: underline;\"><b>P\u00f5hio<\/b><\/span><\/span><\/span><span style=\"font-size: 12pt;\"><span lang=\"et-ee\" xml:lang=\"et-ee\"><span style=\"text-decoration: underline;\"><b>madus<\/b><\/span><\/span><\/span><span style=\"font-size: 12pt;\"><span lang=\"et-ee\" xml:lang=\"et-ee\"><span style=\"text-decoration: underline;\"><b>ed:<\/b><\/span><\/span><\/span><\/p>\n<\/div>\n<div>\n<p><span style=\"font-size: 16px;\">100% uus<\/span><\/p>\n<p><span style=\"font-size: 16px;\">T\u00fc\u00fcp: Bolo\u00a0Pross r\u00f5iva aksessuaar<\/span><\/p>\n<p><span style=\"font-size: 16px;\">P\u00f5hiv\u00e4rvid: must + h\u00f5bedane + kuld<\/span><\/p>\n<p><span style=\"font-size: 16px;\">Nahkse punutud paela\u00a0pikkus: umbes 96 cm (reguleeritav)<\/span><\/p>\n<p><span style=\"font-size: 16px;\">Nahkse punutud paela\u00a0l\u00e4bim\u00f5\u00f5t: umbes 0,4 cm<\/span><\/p>\n<p><span style=\"font-size: 16px;\">Bolo ripatsi m\u00f5\u00f5tmed (pikkus x laius): ca. 5,0 x 4,0 cm<\/span><\/p>\n<p><span style=\"font-size: 16px;\">Metallist\u00a0paelaotste\u00a0pikkus: ca. 4,5 cm<\/span><\/p>\n<p><span style=\"font-size: 16px;\">Kasutatud materjalid: tsingisulam, nahk<\/span><\/p>\n<p><span style=\"font-size: 16px;\">Toote kaal: 65 grammi<\/span><\/p>\n<p><span style=\"font-size: 16px;\">Pakendi sisu: 1 x\u00a0kitarripea kujuline bolo\u00a0prosslips<\/span><\/p>\n<p><strong><span style=\"font-size: 16px;\">Omadused:<\/span><\/strong><\/p>\n<p><span style=\"font-size: 16px;\">Ilusad vintage Bolo Tie, mustade nahast\u00a0punupaelte ja metallist kaunistatud h\u00f5bedakarva otstega.<\/span><\/p>\n<p><span style=\"font-size: 16px;\">Liuguriga klamber tagak\u00fcljel, et\u00a0lipsupaelasid oleks lihtne reguleerida.<\/span><\/p>\n<p><span style=\"font-size: 16px;\">Sobib kasutamiseks erinevate r\u00f5ivastiilidega.<\/span><\/p>\n<p><span style=\"font-size: 16px;\">Ideaalne aksessuaar nii meestele kui naistele.<\/span><\/p>\n<p><span style=\"font-size: 16px;\">Sobib igap\u00e4evaseks kasutamiseks v\u00f5i\u00a0\u00fcksk\u00f5ik millise s\u00fcndmuse puhul, eriti aga kauboi v\u00f5i kantri stiilis \u00fcritustel kandmiseks.<\/span><\/p>\n<\/div>\n<p><\/p>","protected":false},"excerpt":{"rendered":"<p>Hea v\u00f5imalus ilma s\u00f5nadeta anda\u00a0edasi seda, mis on sinu elus t\u00e4htis!<\/p>\n<p>See pole mingi tavaline Bolo pross! Sellega kaasneb positiivne emotsioon.<\/p>\n<p>Pilkup\u00fc\u00fcdvalt \u00e4geda v\u00e4limusega ja teavitab k\u00f5igile selle kandja stiilikusest!<\/p>\n<p>\u00c4ra pikalt otsi &#8211; siin on sulle\u00a0suurep\u00e4rase disaini ja teostusega kingitus inimesele, kes armastab muusikat!<\/p>\n<p>\u00dcks p\u00e4ev on j\u00e4lle ilusam!<\/p>\n<p>&nbsp;<\/p>\n","protected":false},"featured_media":1144,"comment_status":"open","ping_status":"closed","template":"","meta":{"om_disable_all_campaigns":false,"_monsterinsights_skip_tracking":false,"_monsterinsights_sitenote_active":false,"_monsterinsights_sitenote_note":"","_monsterinsights_sitenote_category":0},"product_cat":[31,40,39,34,36,38],"product_tag":[],"class_list":{"0":"post-1152","1":"product","2":"type-product","3":"status-publish","4":"has-post-thumbnail","6":"product_cat-avalehele","7":"product_cat-lipsud-lipsukomplektid-ja-erilised-lipsud","8":"product_cat-muusika-temaatilised-tooted","9":"product_cat-kingitused-ja-kingiideed","10":"product_cat-stiil-ja-mood","11":"product_cat-lipsud-komplektid-ja-erilised-lipsud","14":"first","15":"instock","16":"taxable","17":"shipping-taxable","18":"purchasable","19":"product-type-simple"},"aioseo_notices":[],"_links":{"self":[{"href":"https:\/\/goodstore.eu\/en\/wp-json\/wp\/v2\/product\/1152"}],"collection":[{"href":"https:\/\/goodstore.eu\/en\/wp-json\/wp\/v2\/product"}],"about":[{"href":"https:\/\/goodstore.eu\/en\/wp-json\/wp\/v2\/types\/product"}],"replies":[{"embeddable":true,"href":"https:\/\/goodstore.eu\/en\/wp-json\/wp\/v2\/comments?post=1152"}],"wp:featuredmedia":[{"embeddable":true,"href":"https:\/\/goodstore.eu\/en\/wp-json\/wp\/v2\/media\/1144"}],"wp:attachment":[{"href":"https:\/\/goodstore.eu\/en\/wp-json\/wp\/v2\/media?parent=1152"}],"wp:term":[{"taxonomy":"product_cat","embeddable":true,"href":"https:\/\/goodstore.eu\/en\/wp-json\/wp\/v2\/product_cat?post=1152"},{"taxonomy":"product_tag","embeddable":true,"href":"https:\/\/goodstore.eu\/en\/wp-json\/wp\/v2\/product_tag?post=1152"}],"curies":[{"name":"wp","href":"https:\/\/api.w.org\/{rel}","templated":true}]}}