
{"id":1161,"date":"2019-02-09T18:33:41","date_gmt":"2019-02-09T18:33:41","guid":{"rendered":"http:\/\/127.0.0.1\/wp\/product\/tass-batman-koos-lusikaga-keraamiline-stiilne-musta-vaervi\/"},"modified":"2025-08-18T19:06:37","modified_gmt":"2025-08-18T19:06:37","slug":"tass-batman-koos-lusikaga-keraamiline-stiilne-musta-vaervi","status":"publish","type":"product","link":"https:\/\/goodstore.eu\/en\/shop\/tass-batman-koos-lusikaga-keraamiline-stiilne-musta-vaervi\/","title":{"rendered":"Tass Batman koos lusikaga, keraamiline, stiilne (musta v\u00e4rvi)"},"content":{"rendered":"<div><span style=\"font-size:16px;\"><span style=\"font-size:16px;\"><\/span><\/span> <\/p>\n<div><span style=\"font-size:16px;\">Sobib koduseks kasutuseks; vesi-piim-tee-kohvi vedelikele<\/p>\n<p>Toote t\u00fc\u00fcp: Kuuma joogi kruus<br \/><\/span><span><span style=\"color:#000000;\"><span style=\"font-family:Verdana, Arial, Helvetica, sans-serif;\"><span style=\"font-size:12pt;\">Mater<\/span><\/span><\/span><\/span><span><span style=\"color:#000000;\"><span style=\"font-family:Verdana, Arial, Helvetica, sans-serif;\"><span style=\"font-size:12pt;\">j<\/span><\/span><\/span><\/span><span><span style=\"color:#000000;\"><span style=\"font-family:Verdana, Arial, Helvetica, sans-serif;\"><span style=\"font-size:12pt;\">al: <\/span><\/span><\/span><\/span><span><span style=\"color:#000000;\"><span style=\"font-family:Verdana, Arial, Helvetica, sans-serif;\"><span style=\"font-size:12pt;\">Keraamika<br \/>Kingitusena kaasas roostevabast terasest labidakujuline teelusikas<br \/><\/span><\/span><\/span><\/span><span><span style=\"color:#000000;\"><span style=\"font-family:Verdana, Arial, Helvetica, sans-serif;\"><span style=\"font-size:12pt;\">Pakend sisaldab<\/span><\/span><\/span><\/span><span><span style=\"color:#000000;\"><span style=\"font-family:Verdana, Arial, Helvetica, sans-serif;\"><span style=\"font-size:12pt;\">: 1 x\u00a0Maskuliinne\u00a0Batmani temaatline kohvikruus ja 1 roostevabast terasest labidakujuline teelusikas<\/span><\/span><\/span><\/span><span><span style=\"color:#000000;\"><span style=\"font-family:Verdana, Arial, Helvetica, sans-serif;\"><span style=\"font-size:12pt;\"><br \/><\/span><\/span><\/span><\/span><span><span style=\"color:#000000;\"><span style=\"font-family:Verdana, Arial, Helvetica, sans-serif;\"><span style=\"font-size:12pt;\">Omadus<\/span><\/span><\/span><\/span><span><span style=\"color:#000000;\"><span style=\"font-family:Verdana, Arial, Helvetica, sans-serif;\"><span style=\"font-size:12pt;\">: <\/span><\/span><\/span><\/span><span><span style=\"color:#000000;\"><span style=\"font-family:Verdana, Arial, Helvetica, sans-serif;\"><span style=\"font-size:12pt;\">Looduss\u00f5bralik, tervisele kahjutu, toiduainetele sobiv<br \/><\/span><\/span><\/span><\/span><span><span style=\"color:#000000;\"><span style=\"font-family:Verdana, Arial, Helvetica, sans-serif;\"><span style=\"font-size:12pt;\">Kuju<\/span><\/span><\/span><\/span><span><span style=\"color:#000000;\"><span style=\"font-family:Verdana, Arial, Helvetica, sans-serif;\"><span style=\"font-size:12pt;\">: S<\/span><\/span><\/span><\/span><span><span style=\"color:#000000;\"><span style=\"font-family:Verdana, Arial, Helvetica, sans-serif;\"><span style=\"font-size:12pt;\">angaga tass<br \/><\/span><\/span><\/span><\/span><span><span style=\"color:#000000;\"><span style=\"font-family:Verdana, Arial, Helvetica, sans-serif;\"><span style=\"font-size:12pt;\">Tassi mahtuvus<\/span><\/span><\/span><\/span><span><span style=\"color:#000000;\"><span style=\"font-family:Verdana, Arial, Helvetica, sans-serif;\"><span style=\"font-size:12pt;\">: 320ml <\/span><\/span><\/span><\/span><span><span style=\"color:#000000;\"><span style=\"font-family:Verdana, Arial, Helvetica, sans-serif;\"><span style=\"font-size:12pt;\"><span style=\"font-size:12pt;\">igap\u00e4evaseks kasutamiseks<\/span><br \/><span style=\"font-size:16px;\">Tassi suu diameeter 10 cm<\/span><br \/><\/span><\/span><\/span><\/span><\/div>\n<div><span><span style=\"color:#000000;\"><span style=\"font-family:Verdana, Arial, Helvetica, sans-serif;\"><span style=\"font-size:12pt;\">Toote m\u00f5\u00f5dud<\/span><\/span><\/span><\/span><span><span style=\"color:#000000;\"><span style=\"font-family:Verdana, Arial, Helvetica, sans-serif;\"><span style=\"font-size:12pt;\"> (K\u00f5rgus<\/span><\/span><\/span><\/span><span><span style=\"color:#000000;\"><span style=\"font-family:Verdana, Arial, Helvetica, sans-serif;\"><span style=\"font-size:12pt;\">\u00a0x Diameeter<\/span><\/span><\/span><\/span><span><span style=\"color:#000000;\"><span style=\"font-family:Verdana, Arial, Helvetica, sans-serif;\"><span style=\"font-size:12pt;\">\u00a0x Diameeter koos sangaga<\/span><\/span><\/span><\/span><span><span style=\"color:#000000;\"><span style=\"font-family:Verdana, Arial, Helvetica, sans-serif;\"><span style=\"font-size:12pt;\">): 10.00 x 8.20 x 13.00 cm<br \/><\/span><\/span><\/span><\/span><span><span style=\"color:#000000;\"><span style=\"font-family:Verdana, Arial, Helvetica, sans-serif;\"><span style=\"font-size:12pt;\">Pakendi m\u00f5\u00f5dud<\/span><\/span><\/span><\/span><span><span style=\"color:#000000;\"><span style=\"font-family:Verdana, Arial, Helvetica, sans-serif;\"><span style=\"font-size:12pt;\"> (<\/span><\/span><\/span><\/span><span><span style=\"color:#000000;\"><span style=\"font-family:Verdana, Arial, Helvetica, sans-serif;\"><span style=\"font-size:12pt;\">P<\/span><\/span><\/span><\/span><span><span style=\"color:#000000;\"><span style=\"font-family:Verdana, Arial, Helvetica, sans-serif;\"><span style=\"font-size:12pt;\"> x <\/span><\/span><\/span><\/span><span><span style=\"color:#000000;\"><span style=\"font-family:Verdana, Arial, Helvetica, sans-serif;\"><span style=\"font-size:12pt;\">L<\/span><\/span><\/span><\/span><span><span style=\"color:#000000;\"><span style=\"font-family:Verdana, Arial, Helvetica, sans-serif;\"><span style=\"font-size:12pt;\"> x <\/span><\/span><\/span><\/span><span><span style=\"color:#000000;\"><span style=\"font-family:Verdana, Arial, Helvetica, sans-serif;\"><span style=\"font-size:12pt;\">K<\/span><\/span><\/span><\/span><span><span style=\"color:#000000;\"><span style=\"font-family:Verdana, Arial, Helvetica, sans-serif;\"><span style=\"font-size:12pt;\">): 14.00 x 10.50 x 9.50 cm<br \/><\/span><\/span><\/span><\/span><span><span style=\"color:#000000;\"><span style=\"font-family:Verdana, Arial, Helvetica, sans-serif;\"><span style=\"font-size:12pt;\">Pakendi brutokaal<\/span><\/span><\/span><\/span><span><span style=\"color:#000000;\"><span style=\"font-family:Verdana, Arial, Helvetica, sans-serif;\"><span style=\"font-size:12pt;\">: 0.470 kg<br \/><\/span><\/span><\/span><\/span><span><span style=\"color:#000000;\"><span style=\"font-family:Verdana, Arial, Helvetica, sans-serif;\"><span style=\"font-size:12pt;\">Toote kaal<\/span><\/span><\/span><\/span><span><span style=\"color:#000000;\"><span style=\"font-family:Verdana, Arial, Helvetica, sans-serif;\"><span style=\"font-size:12pt;\"><span style=\"font-size:12pt;\">: 0.400 kg\u00a0<\/span><br \/><span style=\"font-size:16px;\">Kasutustemperatuuride vahemik: -20\u00b0C &#8211; +100 \u00b0C<\/span><br \/><\/span><\/span><\/span><\/span><\/div>\n<div><span style=\"font-size:16px;\"><span style=\"font-size:16px;\"><br \/><\/span><\/span> <\/p>\n<p><span style=\"font-size:12pt;\"><span lang=\"et-ee\" xml:lang=\"et-ee\"><span style=\"text-decoration:underline;\"><b>P\u00f5hio<\/b><\/span><\/span><\/span><span style=\"font-size:12pt;\"><span lang=\"et-ee\" xml:lang=\"et-ee\"><span style=\"text-decoration:underline;\"><b>madus<\/b><\/span><\/span><\/span><span style=\"font-size:12pt;\"><span lang=\"et-ee\" xml:lang=\"et-ee\"><span style=\"text-decoration:underline;\"><b>ed:<\/b><\/span><\/span><\/span><span style=\"font-size:12pt;\"><span lang=\"et-ee\" xml:lang=\"et-ee\"><\/p>\n<p> \u25cf\u00a0Maskuliinse Batman-i<\/span><\/span><span style=\"font-size:12pt;\"><span lang=\"et-ee\" xml:lang=\"et-ee\">\u00a0disainiga, <\/span><\/span><span style=\"font-size:12pt;\"><span lang=\"et-ee\" xml:lang=\"et-ee\">keraamilise glasuuriga kaetud tass.<\/span><\/span><span style=\"font-size:12pt;\"><span lang=\"et-ee\" xml:lang=\"et-ee\"><br \/><\/span><\/span><span style=\"font-size:12pt;\"><span lang=\"et-ee\" xml:lang=\"et-ee\">\u25cf Valmistatud keraamilisest, siledast tekstuurist <\/span><\/span><span style=\"font-size:12pt;\"><span lang=\"et-ee\" xml:lang=\"et-ee\">mis<\/span><\/span><span style=\"font-size:12pt;\"><span lang=\"et-ee\" xml:lang=\"et-ee\"> ei <\/span><\/span><span style=\"font-size:12pt;\"><span lang=\"et-ee\" xml:lang=\"et-ee\">tee haiget tundlikele huultele.<\/span><\/span><span style=\"font-size:12pt;\"><span lang=\"et-ee\" xml:lang=\"et-ee\"><br \/> \u25cf Sobib sooja vee, tee, kohvi v\u00f5i muude jookide jaoks<br \/><\/span><\/span><span style=\"color:#ff0000;\"><span style=\"font-size:12pt;\"><span lang=\"et-ee\" xml:lang=\"et-ee\"><b>\u25cf Ei ole m\u00f5eldud mikrolaineahjus kasutamiseks v\u00f5i n\u00f5udepesumasinas pesemiseks<\/b><\/span><\/span><\/span><span style=\"color:#ff0000;\"><span style=\"font-size:12pt;\"><b> <\/b><\/span><\/span><\/p>\n<\/p><\/div><\/div>\n<div>\n<div><\/div>\n<div><\/div>\n<div><\/div><\/div>\n","protected":false},"excerpt":{"rendered":"<p>Milline mees ei tahaks olla superkangelane?\u00a0Ilmselt kui mitte avalikult, siis salajas ja sisemuses on nii m\u00f5nigi seda soovinud&#8230;<\/p>\n<p>Siin on\u00a0stiilne ja maskuliinne Batman-i temaatiline must kruus, mis v\u00f5imaldab sul p\u00e4ris avalikult unistada! Sa ei pea seda \u00fcldsegi h\u00e4benema!<\/p>\n<p>See on t\u00f5siselt suur kruus, kuhu mahub sinu lemmikjooki tervelt 0.320 liitrit!\u00a0<\/p>\n<p>Selle tassiga Sa lausa\u00a0ootad seda hetke, millal saab j\u00e4lle sellest juua!<\/p>\n<p>\u00dcks mis kindel &#8211; Seda tassi Sa juba kusagile lauaservale v\u00f5i riiulile ripakile ei j\u00e4ta, kuna Sa tahad et k\u00f5ik n\u00e4eksid selle kohvitassi suurep\u00e4rast disaini ja teostust!<\/p>\n<p>\u00dcks p\u00e4ev on j\u00e4lle ilusam!<\/p>\n<\/p><\/p>\n","protected":false},"featured_media":1158,"comment_status":"open","ping_status":"closed","template":"","meta":{"om_disable_all_campaigns":false,"_monsterinsights_skip_tracking":false,"_monsterinsights_sitenote_active":false,"_monsterinsights_sitenote_note":"","_monsterinsights_sitenote_category":0},"product_cat":[34,41],"product_tag":[],"class_list":{"0":"post-1161","1":"product","2":"type-product","3":"status-publish","4":"has-post-thumbnail","6":"product_cat-kingitused-ja-kingiideed","7":"product_cat-tassid-ja-klaasid-igale-maitsele","10":"first","11":"instock","12":"sale","13":"taxable","14":"shipping-taxable","15":"purchasable","16":"product-type-simple"},"aioseo_notices":[],"_links":{"self":[{"href":"https:\/\/goodstore.eu\/en\/wp-json\/wp\/v2\/product\/1161"}],"collection":[{"href":"https:\/\/goodstore.eu\/en\/wp-json\/wp\/v2\/product"}],"about":[{"href":"https:\/\/goodstore.eu\/en\/wp-json\/wp\/v2\/types\/product"}],"replies":[{"embeddable":true,"href":"https:\/\/goodstore.eu\/en\/wp-json\/wp\/v2\/comments?post=1161"}],"wp:featuredmedia":[{"embeddable":true,"href":"https:\/\/goodstore.eu\/en\/wp-json\/wp\/v2\/media\/1158"}],"wp:attachment":[{"href":"https:\/\/goodstore.eu\/en\/wp-json\/wp\/v2\/media?parent=1161"}],"wp:term":[{"taxonomy":"product_cat","embeddable":true,"href":"https:\/\/goodstore.eu\/en\/wp-json\/wp\/v2\/product_cat?post=1161"},{"taxonomy":"product_tag","embeddable":true,"href":"https:\/\/goodstore.eu\/en\/wp-json\/wp\/v2\/product_tag?post=1161"}],"curies":[{"name":"wp","href":"https:\/\/api.w.org\/{rel}","templated":true}]}}