
{"id":1180,"date":"2019-02-11T20:32:55","date_gmt":"2019-02-11T20:32:55","guid":{"rendered":"http:\/\/127.0.0.1\/wp\/product\/valisjalatsite-automaatselt-sulguv-kate\/"},"modified":"2022-12-10T19:20:59","modified_gmt":"2022-12-10T19:20:59","slug":"valisjalatsite-automaatselt-sulguv-kate","status":"publish","type":"product","link":"https:\/\/goodstore.eu\/en\/shop\/valisjalatsite-automaatselt-sulguv-kate\/","title":{"rendered":"V\u00e4lisjalatsite automaatselt sulguv kate"},"content":{"rendered":"<div><span style=\"font-size:16px;\">Materjal: Pol\u00fcester, nylon, teras<br \/>L\u00fchikirjeldus: Sobivad meestele, naistele ja lastele<\/span><\/div>\n<div><span style=\"font-size:16px;\">Pl\u00e4tu\u00a0pikkus: ca 45cm<\/span><\/div>\n<div><span style=\"font-size:16px;\">Pl\u00e4tu maksimaalne laius: ca 31cm\u00a0\u00a0<br \/>Pl\u00e4tu maksimaalne k\u00f5rgus (paar): ca 6,5cm<br \/>Kaal (paar): 140 grammi<\/p>\n<p><\/span><\/div>\n","protected":false},"excerpt":{"rendered":"<p>H\u00fcvasti sinised kilesussid!\u00a0<\/p>\n<p>Kuidas nii?!?!<\/p>\n<p>1. Ilma k\u00e4te abita,\u00a0ilma elektrita \u00fcmber jalan\u00f5u sulguv, ohutu ja keskkonnas\u00f5bralik suss.<\/p>\n<p>2.\u00a0Lihtsalt astu peale!\u00a0Korduvkasutatav v\u00e4lisjalan\u00f5u kate, vastupidav kvaliteetne konstruktsioon, mille tagab tihe materjali l\u00e4biteping.<\/p>\n<p>3. Samat jalavarju kattepaari korduvkasutades, annab see\u00a0teatava kokkuhoiu v\u00f5rreldes \u00fchekordselt (siniste) kasutatavate jalatsikatetega ning aitab otseselt v\u00e4hendada sellest tulenevat\u00a0\u00f6koloogilist jalaj\u00e4lge.<\/p>\n<p>4. \u00dche sammu jalatsikate &#8211;\u00a0ideaalne\u00a0lahendus\u00a0kodus-, kontoris- v\u00f5i polikliinikus.\u00a0Hoiab p\u00f5randa t\u00f5husalt puhtana.<\/p>\n<p>5.\u00a0Mugav viis inimesele, kes soovib oma jalatsitele katted peale saada ilma liigsete liigutusteta.\u00a0Tegemist nn. k\u00e4ed-vabad v\u00e4lisjalatsite kattesussidega, lihtne!\u00a0Ohutu kasutada isegi m\u00e4rjal p\u00f5randal.<\/p>\n","protected":false},"featured_media":1174,"comment_status":"open","ping_status":"closed","template":"","meta":{"om_disable_all_campaigns":false,"_monsterinsights_skip_tracking":false,"_monsterinsights_sitenote_active":false,"_monsterinsights_sitenote_note":"","_monsterinsights_sitenote_category":0},"product_cat":[34,36],"product_tag":[],"class_list":{"0":"post-1180","1":"product","2":"type-product","3":"status-publish","4":"has-post-thumbnail","6":"product_cat-kingitused-ja-kingiideed","7":"product_cat-stiil-ja-mood","10":"first","11":"instock","12":"sale","13":"taxable","14":"shipping-taxable","15":"purchasable","16":"product-type-simple"},"aioseo_notices":[],"_links":{"self":[{"href":"https:\/\/goodstore.eu\/en\/wp-json\/wp\/v2\/product\/1180"}],"collection":[{"href":"https:\/\/goodstore.eu\/en\/wp-json\/wp\/v2\/product"}],"about":[{"href":"https:\/\/goodstore.eu\/en\/wp-json\/wp\/v2\/types\/product"}],"replies":[{"embeddable":true,"href":"https:\/\/goodstore.eu\/en\/wp-json\/wp\/v2\/comments?post=1180"}],"wp:featuredmedia":[{"embeddable":true,"href":"https:\/\/goodstore.eu\/en\/wp-json\/wp\/v2\/media\/1174"}],"wp:attachment":[{"href":"https:\/\/goodstore.eu\/en\/wp-json\/wp\/v2\/media?parent=1180"}],"wp:term":[{"taxonomy":"product_cat","embeddable":true,"href":"https:\/\/goodstore.eu\/en\/wp-json\/wp\/v2\/product_cat?post=1180"},{"taxonomy":"product_tag","embeddable":true,"href":"https:\/\/goodstore.eu\/en\/wp-json\/wp\/v2\/product_tag?post=1180"}],"curies":[{"name":"wp","href":"https:\/\/api.w.org\/{rel}","templated":true}]}}