
{"id":1199,"date":"2019-02-15T23:16:25","date_gmt":"2019-02-15T23:16:25","guid":{"rendered":"http:\/\/127.0.0.1\/wp\/product\/naepitstangid-koik-uehes-toeoeriist-votmehoidja\/"},"modified":"2019-02-15T23:16:25","modified_gmt":"2019-02-15T23:16:25","slug":"naepitstangid-koik-uehes-toeoeriist-votmehoidja","status":"publish","type":"product","link":"https:\/\/goodstore.eu\/en\/shop\/naepitstangid-koik-uehes-toeoeriist-votmehoidja\/","title":{"rendered":"N\u00e4pitstangid, k\u00f5ik \u00fches t\u00f6\u00f6riist, v\u00f5tmehoidja"},"content":{"rendered":"<p>Kasutatud materjal: Roostevaba teras<\/p>\n<p>V\u00e4rvus: V\u00e4rvkatteta roostavaba teras<\/p>\n<p>M\u00f5\u00f5dud:\u00a0Pikkus 50 mm ja\u00a0paksus 8 mm<\/p>\n<p>Toote kaal koos metallkarbiga: 50 grammi<\/p>\n<p>Pakend sisaldab:\u00a0 K\u00f5ik \u00fches\u00a0n\u00e4pitsad mitmikt\u00f6\u00f6riist 1 tk ja\u00a0niiskuskindel v\u00f6\u00f6kott 1 tk.<\/p>\n","protected":false},"excerpt":{"rendered":"<p>Uus ja kvaliteetne taskukomplekt mitteprofessionaalseks kasutamiseks.<\/p>\n<p>Seda mini t\u00f6\u00f6riista on kerge ja ohutu kaasas\u00a0kanda\u00a0kas v\u00f5tmete k\u00fcljes, kotis v\u00f5i taskus ning mugav igal ajal ka kasutada.<\/p>\n<p>Suurep\u00e4rane \u00e4rikink v\u00f5i lihtsalt kingitus 14+ aasta vanusele.<\/p>\n<p>V\u00f5ite seda kasutada k\u00f5ikjal &#8211; telkimisel, jalgratta remondil-hooldusel, koduses majapidamises v\u00f5i siis lihtsalt midagi putitades.<\/p>\n<p>Kokkupandavad n\u00e4pitstangid\u00a0mitmik\u00a0t\u00f6\u00f6riistal on v\u00e4hemalt 8 erinevat kasutusotstarvet.<\/p>\n<p>N\u00e4iteks 2 erinevat t\u00fc\u00fcpi kruvikeerajaid, 2 erinevat n\u00e4pitstangide varinti,\u00a0purgi avaja, taskunuga, viil, v\u00f5tmehoidja jne.<\/p>\n<p>Mugav v\u00e4ike disain.<\/p>\n<p><span class=\"tlid-translation translation\"><span title=\"\">Vajalik mini-t\u00f6\u00f6riist igap\u00e4evaseks kasutamiseks v\u00f5i v\u00e4listingimustes.<\/span><\/span><\/p>\n<p><strong><span class=\"tlid-translation translation\" style=\"color:#d0121a;\"><span title=\"\">NB! \u00c4RA V\u00d5TA LENNUKISSE KAASA!<\/span><\/span><\/strong><\/p>\n","protected":false},"featured_media":1188,"comment_status":"open","ping_status":"closed","template":"","meta":{"om_disable_all_campaigns":false,"_monsterinsights_skip_tracking":false,"_monsterinsights_sitenote_active":false,"_monsterinsights_sitenote_note":"","_monsterinsights_sitenote_category":0},"product_cat":[34],"product_tag":[],"class_list":{"0":"post-1199","1":"product","2":"type-product","3":"status-publish","4":"has-post-thumbnail","6":"product_cat-kingitused-ja-kingiideed","9":"first","10":"instock","11":"taxable","12":"shipping-taxable","13":"purchasable","14":"product-type-simple"},"aioseo_notices":[],"_links":{"self":[{"href":"https:\/\/goodstore.eu\/en\/wp-json\/wp\/v2\/product\/1199"}],"collection":[{"href":"https:\/\/goodstore.eu\/en\/wp-json\/wp\/v2\/product"}],"about":[{"href":"https:\/\/goodstore.eu\/en\/wp-json\/wp\/v2\/types\/product"}],"replies":[{"embeddable":true,"href":"https:\/\/goodstore.eu\/en\/wp-json\/wp\/v2\/comments?post=1199"}],"wp:featuredmedia":[{"embeddable":true,"href":"https:\/\/goodstore.eu\/en\/wp-json\/wp\/v2\/media\/1188"}],"wp:attachment":[{"href":"https:\/\/goodstore.eu\/en\/wp-json\/wp\/v2\/media?parent=1199"}],"wp:term":[{"taxonomy":"product_cat","embeddable":true,"href":"https:\/\/goodstore.eu\/en\/wp-json\/wp\/v2\/product_cat?post=1199"},{"taxonomy":"product_tag","embeddable":true,"href":"https:\/\/goodstore.eu\/en\/wp-json\/wp\/v2\/product_tag?post=1199"}],"curies":[{"name":"wp","href":"https:\/\/api.w.org\/{rel}","templated":true}]}}