
{"id":1207,"date":"2019-02-16T15:38:19","date_gmt":"2019-02-16T15:38:19","guid":{"rendered":"http:\/\/127.0.0.1\/wp\/product\/lips-noodirea-ja-nootide-mustriga-stiilne-kitsas\/"},"modified":"2022-12-10T19:20:09","modified_gmt":"2022-12-10T19:20:09","slug":"lips-noodirea-ja-nootide-mustriga-stiilne-kitsas","status":"publish","type":"product","link":"https:\/\/goodstore.eu\/en\/shop\/lips-noodirea-ja-nootide-mustriga-stiilne-kitsas\/","title":{"rendered":"Lips, noodirea ja nootide mustriga, stiilne, kitsas"},"content":{"rendered":"<div><span style=\"font-size:16px;\">Materjal:\u00a0Pol\u00fcester kangas<br \/>L\u00fchikirjeldus: K\u00f5rgekvaliteediga ja stiilne toode &#8211; ideaalne kink!<\/span><\/div>\n<div><span style=\"font-size:16px;\">Lipsu pikkus: 145cm<\/span><\/div>\n<div><span style=\"font-size:16px;\">Maksimaalne laius: 5,0cm\u00a0\u00a0<br \/>Minimaalne laius: 3,5cm<br \/>Pakend\u00a0sisaldab: 1 x\u00a0noodirea ja nootide mustriga\u00a0lips<br \/><\/span><\/div>\n<div><span style=\"font-size:16px;\"><br \/><span style=\"color:#2600ff;\">NB! Toode pole pakendatud kinkekarpi. Soovi korral saab selle eraldi juurde osta.<\/span><br \/><\/span><\/div>\n","protected":false},"excerpt":{"rendered":"<p>Lips on valmistatud kvaliteetsest pol\u00fcester kangast, mis tagab elegantse v\u00e4limuse igale endast lugupidavale moodsale mehele ning annab k\u00f5rvaltvaatajatele aimdust selle kandja muusikalembusest. Juttu j\u00e4tkub kauemaks.<\/p>\n<p>Lips on elastne ja seet\u00f5ttu on seda v\u00e4ga lihtne s\u00f5lmida.<\/p>\n","protected":false},"featured_media":1200,"comment_status":"open","ping_status":"closed","template":"","meta":{"om_disable_all_campaigns":false,"_monsterinsights_skip_tracking":false,"_monsterinsights_sitenote_active":false,"_monsterinsights_sitenote_note":"","_monsterinsights_sitenote_category":0},"product_cat":[40,39,34,36,38],"product_tag":[],"class_list":{"0":"post-1207","1":"product","2":"type-product","3":"status-publish","4":"has-post-thumbnail","6":"product_cat-lipsud-lipsukomplektid-ja-erilised-lipsud","7":"product_cat-muusika-temaatilised-tooted","8":"product_cat-kingitused-ja-kingiideed","9":"product_cat-stiil-ja-mood","10":"product_cat-lipsud-komplektid-ja-erilised-lipsud","13":"first","14":"outofstock","15":"taxable","16":"shipping-taxable","17":"purchasable","18":"product-type-simple"},"aioseo_notices":[],"_links":{"self":[{"href":"https:\/\/goodstore.eu\/en\/wp-json\/wp\/v2\/product\/1207"}],"collection":[{"href":"https:\/\/goodstore.eu\/en\/wp-json\/wp\/v2\/product"}],"about":[{"href":"https:\/\/goodstore.eu\/en\/wp-json\/wp\/v2\/types\/product"}],"replies":[{"embeddable":true,"href":"https:\/\/goodstore.eu\/en\/wp-json\/wp\/v2\/comments?post=1207"}],"wp:featuredmedia":[{"embeddable":true,"href":"https:\/\/goodstore.eu\/en\/wp-json\/wp\/v2\/media\/1200"}],"wp:attachment":[{"href":"https:\/\/goodstore.eu\/en\/wp-json\/wp\/v2\/media?parent=1207"}],"wp:term":[{"taxonomy":"product_cat","embeddable":true,"href":"https:\/\/goodstore.eu\/en\/wp-json\/wp\/v2\/product_cat?post=1207"},{"taxonomy":"product_tag","embeddable":true,"href":"https:\/\/goodstore.eu\/en\/wp-json\/wp\/v2\/product_tag?post=1207"}],"curies":[{"name":"wp","href":"https:\/\/api.w.org\/{rel}","templated":true}]}}