
{"id":1215,"date":"2019-02-16T22:58:30","date_gmt":"2019-02-16T22:58:30","guid":{"rendered":"http:\/\/127.0.0.1\/wp\/product\/veepudel-bpa-vaba-7-sahtliga-kollane\/"},"modified":"2023-11-12T14:11:34","modified_gmt":"2023-11-12T14:11:34","slug":"veepudel-bpa-vaba-7-sahtliga-kollane","status":"publish","type":"product","link":"https:\/\/goodstore.eu\/en\/shop\/veepudel-bpa-vaba-7-sahtliga-kollane\/","title":{"rendered":"Veepudel, BPA-vabast plastist, 7 sahtlikesega, kollane"},"content":{"rendered":"<div><span style=\"font-size:16px;\"><span style=\"font-size:16px;\"><\/span><\/span> <\/p>\n<div><span style=\"font-size:16px;\">Sobib koduseks kasutuseks; jahedatele jookidele nagu vesi, limonaad, mahl, piim<\/p>\n<p>Toote t\u00fc\u00fcp:\u00a0Puhta vee pudel koos ravimijaotus sahtlikestega\u00a0<br \/><\/span><span><span style=\"color:#000000;\"><span style=\"font-family:Verdana, Arial, Helvetica, sans-serif;\"><span style=\"font-size:12pt;\">Mater<\/span><\/span><\/span><\/span><span><span style=\"color:#000000;\"><span style=\"font-family:Verdana, Arial, Helvetica, sans-serif;\"><span style=\"font-size:12pt;\">j<\/span><\/span><\/span><\/span><span><span style=\"color:#000000;\"><span style=\"font-family:Verdana, Arial, Helvetica, sans-serif;\"><span style=\"font-size:12pt;\">al:\u00a0Plastik<br \/>V\u00e4rvus:\u00a0Kollane<br \/><\/span><\/span><\/span><\/span><span><span style=\"color:#000000;\"><span style=\"font-family:Verdana, Arial, Helvetica, sans-serif;\"><span style=\"font-size:12pt;\">BPA vaba*: Seda pudelit v\u00f5ib julgesti kasutada<br \/><\/span><\/span><\/span><\/span><span><span style=\"color:#000000;\"><span style=\"font-family:Verdana, Arial, Helvetica, sans-serif;\"><span style=\"font-size:12pt;\">Pakend sisaldab<\/span><\/span><\/span><\/span><span><span style=\"color:#000000;\"><span style=\"font-family:Verdana, Arial, Helvetica, sans-serif;\"><span style=\"font-size:12pt;\">: 1 x veepudel<\/span><\/span><\/span><\/span><span><span style=\"color:#000000;\"><span style=\"font-family:Verdana, Arial, Helvetica, sans-serif;\"><span style=\"font-size:12pt;\"><br \/><\/span><\/span><\/span><\/span><span><span style=\"color:#000000;\"><span style=\"font-family:Verdana, Arial, Helvetica, sans-serif;\"><span style=\"font-size:12pt;\">Omadus<\/span><\/span><\/span><\/span><span><span style=\"color:#000000;\"><span style=\"font-family:Verdana, Arial, Helvetica, sans-serif;\"><span style=\"font-size:12pt;\">: <\/span><\/span><\/span><\/span><span><span style=\"color:#000000;\"><span style=\"font-family:Verdana, Arial, Helvetica, sans-serif;\"><span style=\"font-size:12pt;\">Looduss\u00f5bralik, tervisele kahjutu, toiduainetele sobiv<br \/><\/span><\/span><\/span><\/span><span><span style=\"color:#000000;\"><span style=\"font-family:Verdana, Arial, Helvetica, sans-serif;\"><span style=\"font-size:12pt;\">Veepudeli\u00a0mahtuvus<\/span><\/span><\/span><\/span><span><span style=\"color:#000000;\"><span style=\"font-family:Verdana, Arial, Helvetica, sans-serif;\"><span style=\"font-size:12pt;\">: 600ml <\/span><\/span><\/span><\/span><span><span style=\"color:#000000;\"><span style=\"font-family:Verdana, Arial, Helvetica, sans-serif;\"><span style=\"font-size:12pt;\">igap\u00e4evaseks kasutamiseks nii kodus kui autos<br \/><\/span><\/span><\/span><\/span><span><span style=\"color:#000000;\"><span style=\"font-family:Verdana, Arial, Helvetica, sans-serif;\"><span style=\"font-size:12pt;\">Toote m\u00f5\u00f5dud<\/span><\/span><\/span><\/span><span><span style=\"color:#000000;\"><span style=\"font-family:Verdana, Arial, Helvetica, sans-serif;\"><span style=\"font-size:12pt;\"> (<\/span><\/span><\/span><\/span><span><span style=\"color:#000000;\"><span style=\"font-family:Verdana, Arial, Helvetica, sans-serif;\"><span style=\"font-size:12pt;\">K\u00f5rgus x Diameeter<\/span><\/span><\/span><\/span><span><span style=\"color:#000000;\"><span style=\"font-family:Verdana, Arial, Helvetica, sans-serif;\"><span style=\"font-size:12pt;\">): 23.5 x 6.9 cm<br \/><\/span><\/span><\/span><\/span><span><span style=\"color:#000000;\"><span style=\"font-family:Verdana, Arial, Helvetica, sans-serif;\"><span style=\"font-size:12pt;\">Pakendi m\u00f5\u00f5dud<\/span><\/span><\/span><\/span><span><span style=\"color:#000000;\"><span style=\"font-family:Verdana, Arial, Helvetica, sans-serif;\"><span style=\"font-size:12pt;\"> (<\/span><\/span><\/span><\/span><span><span style=\"color:#000000;\"><span style=\"font-family:Verdana, Arial, Helvetica, sans-serif;\"><span style=\"font-size:12pt;\">K\u00f5rgus x Diameeter<\/span><\/span><\/span><\/span><span><span style=\"color:#000000;\"><span style=\"font-family:Verdana, Arial, Helvetica, sans-serif;\"><span style=\"font-size:12pt;\">): 30.00 x 11.00<br \/><\/span><\/span><\/span><\/span><span><span style=\"color:#000000;\"><span style=\"font-family:Verdana, Arial, Helvetica, sans-serif;\"><span style=\"font-size:12pt;\">Toote kaal<\/span><\/span><\/span><\/span><span><span style=\"color:#000000;\"><span style=\"font-family:Verdana, Arial, Helvetica, sans-serif;\"><span style=\"font-size:12pt;\">: 0.125 kg<\/p>\n<p>*<\/span><\/span><\/span><\/span><em><span style=\"font-size:16px;\">BPA t\u00e4histab bisfenooli A<\/span><\/em><\/div>\n<div>\n<p><span style=\"font-size:12pt;\"><span lang=\"et-ee\" xml:lang=\"et-ee\"><span style=\"text-decoration:underline;\"><b>P\u00f5hio<\/b><\/span><\/span><\/span><span style=\"font-size:12pt;\"><span lang=\"et-ee\" xml:lang=\"et-ee\"><span style=\"text-decoration:underline;\"><b>madus<\/b><\/span><\/span><\/span><span style=\"font-size:12pt;\"><span lang=\"et-ee\" xml:lang=\"et-ee\"><span style=\"text-decoration:underline;\"><b>ed:<\/b><\/span><\/span><\/span><span style=\"font-size:12pt;\"><span lang=\"et-ee\" xml:lang=\"et-ee\"><\/p>\n<p> \u25cf\u00a0L\u00e4bipaistvast plastist, 7 v\u00e4ikese tabletisahtlikesega veepudel<\/span><\/span><span style=\"font-size:12pt;\"><span lang=\"et-ee\" xml:lang=\"et-ee\"><br \/><\/span><\/span><span style=\"font-size:12pt;\"><span lang=\"et-ee\" xml:lang=\"et-ee\">\u25cf Valmistatud toiduainetele m\u00f5eldud plastist (BPA-vaba), mis on sileda tekstuuriga ja<\/span><\/span><span style=\"font-size:12pt;\"><span lang=\"et-ee\" xml:lang=\"et-ee\">\u00a0ei <\/span><\/span><span style=\"font-size:12pt;\"><span lang=\"et-ee\" xml:lang=\"et-ee\">tee haiget tundlikele huultele.<\/span><\/span><span style=\"font-size:12pt;\"><span lang=\"et-ee\" xml:lang=\"et-ee\"><br \/> \u25cf Sobib\u00a0k\u00fclmade jookide vesi, limonaad,\u00a0mahl v\u00f5i\u00a0piim<br \/><\/span><\/span><span style=\"color:#ff0000;\"><span style=\"font-size:12pt;\"><span lang=\"et-ee\" xml:lang=\"et-ee\"><b>\u25cf Ei ole m\u00f5eldud mikrolaineahjus kasutamiseks v\u00f5i n\u00f5udepesumasinas pesemiseks<br \/><\/b><b>\u25cf Ei sobi kuumadele jookidele nagu n\u00e4iteks tee, kohvi, kakao jne.<\/b><b><br \/><\/b><\/span><\/span><\/span><\/p>\n<\/p><\/div><\/div>\n<div>\n<div><\/div>\n<div><\/div><\/div>\n","protected":false},"excerpt":{"rendered":"<p>Kumb on mugavam:<br \/>a.)\u00a0V\u00f5tta\u00a0matkale v\u00f5i reisile kaasa k\u00f5ikv\u00f5imalikud tabletid ja vitamiinid nende originaalpakendites?! Seej\u00e4rel kui neid on tarvis tarbida, siis otsida kohvrist v\u00f5i seljakotist neid ning k\u00f5ige tipuks &#8211; neelates ravimid kuivalt alla?!<br \/>v\u00f5i<br \/>b.) V\u00f5tta\u00a0matkale v\u00f5i reisile kaasa k\u00f5ikv\u00f5imalikud\u00a0tabletid ja vitamiinid igap\u00e4evaste annustena \u00e4ra jagatuna koos veepudeliga \u00fches t\u00fckis?! Seej\u00e4rel kui neid on tarvis tarbida, siis\u00a0avada vastava p\u00e4eva sahtlike koos \u00f5ige kogusega\u00a0ning juues peale m\u00f5nusat\u00a0v\u00e4rsket vett?!<\/p>\n<p>99,9% inimestest otsustavad miljonim\u00e4ngus variandi B kasuks ning t\u00e4iesti \u00f5igesti teevad!<br \/>V\u00f5rreldes saavutatava mugavusega on pudeli hind t\u00fchine.<\/p>\n<p>Terve n\u00e4dal on j\u00e4lle turvalisem ja ilusam!<\/p><\/p>\n","protected":false},"featured_media":1212,"comment_status":"open","ping_status":"closed","template":"","meta":{"om_disable_all_campaigns":false,"_monsterinsights_skip_tracking":false,"_monsterinsights_sitenote_active":false,"_monsterinsights_sitenote_note":"","_monsterinsights_sitenote_category":0},"product_cat":[34,41],"product_tag":[],"class_list":{"0":"post-1215","1":"product","2":"type-product","3":"status-publish","4":"has-post-thumbnail","6":"product_cat-kingitused-ja-kingiideed","7":"product_cat-tassid-ja-klaasid-igale-maitsele","10":"first","11":"instock","12":"taxable","13":"shipping-taxable","14":"purchasable","15":"product-type-simple"},"aioseo_notices":[],"_links":{"self":[{"href":"https:\/\/goodstore.eu\/en\/wp-json\/wp\/v2\/product\/1215"}],"collection":[{"href":"https:\/\/goodstore.eu\/en\/wp-json\/wp\/v2\/product"}],"about":[{"href":"https:\/\/goodstore.eu\/en\/wp-json\/wp\/v2\/types\/product"}],"replies":[{"embeddable":true,"href":"https:\/\/goodstore.eu\/en\/wp-json\/wp\/v2\/comments?post=1215"}],"wp:featuredmedia":[{"embeddable":true,"href":"https:\/\/goodstore.eu\/en\/wp-json\/wp\/v2\/media\/1212"}],"wp:attachment":[{"href":"https:\/\/goodstore.eu\/en\/wp-json\/wp\/v2\/media?parent=1215"}],"wp:term":[{"taxonomy":"product_cat","embeddable":true,"href":"https:\/\/goodstore.eu\/en\/wp-json\/wp\/v2\/product_cat?post=1215"},{"taxonomy":"product_tag","embeddable":true,"href":"https:\/\/goodstore.eu\/en\/wp-json\/wp\/v2\/product_tag?post=1215"}],"curies":[{"name":"wp","href":"https:\/\/api.w.org\/{rel}","templated":true}]}}