
{"id":1237,"date":"2019-02-17T00:02:56","date_gmt":"2019-02-17T00:02:56","guid":{"rendered":"http:\/\/127.0.0.1\/wp\/product\/saab-9-5-sedaan-m1999-143-skaalas\/"},"modified":"2026-03-28T17:28:31","modified_gmt":"2026-03-28T17:28:31","slug":"saab-9-5-sedaan-m1999-143-skaalas","status":"publish","type":"product","link":"https:\/\/goodstore.eu\/en\/shop\/saab-9-5-sedaan-m1999-143-skaalas\/","title":{"rendered":"SAAB 9-5 Sedaan M1999 1:43 skaalas"},"content":{"rendered":"<p><\/p>\n<p><span style=\"font-family:Lato;font-size:16px;\">Kollektsion\u00e4\u00e4ri mudelauto SAAB 9-5\u00a0Sedan M1999<\/span><br style=\"font-family:Lato;font-size:16px;\" \/><span style=\"font-family:Lato;font-size:16px;\">1:43 skaala<br \/>Tellija\/valmistaja:\u00a0<\/span><span style=\"font-family:Lato;font-size:16px;\">Pauls`s Model Art GmbH<\/span><\/p>\n<p><\/p>","protected":false},"excerpt":{"rendered":"<p><span class=\"tlid-translation translation\"><span title=\"\">Minichampsi esimese p\u00f5lvkonna SAAB 9-5 Sedan M99 mudelautol on\u00a0Tumesinine ehk Embassy Blue (BC198) kere v\u00e4rv ja bee\u017e interj\u00f6\u00f6r.<\/span> <span title=\"\">V\u00e4ga detailselt v\u00e4ljat\u00f6\u00f6tatud, nagu ka\u00a0fotodelt n\u00e4ha.<\/span> Tegemist on\u00a0<span title=\"\">t\u00e4iesti uue\u00a0kollektsion\u00e4\u00e4ri\u00a0mudelautoga.<\/span> <span title=\"\">See ei ole m\u00e4nguauto!<\/span>\u00a0<span title=\"\">Karp on avatud ainult tootefotode\u00a0\u00fclesv\u00f5tmise eesm\u00e4rgil, kuid\u00a0rohkem\u00a0pole kasutatud.<\/span> Vitriinkarbi<span title=\"\">\u00a0m\u00f5\u00f5tmed on150x70x70 mm.<\/span><\/p>\n<p><span title=\"\">Selle mudelauto on valmistanud Pauls&#8217;s Model Art GmbH &amp; Minichamps SAAB Automobile AB eritellimusel.<\/span><\/span><\/p>\n<p>Vanusele alates: 14+<\/p>\n","protected":false},"featured_media":1220,"comment_status":"open","ping_status":"closed","template":"","meta":{"om_disable_all_campaigns":false,"_monsterinsights_skip_tracking":false,"_monsterinsights_sitenote_active":false,"_monsterinsights_sitenote_note":"","_monsterinsights_sitenote_category":0},"product_cat":[31,35],"product_tag":[230,231,234,233,232],"class_list":{"0":"post-1237","1":"product","2":"type-product","3":"status-publish","4":"has-post-thumbnail","6":"product_cat-avalehele","7":"product_cat-mudelautod","8":"product_tag-saab-75-745604","9":"product_tag-saab-9-5-sedaan-m1999-143","10":"product_tag-saab-collection","11":"product_tag-saab-originaal","12":"product_tag-tumesinine","15":"first","16":"outofstock","17":"taxable","18":"shipping-taxable","19":"purchasable","20":"product-type-simple"},"aioseo_notices":[],"_links":{"self":[{"href":"https:\/\/goodstore.eu\/en\/wp-json\/wp\/v2\/product\/1237"}],"collection":[{"href":"https:\/\/goodstore.eu\/en\/wp-json\/wp\/v2\/product"}],"about":[{"href":"https:\/\/goodstore.eu\/en\/wp-json\/wp\/v2\/types\/product"}],"replies":[{"embeddable":true,"href":"https:\/\/goodstore.eu\/en\/wp-json\/wp\/v2\/comments?post=1237"}],"wp:featuredmedia":[{"embeddable":true,"href":"https:\/\/goodstore.eu\/en\/wp-json\/wp\/v2\/media\/1220"}],"wp:attachment":[{"href":"https:\/\/goodstore.eu\/en\/wp-json\/wp\/v2\/media?parent=1237"}],"wp:term":[{"taxonomy":"product_cat","embeddable":true,"href":"https:\/\/goodstore.eu\/en\/wp-json\/wp\/v2\/product_cat?post=1237"},{"taxonomy":"product_tag","embeddable":true,"href":"https:\/\/goodstore.eu\/en\/wp-json\/wp\/v2\/product_tag?post=1237"}],"curies":[{"name":"wp","href":"https:\/\/api.w.org\/{rel}","templated":true}]}}