
{"id":1251,"date":"2019-02-20T14:10:50","date_gmt":"2019-02-20T14:10:50","guid":{"rendered":"http:\/\/127.0.0.1\/wp\/product\/saab-9-5ng-sportcombi-m2012-skaalas-118\/"},"modified":"2022-11-27T19:30:37","modified_gmt":"2022-11-27T19:30:37","slug":"saab-9-5ng-sportcombi-m2012-skaalas-118","status":"publish","type":"product","link":"https:\/\/goodstore.eu\/en\/shop\/saab-9-5ng-sportcombi-m2012-skaalas-118\/","title":{"rendered":"SAAB 9-5NG SportCombi M2012 skaalas 1:18"},"content":{"rendered":"<p>Kollektsion\u00e4\u00e4ri mudelauto\u00a0SAAB 9-5 New Generation SportCombi MY2012.<\/p>\n<p>Auto n\u00e4eb v\u00e4lja v\u00e4ga t\u00f5etruu, isegi salong on v\u00e4ga t\u00e4psel j\u00e4ljendatud.<\/p>\n<p>1:18\u00a0skaala<\/p>\n<p>Toodetud\u00a0limiteeritud kogus.<\/p>\n","protected":false},"excerpt":{"rendered":"<p>Tootja:\u00a0DNA<\/p>\n<p>SAAB 9-5NG SportCombi Aero mudelauto on\u00a0Glacier Silver metallik v\u00e4rvi ning\u00a0helebee\u017ei salongiga.\u00a0<\/p>\n<p>SAAB 9-5 New Generation SportCombi j\u00e4i SAAB-i autotehasel eeltootmise faasi. Neid toodeti enne tehase pankrotistumist erinevate allikate p\u00f5hjal vaid 27 isendit. Autoesindused ei j\u00f5udnud suurema m\u00fc\u00fcgiga alustada, kuigi huvi oli Saabi-huvliliste seas suur ning ootused k\u00f5rgeks kruvitud.<\/p>\n<p>Siin on peensusteni viimistletud ning tegeliku auto pisimate detailideni viimistletud 1:18 suuruseni v\u00e4hendatud mudel! See m\u00fc\u00fcgikuulutus on t\u00f5sisele kollektsion\u00e4\u00e4rile, kes teab mida otsida ja osta. Ilmselt leidub ka SAAB-i f\u00e4nnide seas selliseid, kes kasutavad juhust, et soetada endale t\u00fckike autonduse ajalugu &#8211; uuena!<\/p>\n<p>Automudel tarnitakse alusel, mis on pleksiklaasist alusel, lahtiselt.<\/p>\n","protected":false},"featured_media":1238,"comment_status":"open","ping_status":"closed","template":"","meta":{"om_disable_all_campaigns":false,"_monsterinsights_skip_tracking":false,"_monsterinsights_sitenote_active":false,"_monsterinsights_sitenote_note":"","_monsterinsights_sitenote_category":0},"product_cat":[31,35],"product_tag":[],"class_list":{"0":"post-1251","1":"product","2":"type-product","3":"status-publish","4":"has-post-thumbnail","6":"product_cat-avalehele","7":"product_cat-mudelautod","10":"first","11":"outofstock","12":"taxable","13":"shipping-taxable","14":"purchasable","15":"product-type-simple"},"aioseo_notices":[],"_links":{"self":[{"href":"https:\/\/goodstore.eu\/en\/wp-json\/wp\/v2\/product\/1251"}],"collection":[{"href":"https:\/\/goodstore.eu\/en\/wp-json\/wp\/v2\/product"}],"about":[{"href":"https:\/\/goodstore.eu\/en\/wp-json\/wp\/v2\/types\/product"}],"replies":[{"embeddable":true,"href":"https:\/\/goodstore.eu\/en\/wp-json\/wp\/v2\/comments?post=1251"}],"wp:featuredmedia":[{"embeddable":true,"href":"https:\/\/goodstore.eu\/en\/wp-json\/wp\/v2\/media\/1238"}],"wp:attachment":[{"href":"https:\/\/goodstore.eu\/en\/wp-json\/wp\/v2\/media?parent=1251"}],"wp:term":[{"taxonomy":"product_cat","embeddable":true,"href":"https:\/\/goodstore.eu\/en\/wp-json\/wp\/v2\/product_cat?post=1251"},{"taxonomy":"product_tag","embeddable":true,"href":"https:\/\/goodstore.eu\/en\/wp-json\/wp\/v2\/product_tag?post=1251"}],"curies":[{"name":"wp","href":"https:\/\/api.w.org\/{rel}","templated":true}]}}