
{"id":1280,"date":"2019-02-25T22:55:28","date_gmt":"2019-02-25T22:55:28","guid":{"rendered":"http:\/\/127.0.0.1\/wp\/product\/saab-9-5-aero-sedaan-m98-143-skaalas\/"},"modified":"2022-11-27T19:30:11","modified_gmt":"2022-11-27T19:30:11","slug":"saab-9-5-aero-sedaan-m98-143-skaalas","status":"publish","type":"product","link":"https:\/\/goodstore.eu\/en\/shop\/saab-9-5-aero-sedaan-m98-143-skaalas\/","title":{"rendered":"SAAB 9-5 Aero Sedaan M1998 1:43 skaalas"},"content":{"rendered":"<p><span style=\"font-family:Lato;font-size:16px;\">Kollektsion\u00e4\u00e4ri mudelauto SAAB 9-5 Aero Sedaan M1998<\/span><br style=\"font-family:Lato;font-size:16px;\" \/><span style=\"font-family:Lato;font-size:16px;\">1:43\u00a0m\u00f5\u00f5tkavas<br \/>Valmistaja:\u00a0 Editions Atlas<br \/>Mudelauto on osa SAAB muuseumiautode kollektsioonist<\/span><\/p>\n","protected":false},"excerpt":{"rendered":"<p><span class=\"tlid-translation translation\"><span title=\"\">Firma Editions Atlas poolt valmistatud\u00a0esimese p\u00f5lvkonna SAAB 9-5 Aero Sedaan M98 mudelautol on\u00a0Tumepunane metallik ehk\u00a0Cayenne\u00a0Punane (BC256) kere v\u00e4rv ja bee\u017e interj\u00f6\u00f6r.<\/span> <span title=\"\">V\u00e4ga detailselt v\u00e4ljat\u00f6\u00f6tatud, nagu ka\u00a0fotodelt n\u00e4ha.<\/span> Tegemist on\u00a0<span title=\"\">t\u00e4iesti uue, kollektsion\u00e4\u00e4ridele m\u00f5eldud mudelautoga.<\/span> <span title=\"\">See ei ole m\u00e4nguauto!<\/span>\u00a0<span title=\"\">Karp on avatud ainult tootefotode\u00a0\u00fclesv\u00f5tmise eesm\u00e4rgil, kuid\u00a0rohkem\u00a0pole kasutatud.<\/span>\u00a0Mudelauto on valgel plast alusel, mille<span title=\"\">\u00a0m\u00f5\u00f5tmed on 150&#215;70 mm. <br \/>Komplekti ei kuulu l\u00e4bipaistev vitriinkabi kate!<\/span><\/p>\n<p><span title=\"\">Selle mudelauto on valmistanud\u00a0firma Editions Atlas (Hiina) SAAB Cars Museum loal.<\/span><\/span><\/p>\n<p>Vanusele alates: 14+<\/p>\n","protected":false},"featured_media":1264,"comment_status":"open","ping_status":"closed","template":"","meta":{"om_disable_all_campaigns":false,"_monsterinsights_skip_tracking":false,"_monsterinsights_sitenote_active":false,"_monsterinsights_sitenote_note":"","_monsterinsights_sitenote_category":0},"product_cat":[31,35],"product_tag":[],"class_list":{"0":"post-1280","1":"product","2":"type-product","3":"status-publish","4":"has-post-thumbnail","6":"product_cat-avalehele","7":"product_cat-mudelautod","10":"first","11":"outofstock","12":"taxable","13":"shipping-taxable","14":"purchasable","15":"product-type-simple"},"aioseo_notices":[],"_links":{"self":[{"href":"https:\/\/goodstore.eu\/en\/wp-json\/wp\/v2\/product\/1280"}],"collection":[{"href":"https:\/\/goodstore.eu\/en\/wp-json\/wp\/v2\/product"}],"about":[{"href":"https:\/\/goodstore.eu\/en\/wp-json\/wp\/v2\/types\/product"}],"replies":[{"embeddable":true,"href":"https:\/\/goodstore.eu\/en\/wp-json\/wp\/v2\/comments?post=1280"}],"wp:featuredmedia":[{"embeddable":true,"href":"https:\/\/goodstore.eu\/en\/wp-json\/wp\/v2\/media\/1264"}],"wp:attachment":[{"href":"https:\/\/goodstore.eu\/en\/wp-json\/wp\/v2\/media?parent=1280"}],"wp:term":[{"taxonomy":"product_cat","embeddable":true,"href":"https:\/\/goodstore.eu\/en\/wp-json\/wp\/v2\/product_cat?post=1280"},{"taxonomy":"product_tag","embeddable":true,"href":"https:\/\/goodstore.eu\/en\/wp-json\/wp\/v2\/product_tag?post=1280"}],"curies":[{"name":"wp","href":"https:\/\/api.w.org\/{rel}","templated":true}]}}