
{"id":1323,"date":"2019-02-26T20:28:11","date_gmt":"2019-02-26T20:28:11","guid":{"rendered":"http:\/\/127.0.0.1\/wp\/product\/lips-kitsas-pastelne-suegav-lilla-stiilne-ja-mood-2019\/"},"modified":"2025-08-09T03:53:55","modified_gmt":"2025-08-09T03:53:55","slug":"lips-kitsas-pastelne-suegav-lilla-stiilne-ja-mood-2019","status":"publish","type":"product","link":"https:\/\/www.goodstore.eu\/en\/shop\/lips-kitsas-pastelne-suegav-lilla-stiilne-ja-mood-2019\/","title":{"rendered":"Lips, kitsas, pastelne s\u00fcgav lilla, stiilne ja mood 2019!"},"content":{"rendered":"<div><span style=\"font-size:16px;\">Materjal:\u00a0Pol\u00fcester kangas<br \/>L\u00fchikirjeldus: K\u00f5rgekvaliteediga ja stiilne toode &#8211; ideaalne kink!<\/span><\/div>\n<div><span style=\"font-size:16px;\">Lipsu pikkus: 143cm<\/span><\/div>\n<div><span style=\"font-size:16px;\">Maksimaalne laius: 5cm\u00a0\u00a0<br \/>Minimaalne laius: 3cm<br \/>Pakend\u00a0sisaldab: 1 x\u00a0kitsas pastelset v\u00e4rvi s\u00fcgav lilla lips (2019 aastal on k\u00f5ik pastelsed toonid v\u00e4ga moes)<br \/><\/span><\/div>\n<div><span style=\"font-size:16px;\"><\/p>\n<p><\/span><\/div>\n","protected":false},"excerpt":{"rendered":"<p><span id=\"result_box\" lang=\"et\" xml:lang=\"et\"><span>Kvaliteetsest pol\u00fcester kangast valmistatud lips, mis tagab elegantse v\u00e4limuse igale endast lugupidavale noormehele.<\/span><br \/><span>Lips on elastne ja seet\u00f5ttu on seda v\u00e4ga lihtne s\u00f5lmida.<\/span><\/span><\/p>\n","protected":false},"featured_media":1318,"comment_status":"open","ping_status":"closed","template":"","meta":{"om_disable_all_campaigns":false,"_monsterinsights_skip_tracking":false,"_monsterinsights_sitenote_active":false,"_monsterinsights_sitenote_note":"","_monsterinsights_sitenote_category":0},"product_cat":[40,34,36,38],"product_tag":[],"class_list":{"0":"post-1323","1":"product","2":"type-product","3":"status-publish","4":"has-post-thumbnail","6":"product_cat-lipsud-lipsukomplektid-ja-erilised-lipsud","7":"product_cat-kingitused-ja-kingiideed","8":"product_cat-stiil-ja-mood","9":"product_cat-lipsud-komplektid-ja-erilised-lipsud","12":"first","13":"outofstock","14":"taxable","15":"shipping-taxable","16":"purchasable","17":"product-type-simple"},"aioseo_notices":[],"_links":{"self":[{"href":"https:\/\/www.goodstore.eu\/en\/wp-json\/wp\/v2\/product\/1323"}],"collection":[{"href":"https:\/\/www.goodstore.eu\/en\/wp-json\/wp\/v2\/product"}],"about":[{"href":"https:\/\/www.goodstore.eu\/en\/wp-json\/wp\/v2\/types\/product"}],"replies":[{"embeddable":true,"href":"https:\/\/www.goodstore.eu\/en\/wp-json\/wp\/v2\/comments?post=1323"}],"wp:featuredmedia":[{"embeddable":true,"href":"https:\/\/www.goodstore.eu\/en\/wp-json\/wp\/v2\/media\/1318"}],"wp:attachment":[{"href":"https:\/\/www.goodstore.eu\/en\/wp-json\/wp\/v2\/media?parent=1323"}],"wp:term":[{"taxonomy":"product_cat","embeddable":true,"href":"https:\/\/www.goodstore.eu\/en\/wp-json\/wp\/v2\/product_cat?post=1323"},{"taxonomy":"product_tag","embeddable":true,"href":"https:\/\/www.goodstore.eu\/en\/wp-json\/wp\/v2\/product_tag?post=1323"}],"curies":[{"name":"wp","href":"https:\/\/api.w.org\/{rel}","templated":true}]}}