
{"id":1326,"date":"2019-02-26T21:16:04","date_gmt":"2019-02-26T21:16:04","guid":{"rendered":"http:\/\/127.0.0.1\/wp\/product\/lips-uelikonna-korvale-kollase-ja-sinise-triibuline-eriti-moodne\/"},"modified":"2026-02-24T20:16:03","modified_gmt":"2026-02-24T20:16:03","slug":"lips-uelikonna-korvale-kollase-ja-sinise-triibuline-eriti-moodne","status":"publish","type":"product","link":"https:\/\/goodstore.eu\/en\/shop\/lips-uelikonna-korvale-kollase-ja-sinise-triibuline-eriti-moodne\/","title":{"rendered":"Lips \u00fclikonna k\u00f5rvale, kollase ja sinise triibuline, eriti moodne!"},"content":{"rendered":"<p><\/p>\n<div><span style=\"font-size:16px;\">Materjal:\u00a0K\u00e4sitsi valmistatud pol\u00fcester-siid kangast<br \/>L\u00fchikirjeldus: K\u00f5rgekvaliteediga, stiilne &#8211; ideaalne kink!<\/span><\/div>\n<div><span style=\"font-size:16px;\">Lipsu pikkus: 146cm<\/span><\/div>\n<div><span style=\"font-size:16px;\">Maksimaalne laius: 8cm\u00a0\u00a0<br \/>Minimaalne laius: 3,5cm<br \/>Pakend\u00a0sisaldab: 1 X lips<br \/><\/span><\/div>\n<div><span style=\"font-size:16px;\"><br \/>NB! Toode pole pakendatud kinkekarpi. Soovi korral saab selle eraldi juurde osta.<\/span><\/div>\n<p><\/p>","protected":false},"excerpt":{"rendered":"<p><span id=\"result_box\" lang=\"et\" xml:lang=\"et\">Luksuslik ja kvaliteetne<span>\u00a0k\u00e4sitsi valmistatud lips pol\u00fcester-siid kangast, mis tagab elegantse v\u00e4limuse igale stiiliteadlikule ja endast lugupidavale h\u00e4rras- v\u00f5i \u00e4rimehele.<\/span><br \/><span>Lips on elastne ja seet\u00f5ttu on seda v\u00e4ga lihtne s\u00f5lmida.<\/span><\/span><\/p>\n","protected":false},"featured_media":1324,"comment_status":"open","ping_status":"closed","template":"","meta":{"om_disable_all_campaigns":false,"_monsterinsights_skip_tracking":false,"_monsterinsights_sitenote_active":false,"_monsterinsights_sitenote_note":"","_monsterinsights_sitenote_category":0},"product_cat":[40,34,36,38],"product_tag":[],"class_list":{"0":"post-1326","1":"product","2":"type-product","3":"status-publish","4":"has-post-thumbnail","6":"product_cat-lipsud-lipsukomplektid-ja-erilised-lipsud","7":"product_cat-kingitused-ja-kingiideed","8":"product_cat-stiil-ja-mood","9":"product_cat-lipsud-komplektid-ja-erilised-lipsud","10":"pa_domineeriv-varv-kollane","11":"pa_domineeriv-varv-sinine","12":"pa_lipsu-stiil-klassikaline-classic","13":"pa_materjal-poluester","14":"pa_materjal-siid","15":"pa_pakend-tootel-on-tavaline-lihtne-pakend","18":"first","19":"instock","20":"taxable","21":"shipping-taxable","22":"purchasable","23":"product-type-simple"},"aioseo_notices":[],"_links":{"self":[{"href":"https:\/\/goodstore.eu\/en\/wp-json\/wp\/v2\/product\/1326"}],"collection":[{"href":"https:\/\/goodstore.eu\/en\/wp-json\/wp\/v2\/product"}],"about":[{"href":"https:\/\/goodstore.eu\/en\/wp-json\/wp\/v2\/types\/product"}],"replies":[{"embeddable":true,"href":"https:\/\/goodstore.eu\/en\/wp-json\/wp\/v2\/comments?post=1326"}],"wp:featuredmedia":[{"embeddable":true,"href":"https:\/\/goodstore.eu\/en\/wp-json\/wp\/v2\/media\/1324"}],"wp:attachment":[{"href":"https:\/\/goodstore.eu\/en\/wp-json\/wp\/v2\/media?parent=1326"}],"wp:term":[{"taxonomy":"product_cat","embeddable":true,"href":"https:\/\/goodstore.eu\/en\/wp-json\/wp\/v2\/product_cat?post=1326"},{"taxonomy":"product_tag","embeddable":true,"href":"https:\/\/goodstore.eu\/en\/wp-json\/wp\/v2\/product_tag?post=1326"}],"curies":[{"name":"wp","href":"https:\/\/api.w.org\/{rel}","templated":true}]}}