
{"id":1388,"date":"2019-02-27T23:26:35","date_gmt":"2019-02-27T23:26:35","guid":{"rendered":"http:\/\/127.0.0.1\/wp\/product\/nevs-saab-9-3-ss-turbo-edition-m2015-skaalas-143\/"},"modified":"2022-11-27T19:32:36","modified_gmt":"2022-11-27T19:32:36","slug":"nevs-saab-9-3-ss-turbo-edition-m2015-skaalas-143","status":"publish","type":"product","link":"https:\/\/goodstore.eu\/en\/shop\/nevs-saab-9-3-ss-turbo-edition-m2015-skaalas-143\/","title":{"rendered":"NEVS-SAAB 9-3 SS Turbo Protot\u00fc\u00fcp M2015 skaalas 1:43"},"content":{"rendered":"<p>Kollektsion\u00e4\u00e4ri mudelauto NEVS-SAAB 9-3 SportSedaan Turbo Aero Edition MY2015.<\/p>\n<p>Auto n\u00e4eb v\u00e4lja v\u00e4ga t\u00f5etruu, isegi salong on v\u00e4ga t\u00e4pselt j\u00e4ljendatud.<\/p>\n<p>1:43 skaala<\/p>\n<p>Automudel tarnitakse alusel, mis on pleksiklaasist alusel, lahtiselt.<\/p>\n<p>Toodetud\u00a0limiteeritud kogus.<\/p>\n","protected":false},"excerpt":{"rendered":"<p>Tootja:\u00a0DNA<\/p>\n<p><span class=\"tlid-translation translation\"><span title=\"\">NEVS-SAAB 9-3 SportSedan Edition Turbo kontseptsioon,\u00a0pandi kokku endises SAAB-tehases esimese seeriatoodangu SAAB Turbo M1976 tunnustamiseks.<\/span>\u00a0Spetsiaalselt koostati a<span title=\"\">inult \u00fcks eksemplar p\u00e4rast seda, kui NEVS oli saanud\u00a0autotehase enda omandisse.<\/span> <span title=\"\">See on NEVS-i kingitus Saabi Muuseumile Trollh\u00e4ttanis ja kannab endas killukest SAAB-i ajalugu.<\/span><br \/><span title=\"\">Saab 9-3 Turbo Edition n\u00e4itab, kuidas SAAB-i disaini oleks arendatud NEVS-i taktikepi all.<\/span><br \/><span title=\"\"><br \/>Siin on sulle \u00fcsna t\u00e4pne koopia 1:43:ni v\u00e4hendatud SAAB-NEVS 9-3 SS Turbo Editionist, mis on\u00a0pargitud SAAB Automuuseumisse Rootsis, Trollh\u00e4ttanis.<\/span><\/p>\n<p>See m\u00fc\u00fcgikuulutus on t\u00f5sisele kollektsion\u00e4\u00e4rile, kes teab mida otsida ja osta.\u00a0T\u00f5en\u00e4oliselt leidub SAAB-i f\u00e4nnide seas selliseid, kes kasutavad juhust, et soetada endale t\u00fckikese autonduse ajalugu &#8211; uuena!<br \/><\/span><\/p><\/p>\n","protected":false},"featured_media":1375,"comment_status":"open","ping_status":"closed","template":"","meta":{"om_disable_all_campaigns":false,"_monsterinsights_skip_tracking":false,"_monsterinsights_sitenote_active":false,"_monsterinsights_sitenote_note":"","_monsterinsights_sitenote_category":0},"product_cat":[31,35],"product_tag":[],"class_list":{"0":"post-1388","1":"product","2":"type-product","3":"status-publish","4":"has-post-thumbnail","6":"product_cat-avalehele","7":"product_cat-mudelautod","10":"first","11":"outofstock","12":"taxable","13":"shipping-taxable","14":"purchasable","15":"product-type-simple"},"aioseo_notices":[],"_links":{"self":[{"href":"https:\/\/goodstore.eu\/en\/wp-json\/wp\/v2\/product\/1388"}],"collection":[{"href":"https:\/\/goodstore.eu\/en\/wp-json\/wp\/v2\/product"}],"about":[{"href":"https:\/\/goodstore.eu\/en\/wp-json\/wp\/v2\/types\/product"}],"replies":[{"embeddable":true,"href":"https:\/\/goodstore.eu\/en\/wp-json\/wp\/v2\/comments?post=1388"}],"wp:featuredmedia":[{"embeddable":true,"href":"https:\/\/goodstore.eu\/en\/wp-json\/wp\/v2\/media\/1375"}],"wp:attachment":[{"href":"https:\/\/goodstore.eu\/en\/wp-json\/wp\/v2\/media?parent=1388"}],"wp:term":[{"taxonomy":"product_cat","embeddable":true,"href":"https:\/\/goodstore.eu\/en\/wp-json\/wp\/v2\/product_cat?post=1388"},{"taxonomy":"product_tag","embeddable":true,"href":"https:\/\/goodstore.eu\/en\/wp-json\/wp\/v2\/product_tag?post=1388"}],"curies":[{"name":"wp","href":"https:\/\/api.w.org\/{rel}","templated":true}]}}