
{"id":1400,"date":"2019-03-01T09:19:45","date_gmt":"2019-03-01T09:19:45","guid":{"rendered":"http:\/\/127.0.0.1\/wp\/product\/lipsu-komplekt-soliidne-helesinine\/"},"modified":"2022-12-10T19:15:51","modified_gmt":"2022-12-10T19:15:51","slug":"lipsu-komplekt-soliidne-turkiis-sinine","status":"publish","type":"product","link":"https:\/\/goodstore.eu\/en\/shop\/lipsu-komplekt-soliidne-turkiis-sinine\/","title":{"rendered":"Lipsu komplekt, mansetin\u00f6\u00f6pide ja rinnar\u00e4tikuga, helesinine t\u00fcrkiis"},"content":{"rendered":"<div><span style=\"font-size: 16px;\">Materjal:\u00a0K\u00e4sitsi valmistatud siid<br \/>\nL\u00fchikirjeldus: K\u00f5rgekvaliteediga, stiilne &#8211; ideaalne kink!<\/span><\/div>\n<div><span style=\"font-size: 16px;\">Lipsu pikkus: 150cm<\/span><\/div>\n<div><span style=\"font-size: 16px;\">Maksimaalne laius: 8,5cm<br \/>\nMinimaalne laius: 3,5cm<br \/>\nRinnataskur\u00e4tiku m\u00f5\u00f5dud: 20cm x 20cm<\/span><\/div>\n<div>\n<p><span style=\"font-size: 16px;\">Komplekti kuulub: 1 X lips, 1 X rinnataskur\u00e4tik, 1\u00a0paar man\u017eetin\u00f6\u00f6pe<\/span><\/p>\n<p>NB! Toode pole pakendatud kinkekarpi. Soovi korral saab selle eraldi juurde osta.<\/p>\n<\/div>\n","protected":false},"excerpt":{"rendered":"<p><span id=\"result_box\" lang=\"et\" xml:lang=\"et\">Luksuslik ja kvaliteetne k\u00e4sitsi valmistatud siid, mis tagab elegantse v\u00e4limuse igale stiiliteadlikule ja endast lugupidavale h\u00e4rras- v\u00f5i \u00e4rimehele.<br \/>\nLips on elastne ja seet\u00f5ttu on seda v\u00e4ga lihtne s\u00f5lmida.<\/span><\/p>\n","protected":false},"featured_media":1395,"comment_status":"open","ping_status":"closed","template":"","meta":{"om_disable_all_campaigns":false,"_monsterinsights_skip_tracking":false,"_monsterinsights_sitenote_active":false,"_monsterinsights_sitenote_note":"","_monsterinsights_sitenote_category":0},"product_cat":[40,34,36,38],"product_tag":[],"class_list":{"0":"post-1400","1":"product","2":"type-product","3":"status-publish","4":"has-post-thumbnail","6":"product_cat-lipsud-lipsukomplektid-ja-erilised-lipsud","7":"product_cat-kingitused-ja-kingiideed","8":"product_cat-stiil-ja-mood","9":"product_cat-lipsud-komplektid-ja-erilised-lipsud","12":"first","13":"instock","14":"taxable","15":"shipping-taxable","16":"purchasable","17":"product-type-simple"},"aioseo_notices":[],"_links":{"self":[{"href":"https:\/\/goodstore.eu\/en\/wp-json\/wp\/v2\/product\/1400"}],"collection":[{"href":"https:\/\/goodstore.eu\/en\/wp-json\/wp\/v2\/product"}],"about":[{"href":"https:\/\/goodstore.eu\/en\/wp-json\/wp\/v2\/types\/product"}],"replies":[{"embeddable":true,"href":"https:\/\/goodstore.eu\/en\/wp-json\/wp\/v2\/comments?post=1400"}],"wp:featuredmedia":[{"embeddable":true,"href":"https:\/\/goodstore.eu\/en\/wp-json\/wp\/v2\/media\/1395"}],"wp:attachment":[{"href":"https:\/\/goodstore.eu\/en\/wp-json\/wp\/v2\/media?parent=1400"}],"wp:term":[{"taxonomy":"product_cat","embeddable":true,"href":"https:\/\/goodstore.eu\/en\/wp-json\/wp\/v2\/product_cat?post=1400"},{"taxonomy":"product_tag","embeddable":true,"href":"https:\/\/goodstore.eu\/en\/wp-json\/wp\/v2\/product_tag?post=1400"}],"curies":[{"name":"wp","href":"https:\/\/api.w.org\/{rel}","templated":true}]}}