
{"id":1453,"date":"2019-03-02T14:29:34","date_gmt":"2019-03-02T14:29:34","guid":{"rendered":"http:\/\/127.0.0.1\/wp\/product\/luksuslik-lips-tumepunane-mustriga-kuum-toode\/"},"modified":"2023-06-18T16:04:43","modified_gmt":"2023-06-18T16:04:43","slug":"luksuslik-lips-tumepunane-mustriga-kuum-toode","status":"publish","type":"product","link":"https:\/\/goodstore.eu\/en\/shop\/luksuslik-lips-tumepunane-mustriga-kuum-toode\/","title":{"rendered":"Luxury skinny necktie, dark red with pattern, stylish! HOT PRODUCT!"},"content":{"rendered":"<div><span style=\"font-size: 16px;\">Materjal:\u00a0K\u00e4sitsi tehtud siid<br \/>\nL\u00fchikirjeldus: K\u00f5rgekvaliteediga ja stiilne toode &#8211; ideaalne kink!<\/span><\/div>\n<div><span style=\"font-size: 16px;\">Lipsu pikkus: 150cm<\/span><\/div>\n<div><span style=\"font-size: 16px;\">Maksimaalne laius: 5,5cm<br \/>\nMinimaalne laius: 3,5cm<br \/>\nPakend\u00a0sisaldab: 1 x tumepunane mustriga luksuslik kitsas lips<br \/>\n<\/span><\/div>\n<div><span style=\"font-size: 16px;\"><br \/>\n<span style=\"color: #0f00ff;\">NB! Toode pole pakendatud kinkekarpi. Soovi korral saab selle eraldi juurde osta.<\/span><br \/>\n<\/span><\/div>\n","protected":false},"excerpt":{"rendered":"<p>Luksuslik lips on valmistatud kvaliteetsest k\u00e4sitsi tehtud siidist, mis tagab elegantse v\u00e4limuse igale endast lugupidavale moodsale mehele. Kanna ja tunne r\u00f5\u00f5mu!<\/p>\n<p>Lips on elastne ja seet\u00f5ttu on seda v\u00e4ga lihtne s\u00f5lmida.<\/p>\n<p><strong><span style=\"color: #0f00ff;\">Tegelikkuses on lipsu v\u00e4rvid helkivad ja oluliselt ilusamad kui fotodel!<\/span><\/strong><\/p>\n","protected":false},"featured_media":1446,"comment_status":"open","ping_status":"closed","template":"","meta":{"om_disable_all_campaigns":false,"_monsterinsights_skip_tracking":false,"_monsterinsights_sitenote_active":false,"_monsterinsights_sitenote_note":"","_monsterinsights_sitenote_category":0},"product_cat":[40,34,36,38],"product_tag":[],"class_list":{"0":"post-1453","1":"product","2":"type-product","3":"status-publish","4":"has-post-thumbnail","6":"product_cat-lipsud-lipsukomplektid-ja-erilised-lipsud","7":"product_cat-kingitused-ja-kingiideed","8":"product_cat-stiil-ja-mood","9":"product_cat-lipsud-komplektid-ja-erilised-lipsud","10":"pa_domineeriv-varv-punane","11":"pa_lipsu-stiil-kitsas","12":"pa_materjal-poluester","15":"first","16":"instock","17":"taxable","18":"shipping-taxable","19":"purchasable","20":"product-type-simple"},"aioseo_notices":[],"_links":{"self":[{"href":"https:\/\/goodstore.eu\/en\/wp-json\/wp\/v2\/product\/1453"}],"collection":[{"href":"https:\/\/goodstore.eu\/en\/wp-json\/wp\/v2\/product"}],"about":[{"href":"https:\/\/goodstore.eu\/en\/wp-json\/wp\/v2\/types\/product"}],"replies":[{"embeddable":true,"href":"https:\/\/goodstore.eu\/en\/wp-json\/wp\/v2\/comments?post=1453"}],"wp:featuredmedia":[{"embeddable":true,"href":"https:\/\/goodstore.eu\/en\/wp-json\/wp\/v2\/media\/1446"}],"wp:attachment":[{"href":"https:\/\/goodstore.eu\/en\/wp-json\/wp\/v2\/media?parent=1453"}],"wp:term":[{"taxonomy":"product_cat","embeddable":true,"href":"https:\/\/goodstore.eu\/en\/wp-json\/wp\/v2\/product_cat?post=1453"},{"taxonomy":"product_tag","embeddable":true,"href":"https:\/\/goodstore.eu\/en\/wp-json\/wp\/v2\/product_tag?post=1453"}],"curies":[{"name":"wp","href":"https:\/\/api.w.org\/{rel}","templated":true}]}}