
{"id":1463,"date":"2019-03-02T19:17:51","date_gmt":"2019-03-02T19:17:51","guid":{"rendered":"http:\/\/127.0.0.1\/wp\/product\/luksuslik-kitsas-lips-punane-hobedaste-lilledega\/"},"modified":"2024-07-07T19:59:40","modified_gmt":"2024-07-07T19:59:40","slug":"luksuslik-kitsas-lips-punane-hobedaste-lilledega","status":"publish","type":"product","link":"https:\/\/goodstore.eu\/en\/shop\/luksuslik-kitsas-lips-punane-hobedaste-lilledega\/","title":{"rendered":"Luksuslik kitsas lips, punane h\u00f5bedaste lilledega"},"content":{"rendered":"<div><span style=\"font-size:16px;\">Materjal:\u00a0K\u00e4sitsi tehtud siid<br \/>L\u00fchikirjeldus: K\u00f5rgekvaliteediga ja stiilne toode &#8211; ideaalne kink!<\/span><\/div>\n<div><span style=\"font-size:16px;\">Lipsu pikkus: 150cm<\/span><\/div>\n<div><span style=\"font-size:16px;\">Maksimaalne laius: 5,5cm\u00a0\u00a0<br \/>Minimaalne laius: 3,5cm<br \/>Pakend\u00a0sisaldab: 1 x tumepunane h\u00f5bedase mustriga luksuslik kitsas lips<br \/><\/span><\/div>\n<div><span style=\"font-size:16px;\"><\/p>\n<p><\/span><\/div>\n","protected":false},"excerpt":{"rendered":"<p>Luksuslik lips on valmistatud kvaliteetsest k\u00e4sitsi tehtud siidist, mis tagab elegantse v\u00e4limuse igale endast lugupidavale moodsale mehele. Kanna ja tunne r\u00f5\u00f5mu!<\/p>\n<p>Lips on elastne ja seet\u00f5ttu on seda v\u00e4ga lihtne s\u00f5lmida.<\/p>\n<p><\/p>\n","protected":false},"featured_media":1459,"comment_status":"open","ping_status":"closed","template":"","meta":{"om_disable_all_campaigns":false,"_monsterinsights_skip_tracking":false,"_monsterinsights_sitenote_active":false,"_monsterinsights_sitenote_note":"","_monsterinsights_sitenote_category":0},"product_cat":[40,34,36,38],"product_tag":[],"class_list":{"0":"post-1463","1":"product","2":"type-product","3":"status-publish","4":"has-post-thumbnail","6":"product_cat-lipsud-lipsukomplektid-ja-erilised-lipsud","7":"product_cat-kingitused-ja-kingiideed","8":"product_cat-stiil-ja-mood","9":"product_cat-lipsud-komplektid-ja-erilised-lipsud","12":"first","13":"outofstock","14":"taxable","15":"shipping-taxable","16":"purchasable","17":"product-type-simple"},"aioseo_notices":[],"_links":{"self":[{"href":"https:\/\/goodstore.eu\/en\/wp-json\/wp\/v2\/product\/1463"}],"collection":[{"href":"https:\/\/goodstore.eu\/en\/wp-json\/wp\/v2\/product"}],"about":[{"href":"https:\/\/goodstore.eu\/en\/wp-json\/wp\/v2\/types\/product"}],"replies":[{"embeddable":true,"href":"https:\/\/goodstore.eu\/en\/wp-json\/wp\/v2\/comments?post=1463"}],"wp:featuredmedia":[{"embeddable":true,"href":"https:\/\/goodstore.eu\/en\/wp-json\/wp\/v2\/media\/1459"}],"wp:attachment":[{"href":"https:\/\/goodstore.eu\/en\/wp-json\/wp\/v2\/media?parent=1463"}],"wp:term":[{"taxonomy":"product_cat","embeddable":true,"href":"https:\/\/goodstore.eu\/en\/wp-json\/wp\/v2\/product_cat?post=1463"},{"taxonomy":"product_tag","embeddable":true,"href":"https:\/\/goodstore.eu\/en\/wp-json\/wp\/v2\/product_tag?post=1463"}],"curies":[{"name":"wp","href":"https:\/\/api.w.org\/{rel}","templated":true}]}}