
{"id":148,"date":"2017-10-28T15:47:10","date_gmt":"2017-10-28T15:47:10","guid":{"rendered":"http:\/\/127.0.0.1\/wp\/product\/gold-fork-napkin-ring-holder\/"},"modified":"2017-10-28T15:47:10","modified_gmt":"2017-10-28T15:47:10","slug":"gold-fork-napkin-ring-holder","status":"publish","type":"product","link":"https:\/\/goodstore.eu\/en\/shop\/gold-fork-napkin-ring-holder\/","title":{"rendered":"Salvr\u00e4tiku hoidja, lauakaunistus &#8211; Kuldne kahvel"},"content":{"rendered":"<div><span style=\"font-size:16px;\">Mudel:\u00a0salvr\u00e4tiku r\u00f5ngas, salvr\u00e4tikuhoidja<\/span><\/div>\n<div><span style=\"font-size:16px;\">Materjal: Alumiinium<\/span><\/div>\n<div><span style=\"font-size:16px;\"><span style=\"font-size:16px;\">Kogus: 1 salvr\u00e4tiku r\u00f5ngas<\/span><span style=\"font-size:16px;\"><br \/><\/span><\/span><\/div>\n<div>\n<div><span style=\"font-size:16px;\"><span style=\"font-size:16px;\"><\/span><\/span> <\/p>\n<div><span style=\"font-size:16px;\">L\u00e4bim\u00f5\u00f5t (suurus): 4cm<\/span><\/div>\n<p> <span style=\"font-size:16px;\"><span style=\"font-size:16px;\"><\/span><\/span> <\/p>\n<div><span style=\"font-size:16px;\">Netokaal \u00fchiku kohta: 25g<\/span><\/div>\n<p> <span style=\"font-size:16px;\"><span style=\"font-size:16px;\"><\/span><\/span> <\/p>\n<div><span style=\"font-size:16px;\">Pakend: \u00dcks salvr\u00e4tikuhoidja on pakendatud eraldi PVC kotti.\u00a0<\/span><\/div>\n<p> <span style=\"font-size:16px;\"><span style=\"font-size:16px;\"><\/span><\/span> <\/p>\n<div><\/div><\/div>\n<div><span style=\"font-size:16px;\">M\u00e4rkus: Valguse ja\u00a0tausta\u00a0erinevuste t\u00f5ttu v\u00f5ib toote v\u00e4rv pildist pisut erineda.\u00a0<\/p>\n<p><iframe loading=\"lazy\" width=\"480\" height=\"270\" src=\"https:\/\/www.youtube.com\/embed\/4SRlOk2ssRA\" frameborder=\"0\"><\/iframe><br \/><\/span><\/div><\/div>\n","protected":false},"excerpt":{"rendered":"<p>Pilkup\u00fc\u00fcdev, praktiline ja kvaliteetne alumiiniumist toode.<\/p>\n<p>See kingitus on v\u00e4ga eriline lauakaunistuselement, mis lisab pidulikkust ja stiili igale peolauale.<\/p>\n","protected":false},"featured_media":146,"comment_status":"open","ping_status":"closed","template":"","meta":{"om_disable_all_campaigns":false,"_monsterinsights_skip_tracking":false,"_monsterinsights_sitenote_active":false,"_monsterinsights_sitenote_note":"","_monsterinsights_sitenote_category":0},"product_cat":[34],"product_tag":[],"class_list":{"0":"post-148","1":"product","2":"type-product","3":"status-publish","4":"has-post-thumbnail","6":"product_cat-kingitused-ja-kingiideed","9":"first","10":"instock","11":"taxable","12":"shipping-taxable","13":"purchasable","14":"product-type-simple"},"aioseo_notices":[],"_links":{"self":[{"href":"https:\/\/goodstore.eu\/en\/wp-json\/wp\/v2\/product\/148"}],"collection":[{"href":"https:\/\/goodstore.eu\/en\/wp-json\/wp\/v2\/product"}],"about":[{"href":"https:\/\/goodstore.eu\/en\/wp-json\/wp\/v2\/types\/product"}],"replies":[{"embeddable":true,"href":"https:\/\/goodstore.eu\/en\/wp-json\/wp\/v2\/comments?post=148"}],"wp:featuredmedia":[{"embeddable":true,"href":"https:\/\/goodstore.eu\/en\/wp-json\/wp\/v2\/media\/146"}],"wp:attachment":[{"href":"https:\/\/goodstore.eu\/en\/wp-json\/wp\/v2\/media?parent=148"}],"wp:term":[{"taxonomy":"product_cat","embeddable":true,"href":"https:\/\/goodstore.eu\/en\/wp-json\/wp\/v2\/product_cat?post=148"},{"taxonomy":"product_tag","embeddable":true,"href":"https:\/\/goodstore.eu\/en\/wp-json\/wp\/v2\/product_tag?post=148"}],"curies":[{"name":"wp","href":"https:\/\/api.w.org\/{rel}","templated":true}]}}