
{"id":1489,"date":"2019-03-03T21:33:22","date_gmt":"2019-03-03T21:33:22","guid":{"rendered":"http:\/\/127.0.0.1\/wp\/product\/tyhi-kinkekarp-lipsule-ristkyliku-kujuline\/"},"modified":"2023-03-14T09:11:14","modified_gmt":"2023-03-14T09:11:14","slug":"tyhi-kinkekarp-lipsule-ristkyliku-kujuline","status":"publish","type":"product","link":"https:\/\/goodstore.eu\/en\/shop\/tyhi-kinkekarp-lipsule-ristkyliku-kujuline\/","title":{"rendered":"T\u00fchi kinkekarp lipsule, musta v\u00e4rvi, ilma kirjadeta, ristk\u00fcliku kujuline"},"content":{"rendered":"<div>\n<div><span style=\"font-size:16px;\">Karbi materjal:\u00a0Pressitud papp<br \/><\/span><\/div>\n<div><span style=\"font-size:16px;\">Pikkus: 19,8cm<\/span><\/div>\n<div><span style=\"font-size:16px;\">K\u00f5rgus: 4,0cm;\u00a0\u00a0<br \/>Laius: 9,8cm<br \/><\/span><\/div>\n<div><span style=\"font-size:16px;\">M\u00fc\u00fcdav toode: 1 x\u00a0Musta v\u00e4rvi ristk\u00fcliku kujuline\u00a0papist\u00a0kinkekarp<\/span><\/div><\/div>\n","protected":false},"excerpt":{"rendered":"<p><span class=\"tlid-translation translation\">Kui teil on vaja kinkekarpi, siis siin on ristk\u00fcliku kujuline presspapist karp, kuhu saab ilusti laotada lipsu.<\/p>\n<p><\/span><strong><span style=\"color:#0700ff;\">Suurep\u00e4rane kinkepakend siin poes m\u00fc\u00fcgis olevatele karbita \u00fcksikutele lipsudele!<\/span><\/strong><\/p>\n","protected":false},"featured_media":1486,"comment_status":"open","ping_status":"closed","template":"","meta":{"om_disable_all_campaigns":false,"_monsterinsights_skip_tracking":false,"_monsterinsights_sitenote_active":false,"_monsterinsights_sitenote_note":"","_monsterinsights_sitenote_category":0},"product_cat":[40,34,36,38],"product_tag":[],"class_list":{"0":"post-1489","1":"product","2":"type-product","3":"status-publish","4":"has-post-thumbnail","6":"product_cat-lipsud-lipsukomplektid-ja-erilised-lipsud","7":"product_cat-kingitused-ja-kingiideed","8":"product_cat-stiil-ja-mood","9":"product_cat-lipsud-komplektid-ja-erilised-lipsud","12":"first","13":"outofstock","14":"taxable","15":"shipping-taxable","16":"purchasable","17":"product-type-simple"},"aioseo_notices":[],"_links":{"self":[{"href":"https:\/\/goodstore.eu\/en\/wp-json\/wp\/v2\/product\/1489"}],"collection":[{"href":"https:\/\/goodstore.eu\/en\/wp-json\/wp\/v2\/product"}],"about":[{"href":"https:\/\/goodstore.eu\/en\/wp-json\/wp\/v2\/types\/product"}],"replies":[{"embeddable":true,"href":"https:\/\/goodstore.eu\/en\/wp-json\/wp\/v2\/comments?post=1489"}],"wp:featuredmedia":[{"embeddable":true,"href":"https:\/\/goodstore.eu\/en\/wp-json\/wp\/v2\/media\/1486"}],"wp:attachment":[{"href":"https:\/\/goodstore.eu\/en\/wp-json\/wp\/v2\/media?parent=1489"}],"wp:term":[{"taxonomy":"product_cat","embeddable":true,"href":"https:\/\/goodstore.eu\/en\/wp-json\/wp\/v2\/product_cat?post=1489"},{"taxonomy":"product_tag","embeddable":true,"href":"https:\/\/goodstore.eu\/en\/wp-json\/wp\/v2\/product_tag?post=1489"}],"curies":[{"name":"wp","href":"https:\/\/api.w.org\/{rel}","templated":true}]}}