
{"id":1494,"date":"2019-03-03T21:53:32","date_gmt":"2019-03-03T21:53:32","guid":{"rendered":"http:\/\/127.0.0.1\/wp\/product\/tyhi-kinkekarp-lipsu-komplektile-ristkyliku-kujuline\/"},"modified":"2022-12-02T18:02:05","modified_gmt":"2022-12-02T18:02:05","slug":"tyhi-kinkekarp-lipsu-komplektile-ristkyliku-kujuline","status":"publish","type":"product","link":"https:\/\/goodstore.eu\/en\/shop\/tyhi-kinkekarp-lipsu-komplektile-ristkyliku-kujuline\/","title":{"rendered":"Empty Gift Box for Set of The Necktie, Black, Without Signs, Rectangle shape (L)"},"content":{"rendered":"<div>\n<div><span style=\"font-size: 16px;\">Karbi materjal:\u00a0Pressitud papp<br \/>\n<\/span><\/div>\n<div><span style=\"font-size: 16px;\">Pikkus: 27,0cm<\/span><\/div>\n<div><span style=\"font-size: 16px;\">K\u00f5rgus: 3,5cm;<br \/>\nLaius: 9,8cm<br \/>\n<\/span><\/div>\n<div><span style=\"font-size: 16px;\">M\u00fc\u00fcdav toode: 1 x\u00a0Musta v\u00e4rvi ristk\u00fcliku kujuline\u00a0papist\u00a0kinkekarp<\/span><\/div>\n<\/div>\n","protected":false},"excerpt":{"rendered":"<p><span class=\"tlid-translation translation\">Kui teil on vaja kinkekarpi, siis siin on ristk\u00fcliku kujuline presspapist karp, kuhu saab kenasti paigutada terve lipsu komplekti koos mansetin\u00f6\u00f6pide, lipsun\u00f5ela ja rinnar\u00e4tikuga.<\/span><\/p>\n<p><strong><span style=\"color: #0700ff;\">Suurep\u00e4rane kinkepakend siin poes m\u00fc\u00fcgis olevatele karbita lipsu komplektidele!<\/span><\/strong><\/p>\n","protected":false},"featured_media":1490,"comment_status":"open","ping_status":"closed","template":"","meta":{"om_disable_all_campaigns":false,"_monsterinsights_skip_tracking":false,"_monsterinsights_sitenote_active":false,"_monsterinsights_sitenote_note":"","_monsterinsights_sitenote_category":0},"product_cat":[40,34,36,38],"product_tag":[],"class_list":{"0":"post-1494","1":"product","2":"type-product","3":"status-publish","4":"has-post-thumbnail","6":"product_cat-lipsud-lipsukomplektid-ja-erilised-lipsud","7":"product_cat-kingitused-ja-kingiideed","8":"product_cat-stiil-ja-mood","9":"product_cat-lipsud-komplektid-ja-erilised-lipsud","12":"first","13":"instock","14":"taxable","15":"shipping-taxable","16":"purchasable","17":"product-type-simple"},"aioseo_notices":[],"_links":{"self":[{"href":"https:\/\/goodstore.eu\/en\/wp-json\/wp\/v2\/product\/1494"}],"collection":[{"href":"https:\/\/goodstore.eu\/en\/wp-json\/wp\/v2\/product"}],"about":[{"href":"https:\/\/goodstore.eu\/en\/wp-json\/wp\/v2\/types\/product"}],"replies":[{"embeddable":true,"href":"https:\/\/goodstore.eu\/en\/wp-json\/wp\/v2\/comments?post=1494"}],"wp:featuredmedia":[{"embeddable":true,"href":"https:\/\/goodstore.eu\/en\/wp-json\/wp\/v2\/media\/1490"}],"wp:attachment":[{"href":"https:\/\/goodstore.eu\/en\/wp-json\/wp\/v2\/media?parent=1494"}],"wp:term":[{"taxonomy":"product_cat","embeddable":true,"href":"https:\/\/goodstore.eu\/en\/wp-json\/wp\/v2\/product_cat?post=1494"},{"taxonomy":"product_tag","embeddable":true,"href":"https:\/\/goodstore.eu\/en\/wp-json\/wp\/v2\/product_tag?post=1494"}],"curies":[{"name":"wp","href":"https:\/\/api.w.org\/{rel}","templated":true}]}}