
{"id":156,"date":"2017-11-10T20:13:19","date_gmt":"2017-11-10T20:13:19","guid":{"rendered":"http:\/\/127.0.0.1\/wp\/product\/puidust-mini-euro-kaubaaluste-komplekt\/"},"modified":"2024-01-12T10:11:51","modified_gmt":"2024-01-12T10:11:51","slug":"puidust-mini-euro-kaubaaluste-komplekt","status":"publish","type":"product","link":"https:\/\/goodstore.eu\/en\/shop\/puidust-mini-euro-kaubaaluste-komplekt\/","title":{"rendered":"Puidust mini EURO kaubaaluste komplekt kuumade ja muude jookide jaoks"},"content":{"rendered":"<p><span id=\"result_box\" lang=\"et\" xml:lang=\"et\"><span>See puidust mini EURO kaubaaluste komplekt on stiilne ja funktsionaalne.<\/span> Valmis<span>tatud vastupidavast tugevast puidust.<\/span> <span>Sellised vastupidavad ja kergekaalulised kaubaaluste miniatuursed koopiad\u00a0suudavad kanda ka raskeid jooke.<\/span> <span>See sobib suurep\u00e4raselt restoranidesse, baaridesse, pubidesse, elutubadesse, kohvilaudadele\u00a0ning mujalegi hubastesse kohtadesse.<\/span><\/p>\n<p><span>Ideaalne kingitus transpordi, logistika v\u00f5i laostruktuurides t\u00f6\u00f6tavale inimesele<\/span><\/p>\n<p><span>Kaubaalused on toodetud k\u00f5rgekvaliteedilisest presspuitplaadist<\/span><\/p>\n<p><span>Komplekti kuulub 4 miniatuurset puidust kaubaalust erinevate jookide v\u00f5i kuumade tasside aluseks<\/span><\/p>\n<p><span>Suurep\u00e4rane uudne v\u00f5imalus kaitsta oma lauapindu kohvi \/ tee v\u00f5i muude joogiplekkide\u00a0eest<\/span><\/span><\/p>\n","protected":false},"excerpt":{"rendered":"<div id=\"gt-res-content\">\n<div id=\"gt-res-dir-ctr\" dir=\"ltr\" class=\"trans-verified-button-small\">\n<div dir=\"ltr\" class=\"trans-verified-button-small\">Lauakaunistuse ja aksessuaaride t\u00fc\u00fcp:\u00a0Jookide\u00a0alused<br \/>V\u00e4rv: nagu tootefotodel on n\u00e4idatud<\/div>\n<div dir=\"ltr\" class=\"trans-verified-button-small\">Materjal: Puit<\/div>\n<div dir=\"ltr\" class=\"trans-verified-button-small\">M\u00f5\u00f5dud: 12cm x 8cm x 1.8cm<\/div>\n<p> <span id=\"result_box\" lang=\"et\" xml:lang=\"et\"><span><\/span>Stiil: Euroopa<br \/>Kuju: Ristk\u00fclik<br \/>Materjali selgitus: Keskkonnas\u00f5bralik<br \/>Toote kasutus: k\u00f6\u00f6gid, baarid jne.<\/span><\/div>\n<\/p><\/div>\n","protected":false},"featured_media":149,"comment_status":"open","ping_status":"closed","template":"","meta":{"om_disable_all_campaigns":false,"_monsterinsights_skip_tracking":false,"_monsterinsights_sitenote_active":false,"_monsterinsights_sitenote_note":"","_monsterinsights_sitenote_category":0},"product_cat":[34],"product_tag":[],"class_list":{"0":"post-156","1":"product","2":"type-product","3":"status-publish","4":"has-post-thumbnail","6":"product_cat-kingitused-ja-kingiideed","9":"first","10":"instock","11":"taxable","12":"shipping-taxable","13":"purchasable","14":"product-type-simple"},"aioseo_notices":[],"_links":{"self":[{"href":"https:\/\/goodstore.eu\/en\/wp-json\/wp\/v2\/product\/156"}],"collection":[{"href":"https:\/\/goodstore.eu\/en\/wp-json\/wp\/v2\/product"}],"about":[{"href":"https:\/\/goodstore.eu\/en\/wp-json\/wp\/v2\/types\/product"}],"replies":[{"embeddable":true,"href":"https:\/\/goodstore.eu\/en\/wp-json\/wp\/v2\/comments?post=156"}],"wp:featuredmedia":[{"embeddable":true,"href":"https:\/\/goodstore.eu\/en\/wp-json\/wp\/v2\/media\/149"}],"wp:attachment":[{"href":"https:\/\/goodstore.eu\/en\/wp-json\/wp\/v2\/media?parent=156"}],"wp:term":[{"taxonomy":"product_cat","embeddable":true,"href":"https:\/\/goodstore.eu\/en\/wp-json\/wp\/v2\/product_cat?post=156"},{"taxonomy":"product_tag","embeddable":true,"href":"https:\/\/goodstore.eu\/en\/wp-json\/wp\/v2\/product_tag?post=156"}],"curies":[{"name":"wp","href":"https:\/\/api.w.org\/{rel}","templated":true}]}}