
{"id":162,"date":"2017-11-10T23:24:14","date_gmt":"2017-11-10T23:24:14","guid":{"rendered":"http:\/\/127.0.0.1\/wp\/product\/king-hip-hop-nokats\/"},"modified":"2021-09-10T07:46:35","modified_gmt":"2021-09-10T07:46:35","slug":"king-hip-hop-nokats","status":"publish","type":"product","link":"https:\/\/goodstore.eu\/en\/shop\/king-hip-hop-nokats\/","title":{"rendered":"&#8220;KING&#8221; Hip-Hop nokam\u00fcts, must"},"content":{"rendered":"<p><span id=\"result_box\" class=\"short_text\" lang=\"et\" xml:lang=\"et\">\u00c4ge ja kvaliteetne hip-hop nokats, mis ei vaja\u00a0kommentaare!<\/span><\/p>\n","protected":false},"excerpt":{"rendered":"<p><span id=\"result_box\" lang=\"et\" xml:lang=\"et\"><span>Materjal: puuvill, pol\u00fcester<\/span><\/p>\n<p><span>Sobivus: T\u00e4iskasvanud mehed-naised<\/span><\/p>\n<p><span>M\u00fctsi suurus: \u00fcks suurus sobib k\u00f5igile<\/span><\/p>\n<p><span>Pannal: Reguleeritav<\/span><\/p>\n<p>Mudelinimi: KING<\/p>\n<p>Paki kaal: 0,09kg (0,20lb.)<\/p>\n<p>Pakendi suurus: 25 cm x 20 cm x 15 cm (9,84 x 7,87 x 5,91 tolli)<\/span><\/p>\n","protected":false},"featured_media":157,"comment_status":"open","ping_status":"closed","template":"","meta":{"om_disable_all_campaigns":false,"_monsterinsights_skip_tracking":false,"_monsterinsights_sitenote_active":false,"_monsterinsights_sitenote_note":"","_monsterinsights_sitenote_category":0},"product_cat":[34,36],"product_tag":[],"class_list":{"0":"post-162","1":"product","2":"type-product","3":"status-publish","4":"has-post-thumbnail","6":"product_cat-kingitused-ja-kingiideed","7":"product_cat-stiil-ja-mood","10":"first","11":"outofstock","12":"taxable","13":"shipping-taxable","14":"purchasable","15":"product-type-simple"},"aioseo_notices":[],"_links":{"self":[{"href":"https:\/\/goodstore.eu\/en\/wp-json\/wp\/v2\/product\/162"}],"collection":[{"href":"https:\/\/goodstore.eu\/en\/wp-json\/wp\/v2\/product"}],"about":[{"href":"https:\/\/goodstore.eu\/en\/wp-json\/wp\/v2\/types\/product"}],"replies":[{"embeddable":true,"href":"https:\/\/goodstore.eu\/en\/wp-json\/wp\/v2\/comments?post=162"}],"wp:featuredmedia":[{"embeddable":true,"href":"https:\/\/goodstore.eu\/en\/wp-json\/wp\/v2\/media\/157"}],"wp:attachment":[{"href":"https:\/\/goodstore.eu\/en\/wp-json\/wp\/v2\/media?parent=162"}],"wp:term":[{"taxonomy":"product_cat","embeddable":true,"href":"https:\/\/goodstore.eu\/en\/wp-json\/wp\/v2\/product_cat?post=162"},{"taxonomy":"product_tag","embeddable":true,"href":"https:\/\/goodstore.eu\/en\/wp-json\/wp\/v2\/product_tag?post=162"}],"curies":[{"name":"wp","href":"https:\/\/api.w.org\/{rel}","templated":true}]}}