
{"id":1630,"date":"2019-03-05T22:29:17","date_gmt":"2019-03-05T22:29:17","guid":{"rendered":"http:\/\/127.0.0.1\/wp\/product\/luksusliku-siidlipsu-kinkekarp-must-ja-tumesinine\/"},"modified":"2022-12-10T19:03:15","modified_gmt":"2022-12-10T19:03:15","slug":"luksusliku-siidlipsu-kinkekarp-must-ja-tumesinine","status":"publish","type":"product","link":"https:\/\/goodstore.eu\/en\/shop\/luksusliku-siidlipsu-kinkekarp-must-ja-tumesinine\/","title":{"rendered":"Luksusliku siidlipsu kinkekarp, mansetin\u00f6\u00f6pide ja rinnar\u00e4tikuga, must ja tumesinine"},"content":{"rendered":"<div><span style=\"font-size:16px;\">Materjal: K\u00e4sitsi valmistatud siidist<br \/>L\u00fchikirjeldus: K\u00f5rgekvaliteediga, stiilne &#8211; ideaalne kink!<\/span><\/div>\n<div><span style=\"font-size:16px;\">Lipsu pikkus: 150cm<\/span><\/div>\n<div><span style=\"font-size:16px;\">Maksimaalne laius: 8,0cm\u00a0\u00a0<br \/>Minimaalne laius: 3,5cm<br \/>Rinnataskur\u00e4tiku m\u00f5\u00f5dud: 20cm x 20cm<\/span><\/div>\n<div><span style=\"font-size:16px;\">Komplekti kuulub: 1 X lips, 1 X rinnataskur\u00e4tik, 1\u00a0paar man\u017eetin\u00f6\u00f6pe<\/p>\n<p><span style=\"color:#3d00ff;\">Toode on pakendatud musta kinkekarpi!<\/span><br \/><\/span><\/div>\n","protected":false},"excerpt":{"rendered":"<p style=\"margin-bottom:0cm;line-height:100%;\"><span style=\"color:#ff002b;\">VARSTI ON SEE LIPS J\u00c4LLE LAOS TAGASI JA SAADAVUS TAASTUB!\u00a0<br \/><\/span><br \/>Luksuslik ja kvaliteetne k\u00e4sitsi valmistatud 100%-line siid, mis tagab elegantse v\u00e4limuse igale stiiliteadlikule ja endast lugupidavale h\u00e4rras- v\u00f5i \u00e4rimehele.<\/p>\n<p>Lips on elastne ja seet\u00f5ttu on seda v\u00e4ga lihtne s\u00f5lmida.<\/p>\n","protected":false},"featured_media":1625,"comment_status":"open","ping_status":"closed","template":"","meta":{"om_disable_all_campaigns":false,"_monsterinsights_skip_tracking":false,"_monsterinsights_sitenote_active":false,"_monsterinsights_sitenote_note":"","_monsterinsights_sitenote_category":0},"product_cat":[40,34,36,38],"product_tag":[],"class_list":{"0":"post-1630","1":"product","2":"type-product","3":"status-publish","4":"has-post-thumbnail","6":"product_cat-lipsud-lipsukomplektid-ja-erilised-lipsud","7":"product_cat-kingitused-ja-kingiideed","8":"product_cat-stiil-ja-mood","9":"product_cat-lipsud-komplektid-ja-erilised-lipsud","12":"first","13":"outofstock","14":"taxable","15":"shipping-taxable","16":"purchasable","17":"product-type-simple"},"aioseo_notices":[],"_links":{"self":[{"href":"https:\/\/goodstore.eu\/en\/wp-json\/wp\/v2\/product\/1630"}],"collection":[{"href":"https:\/\/goodstore.eu\/en\/wp-json\/wp\/v2\/product"}],"about":[{"href":"https:\/\/goodstore.eu\/en\/wp-json\/wp\/v2\/types\/product"}],"replies":[{"embeddable":true,"href":"https:\/\/goodstore.eu\/en\/wp-json\/wp\/v2\/comments?post=1630"}],"wp:featuredmedia":[{"embeddable":true,"href":"https:\/\/goodstore.eu\/en\/wp-json\/wp\/v2\/media\/1625"}],"wp:attachment":[{"href":"https:\/\/goodstore.eu\/en\/wp-json\/wp\/v2\/media?parent=1630"}],"wp:term":[{"taxonomy":"product_cat","embeddable":true,"href":"https:\/\/goodstore.eu\/en\/wp-json\/wp\/v2\/product_cat?post=1630"},{"taxonomy":"product_tag","embeddable":true,"href":"https:\/\/goodstore.eu\/en\/wp-json\/wp\/v2\/product_tag?post=1630"}],"curies":[{"name":"wp","href":"https:\/\/api.w.org\/{rel}","templated":true}]}}