
{"id":1683,"date":"2019-03-08T21:13:28","date_gmt":"2019-03-08T21:13:28","guid":{"rendered":"http:\/\/127.0.0.1\/wp\/product\/saab-96-v4-m1964-143-skaalas\/"},"modified":"2022-11-27T19:33:50","modified_gmt":"2022-11-27T19:33:50","slug":"saab-96-v4-m1964-143-skaalas","status":"publish","type":"product","link":"https:\/\/goodstore.eu\/en\/shop\/saab-96-v4-m1964-143-skaalas\/","title":{"rendered":"SAAB 96 V4 M1964 1:43 m\u00f5\u00f5tkavas"},"content":{"rendered":"<p><span style=\"font-family:Lato;font-size:16px;\">Kollektsion\u00e4\u00e4ri mudelauto SAAB 96 M1964 saatkonna sinine<\/span><br style=\"font-family:Lato;font-size:16px;\" \/><span style=\"font-family:Lato;font-size:16px;\">1:43 skaala<br \/>Tellija\/valmistaja: Triple-9 Collection<\/span><\/p>\n","protected":false},"excerpt":{"rendered":"<p><span class=\"tlid-translation translation\"><span title=\"\">Triple-9\u00a0SAAB 96 V4 M1964 mudelautol on\u00a0Tumesinine ehk\u00a0Saatkonna sinine\u00a0kere v\u00e4rv ja\u00a0helesinised\u00a0istmed.<\/span> <span title=\"\">V\u00e4ga detailselt v\u00e4ljat\u00f6\u00f6tatud, nagu ka\u00a0fotodelt n\u00e4ha.<\/span> Tegemist on\u00a0<span title=\"\">t\u00e4iesti uue\u00a0kollektsion\u00e4\u00e4ri\u00a0mudelautoga.<\/span> <span title=\"\">See ei ole m\u00e4nguauto!<\/span>\u00a0<br \/><span title=\"\">Karp on avatud ainult tootefotode\u00a0\u00fclesv\u00f5tmise eesm\u00e4rgil, kuid\u00a0rohkem\u00a0pole kasutatud.<\/span> Vitriinkarbi<span title=\"\">\u00a0m\u00f5\u00f5tmed on150x70x70 mm.<\/span><\/p>\n<p><span title=\"\">Selle mudelauto on valmistanud\u00a0<\/span><\/span>PCT Collectibles Industry, Ltd.<\/p>\n<p>Vanusele alates: 14+<\/p>\n","protected":false},"featured_media":1656,"comment_status":"open","ping_status":"closed","template":"","meta":{"om_disable_all_campaigns":false,"_monsterinsights_skip_tracking":false,"_monsterinsights_sitenote_active":false,"_monsterinsights_sitenote_note":"","_monsterinsights_sitenote_category":0},"product_cat":[31,35],"product_tag":[],"class_list":{"0":"post-1683","1":"product","2":"type-product","3":"status-publish","4":"has-post-thumbnail","6":"product_cat-avalehele","7":"product_cat-mudelautod","10":"first","11":"outofstock","12":"taxable","13":"shipping-taxable","14":"purchasable","15":"product-type-simple"},"aioseo_notices":[],"_links":{"self":[{"href":"https:\/\/goodstore.eu\/en\/wp-json\/wp\/v2\/product\/1683"}],"collection":[{"href":"https:\/\/goodstore.eu\/en\/wp-json\/wp\/v2\/product"}],"about":[{"href":"https:\/\/goodstore.eu\/en\/wp-json\/wp\/v2\/types\/product"}],"replies":[{"embeddable":true,"href":"https:\/\/goodstore.eu\/en\/wp-json\/wp\/v2\/comments?post=1683"}],"wp:featuredmedia":[{"embeddable":true,"href":"https:\/\/goodstore.eu\/en\/wp-json\/wp\/v2\/media\/1656"}],"wp:attachment":[{"href":"https:\/\/goodstore.eu\/en\/wp-json\/wp\/v2\/media?parent=1683"}],"wp:term":[{"taxonomy":"product_cat","embeddable":true,"href":"https:\/\/goodstore.eu\/en\/wp-json\/wp\/v2\/product_cat?post=1683"},{"taxonomy":"product_tag","embeddable":true,"href":"https:\/\/goodstore.eu\/en\/wp-json\/wp\/v2\/product_tag?post=1683"}],"curies":[{"name":"wp","href":"https:\/\/api.w.org\/{rel}","templated":true}]}}