
{"id":1708,"date":"2019-03-13T22:17:09","date_gmt":"2019-03-13T22:17:09","guid":{"rendered":"http:\/\/127.0.0.1\/wp\/product\/saab-9-2x-aero-m2005-143-skaalas\/"},"modified":"2022-11-27T19:33:41","modified_gmt":"2022-11-27T19:33:41","slug":"saab-9-2x-aero-m2005-143-skaalas","status":"publish","type":"product","link":"https:\/\/goodstore.eu\/en\/shop\/saab-9-2x-aero-m2005-143-skaalas\/","title":{"rendered":"SAAB 9-2X Aero M2005 1:43 skaalas"},"content":{"rendered":"<p><span style=\"font-family:Lato;font-size:16px;\">Kollektsion\u00e4\u00e4ri mudelauto\u00a0SAAB 9-2X Aero M2005 ehk rahvakeeli Saabaru<\/span><br style=\"font-family:Lato;font-size:16px;\" \/><span style=\"font-family:Lato;font-size:16px;\">1:43 skaala<br \/>Tellija\/valmistaja:\u00a0SAAB \/ Norev<\/p>\n<p>Mudel vanusele alates: 14+<\/p>\n<p>Mudelauto on pakendatud l\u00e4bipaistva kaanega vitriinkarpi.<br \/><\/span><\/p>\n","protected":false},"excerpt":{"rendered":"<p>See on auto, mille tootmine SAAB-i m\u00e4rgi all j\u00e4i \u00fcsna l\u00fchikeseks. SAAB 9-2X autod olid seeriatootmises aastatel 2005-2007.\u00a0<br \/>Pole selge, mida SAAB-i br\u00e4nd soovis selle auto valmistamisega saavutada. Igatahes toodeti SAAB 9-2X autosid peamiselt ainult USA turule ning nii kanduski Subaru peamine omadus &#8211;\u00a0 nelikvedu, \u00fcle SAAB-idele.<\/p>\n<p>Tegemist on\u00a0sisuliselt Subaru Impreza teise p\u00f5lvkonna mudeliga. Mida siis peamiselt muudeti?<\/p>\n<p>Subaru Impreza WRX (2. genearatsiooni facelift) kerele anti SAAB-ilik v\u00e4limus: Muudeti esi- ja tagumine kaitseraud ning lisati SAAB-i <strong><em>varesega<\/em><\/strong> embleemid. Tulemuseks\u00a0on rahvakeeles\u00a0Saabaru.<\/p>\n<p>Isegi \u00f6\u00f6sel ja pimedas ei tee isegi t\u00f5eline Saab-f\u00e4nn SAAB 9-2X v\u00f5i Subaru Impreza vahel vahet, kuna\u00a0auto v\u00e4list kesta, klaase ja mootorit SAABi disainerid ei muutunud.<\/p><\/p>\n","protected":false},"featured_media":1684,"comment_status":"open","ping_status":"closed","template":"","meta":{"om_disable_all_campaigns":false,"_monsterinsights_skip_tracking":false,"_monsterinsights_sitenote_active":false,"_monsterinsights_sitenote_note":"","_monsterinsights_sitenote_category":0},"product_cat":[31,35],"product_tag":[],"class_list":{"0":"post-1708","1":"product","2":"type-product","3":"status-publish","4":"has-post-thumbnail","6":"product_cat-avalehele","7":"product_cat-mudelautod","10":"first","11":"outofstock","12":"taxable","13":"shipping-taxable","14":"purchasable","15":"product-type-simple"},"aioseo_notices":[],"_links":{"self":[{"href":"https:\/\/goodstore.eu\/en\/wp-json\/wp\/v2\/product\/1708"}],"collection":[{"href":"https:\/\/goodstore.eu\/en\/wp-json\/wp\/v2\/product"}],"about":[{"href":"https:\/\/goodstore.eu\/en\/wp-json\/wp\/v2\/types\/product"}],"replies":[{"embeddable":true,"href":"https:\/\/goodstore.eu\/en\/wp-json\/wp\/v2\/comments?post=1708"}],"wp:featuredmedia":[{"embeddable":true,"href":"https:\/\/goodstore.eu\/en\/wp-json\/wp\/v2\/media\/1684"}],"wp:attachment":[{"href":"https:\/\/goodstore.eu\/en\/wp-json\/wp\/v2\/media?parent=1708"}],"wp:term":[{"taxonomy":"product_cat","embeddable":true,"href":"https:\/\/goodstore.eu\/en\/wp-json\/wp\/v2\/product_cat?post=1708"},{"taxonomy":"product_tag","embeddable":true,"href":"https:\/\/goodstore.eu\/en\/wp-json\/wp\/v2\/product_tag?post=1708"}],"curies":[{"name":"wp","href":"https:\/\/api.w.org\/{rel}","templated":true}]}}