
{"id":1715,"date":"2019-03-14T13:03:54","date_gmt":"2019-03-14T13:03:54","guid":{"rendered":"http:\/\/127.0.0.1\/wp\/product\/kinkekarp-luksusliku-lipsuga-sarav-roosa\/"},"modified":"2019-03-14T13:03:54","modified_gmt":"2019-03-14T13:03:54","slug":"kinkekarp-luksusliku-lipsuga-sarav-roosa","status":"publish","type":"product","link":"https:\/\/goodstore.eu\/en\/shop\/kinkekarp-luksusliku-lipsuga-sarav-roosa\/","title":{"rendered":"Kinkekarp luksusliku lipsu, mansetin\u00f6\u00f6pide, lipsun\u00f5ela ja rinnataskur\u00e4tikuga, s\u00e4rav roosa"},"content":{"rendered":"<div><span style=\"font-size:16px;\">Materjal: Polyester\u00a0siid<br \/>L\u00fchikirjeldus: K\u00f5rgekvaliteediga, stiilne, ilma siltideta tooted &#8211; ideaalne kink!<\/span><\/div>\n<div><span style=\"font-size:16px;\">Lipsu pikkus: 145cm<\/span><\/div>\n<div><span style=\"font-size:16px;\">Maksimaalne laius: 8cm\u00a0\u00a0<br \/>Minimaalne laius: 3,5cm<br \/>Rinnataskur\u00e4tiku m\u00f5\u00f5dud: 20cm x 20cm<\/span><\/div>\n<div><span style=\"font-size:16px;\">Kinkekarbi komplekti kuulub: 1 X lips, 1 X taskur\u00e4tik, 1\u00a0paar man\u017eetin\u00f6\u00f6pe, 1 h\u00f5bedane lipsun\u00f5el<\/p>\n<p><span style=\"color:rgb(61,0,255);\">Toode on pakendatud\u00a0valgesse kinkekarpi!<\/span><br \/><\/span><\/div>\n","protected":false},"excerpt":{"rendered":"<p>Lips on valmistatud kvaliteetse pol\u00fcester-fiiber kangast, mis tagab elegantse v\u00e4limuse igale endast lugupidavale h\u00e4rras- v\u00f5i \u00e4rimehele. Samas on v\u00f5imalus Eestimaisesse suht pilvisesse ilmastikku ise p\u00e4ikest tuua! <br \/>Komplekti kuulub lips, rinnar\u00e4tik, mansetin\u00f6\u00f6bid ja isegi lipsun\u00f5el &#8211; seega k\u00f5ik vajalik.<\/p>\n<p>Lips on elastne ja seet\u00f5ttu on seda v\u00e4ga lihtne s\u00f5lmida.<\/p>\n","protected":false},"featured_media":1712,"comment_status":"open","ping_status":"closed","template":"","meta":{"om_disable_all_campaigns":false,"_monsterinsights_skip_tracking":false,"_monsterinsights_sitenote_active":false,"_monsterinsights_sitenote_note":"","_monsterinsights_sitenote_category":0},"product_cat":[40,34,36,38],"product_tag":[],"class_list":{"0":"post-1715","1":"product","2":"type-product","3":"status-publish","4":"has-post-thumbnail","6":"product_cat-lipsud-lipsukomplektid-ja-erilised-lipsud","7":"product_cat-kingitused-ja-kingiideed","8":"product_cat-stiil-ja-mood","9":"product_cat-lipsud-komplektid-ja-erilised-lipsud","12":"first","13":"instock","14":"taxable","15":"shipping-taxable","16":"purchasable","17":"product-type-simple"},"aioseo_notices":[],"_links":{"self":[{"href":"https:\/\/goodstore.eu\/en\/wp-json\/wp\/v2\/product\/1715"}],"collection":[{"href":"https:\/\/goodstore.eu\/en\/wp-json\/wp\/v2\/product"}],"about":[{"href":"https:\/\/goodstore.eu\/en\/wp-json\/wp\/v2\/types\/product"}],"replies":[{"embeddable":true,"href":"https:\/\/goodstore.eu\/en\/wp-json\/wp\/v2\/comments?post=1715"}],"wp:featuredmedia":[{"embeddable":true,"href":"https:\/\/goodstore.eu\/en\/wp-json\/wp\/v2\/media\/1712"}],"wp:attachment":[{"href":"https:\/\/goodstore.eu\/en\/wp-json\/wp\/v2\/media?parent=1715"}],"wp:term":[{"taxonomy":"product_cat","embeddable":true,"href":"https:\/\/goodstore.eu\/en\/wp-json\/wp\/v2\/product_cat?post=1715"},{"taxonomy":"product_tag","embeddable":true,"href":"https:\/\/goodstore.eu\/en\/wp-json\/wp\/v2\/product_tag?post=1715"}],"curies":[{"name":"wp","href":"https:\/\/api.w.org\/{rel}","templated":true}]}}