
{"id":1727,"date":"2019-03-15T08:38:26","date_gmt":"2019-03-15T08:38:26","guid":{"rendered":"http:\/\/127.0.0.1\/wp\/product\/seotav-lips-panda-karudega-pastelne-kollane\/"},"modified":"2022-12-10T19:01:34","modified_gmt":"2022-12-10T19:01:34","slug":"seotav-lips-panda-karudega-pastelne-kollane","status":"publish","type":"product","link":"https:\/\/goodstore.eu\/en\/shop\/seotav-lips-panda-karudega-pastelne-kollane\/","title":{"rendered":"Seotav lips, panda karudega pastelne kollane"},"content":{"rendered":"<div><span style=\"font-size:16px;\">Materjal:\u00a0K\u00e4sitsi valmistatud pol\u00fcesterkangast ja siidist<br \/>L\u00fchikirjeldus: K\u00f5rgekvaliteediga, stiilne &#8211; ideaalne kink!<\/span><\/div>\n<div><span style=\"font-size:16px;\">Lipsu pikkus: 148cm<\/span><\/div>\n<div><span style=\"font-size:16px;\">Maksimaalne laius: 8cm\u00a0\u00a0<br \/>Minimaalne laius: 3,5cm<br \/>Pakend\u00a0sisaldab: 1 x lips<br \/><\/span><\/div>\n<div><span style=\"font-size:16px;\"><br \/><span style=\"color:#2600ff;\">NB! Toode pole pakendatud kinkekarpi. Soovi korral saab selle eraldi juurde osta.<\/span><\/span><\/div>\n","protected":false},"excerpt":{"rendered":"<p><span id=\"result_box\" lang=\"et\" xml:lang=\"et\">Kvaliteetne<span>\u00a0k\u00e4sitsi valmistatud seotav lips pol\u00fcester-siid kangast, mis sobib h\u00e4sti m\u00f5nele lustakale peole v\u00f5i muidu vabal ajal kandmiseks.<br \/><\/span>Kui kannad seda lipsu, siis ei j\u00e4ta see kedagi k\u00fclmaks! Paljud tulevad ja soovivad selle lipsukandjaga vestlusi alustada!\u00a0<br \/>M\u00f5tle juba ette ning \u00e4ra nukrutse \u00fcksinda kusagil teistest eemal. Pigem kanna seda kollast pandakarudega lipsu ja ole seltskonna keskmes!<\/p>\n<p><span>Lips on elastne ja seet\u00f5ttu on seda v\u00e4ga lihtne s\u00f5lmida.<\/span><\/span><\/p>\n","protected":false},"featured_media":1724,"comment_status":"open","ping_status":"closed","template":"","meta":{"om_disable_all_campaigns":false,"_monsterinsights_skip_tracking":false,"_monsterinsights_sitenote_active":false,"_monsterinsights_sitenote_note":"","_monsterinsights_sitenote_category":0},"product_cat":[40,34,36,38],"product_tag":[],"class_list":{"0":"post-1727","1":"product","2":"type-product","3":"status-publish","4":"has-post-thumbnail","6":"product_cat-lipsud-lipsukomplektid-ja-erilised-lipsud","7":"product_cat-kingitused-ja-kingiideed","8":"product_cat-stiil-ja-mood","9":"product_cat-lipsud-komplektid-ja-erilised-lipsud","12":"first","13":"instock","14":"taxable","15":"shipping-taxable","16":"purchasable","17":"product-type-simple"},"aioseo_notices":[],"_links":{"self":[{"href":"https:\/\/goodstore.eu\/en\/wp-json\/wp\/v2\/product\/1727"}],"collection":[{"href":"https:\/\/goodstore.eu\/en\/wp-json\/wp\/v2\/product"}],"about":[{"href":"https:\/\/goodstore.eu\/en\/wp-json\/wp\/v2\/types\/product"}],"replies":[{"embeddable":true,"href":"https:\/\/goodstore.eu\/en\/wp-json\/wp\/v2\/comments?post=1727"}],"wp:featuredmedia":[{"embeddable":true,"href":"https:\/\/goodstore.eu\/en\/wp-json\/wp\/v2\/media\/1724"}],"wp:attachment":[{"href":"https:\/\/goodstore.eu\/en\/wp-json\/wp\/v2\/media?parent=1727"}],"wp:term":[{"taxonomy":"product_cat","embeddable":true,"href":"https:\/\/goodstore.eu\/en\/wp-json\/wp\/v2\/product_cat?post=1727"},{"taxonomy":"product_tag","embeddable":true,"href":"https:\/\/goodstore.eu\/en\/wp-json\/wp\/v2\/product_tag?post=1727"}],"curies":[{"name":"wp","href":"https:\/\/api.w.org\/{rel}","templated":true}]}}