
{"id":173,"date":"2017-11-10T23:54:20","date_gmt":"2017-11-10T23:54:20","guid":{"rendered":"http:\/\/127.0.0.1\/wp\/product\/queen-hip-hop-kootud-suusamyts-must\/"},"modified":"2023-08-26T16:27:39","modified_gmt":"2023-08-26T16:27:39","slug":"queen-hip-hop-kootud-suusamyts-must","status":"publish","type":"product","link":"https:\/\/goodstore.eu\/en\/shop\/queen-hip-hop-kootud-suusamyts-must\/","title":{"rendered":"&#8220;QUEEN&#8221; Hip-Hop kootud suusam\u00fcts, must"},"content":{"rendered":"<p><span id=\"result_box\" class=\"short_text\" lang=\"et\" xml:lang=\"et\">\u00c4ge ja kvaliteetne hip-hop m\u00fcts, mis ei vaja mingeid kommentaare!<\/span><\/p>\n","protected":false},"excerpt":{"rendered":"<p><span id=\"result_box\" lang=\"et\" xml:lang=\"et\"><span>Materjal: puuvill<\/span><\/p>\n<p><span>Sobivus: T\u00e4iskasvanud mehed-naised<\/span><\/p>\n<p><span>M\u00fctsi suurus: \u00fcks suurus sobib k\u00f5igile<\/span><\/p>\n<p>Mudelinimi:\u00a0QUEEN<\/p>\n<p>Paki kaal: 0,09kg (0,20lb.)<\/p>\n<p>Pakendi suurus: 25 cm x 20 cm x 15 cm (9,84 x 7,87 x 5,91 tolli)<\/span><\/p>\n","protected":false},"featured_media":171,"comment_status":"open","ping_status":"closed","template":"","meta":{"om_disable_all_campaigns":false,"_monsterinsights_skip_tracking":false,"_monsterinsights_sitenote_active":false,"_monsterinsights_sitenote_note":"","_monsterinsights_sitenote_category":0},"product_cat":[34,36],"product_tag":[],"class_list":{"0":"post-173","1":"product","2":"type-product","3":"status-publish","4":"has-post-thumbnail","6":"product_cat-kingitused-ja-kingiideed","7":"product_cat-stiil-ja-mood","10":"first","11":"outofstock","12":"taxable","13":"shipping-taxable","14":"purchasable","15":"product-type-simple"},"aioseo_notices":[],"_links":{"self":[{"href":"https:\/\/goodstore.eu\/en\/wp-json\/wp\/v2\/product\/173"}],"collection":[{"href":"https:\/\/goodstore.eu\/en\/wp-json\/wp\/v2\/product"}],"about":[{"href":"https:\/\/goodstore.eu\/en\/wp-json\/wp\/v2\/types\/product"}],"replies":[{"embeddable":true,"href":"https:\/\/goodstore.eu\/en\/wp-json\/wp\/v2\/comments?post=173"}],"wp:featuredmedia":[{"embeddable":true,"href":"https:\/\/goodstore.eu\/en\/wp-json\/wp\/v2\/media\/171"}],"wp:attachment":[{"href":"https:\/\/goodstore.eu\/en\/wp-json\/wp\/v2\/media?parent=173"}],"wp:term":[{"taxonomy":"product_cat","embeddable":true,"href":"https:\/\/goodstore.eu\/en\/wp-json\/wp\/v2\/product_cat?post=173"},{"taxonomy":"product_tag","embeddable":true,"href":"https:\/\/goodstore.eu\/en\/wp-json\/wp\/v2\/product_tag?post=173"}],"curies":[{"name":"wp","href":"https:\/\/api.w.org\/{rel}","templated":true}]}}