
{"id":1770,"date":"2019-03-17T10:03:03","date_gmt":"2019-03-17T10:03:03","guid":{"rendered":"http:\/\/127.0.0.1\/wp\/product\/seotav-lips-disaineri-tikandmustriga-roomsates-varvilistes-toonides\/"},"modified":"2019-03-17T10:03:03","modified_gmt":"2019-03-17T10:03:03","slug":"seotav-lips-disaineri-tikandmustriga-roomsates-varvilistes-toonides","status":"publish","type":"product","link":"https:\/\/goodstore.eu\/en\/shop\/seotav-lips-disaineri-tikandmustriga-roomsates-varvilistes-toonides\/","title":{"rendered":"Seotav lips, disaineri tikandmustriga, r\u00f5\u00f5msates v\u00e4rvilistes toonides"},"content":{"rendered":"<div><span style=\"font-size:16px;\">Materjal:\u00a0K\u00e4sitsi tehtud siid<br \/>L\u00fchikirjeldus: K\u00f5rgekvaliteediga ja stiilne toode &#8211; ideaalne kink!<\/span><\/div>\n<div><span style=\"font-size:16px;\">Lipsu pikkus: 146cm<\/span><\/div>\n<div><span style=\"font-size:16px;\">Maksimaalne laius: 8,0cm\u00a0\u00a0<br \/>Minimaalne laius: 3,5cm<br \/>Pakend\u00a0sisaldabb: 1 x v\u00e4rviline lips<br \/><\/span><\/div>\n<div><span style=\"font-size:16px;\"><br \/><span style=\"color:#2600ff;\">NB! Toode pole pakendatud kinkekarpi. Soovi korral saab selle eraldi juurde osta.<\/span><br \/><\/span><\/div>\n","protected":false},"excerpt":{"rendered":"<p><span id=\"result_box\" lang=\"et\" xml:lang=\"et\"><span>Kvaliteetne k\u00e4sitsi tehtud siid, mis tagab elegantse v\u00e4limuse igale endast lugupidavale h\u00e4rras- v\u00f5i \u00e4rimehele.<\/span><br \/><span>Lips on elastne ja seet\u00f5ttu on seda v\u00e4ga lihtne s\u00f5lmida.<\/span><\/span><\/p>\n","protected":false},"featured_media":1768,"comment_status":"open","ping_status":"closed","template":"","meta":{"om_disable_all_campaigns":false,"_monsterinsights_skip_tracking":false,"_monsterinsights_sitenote_active":false,"_monsterinsights_sitenote_note":"","_monsterinsights_sitenote_category":0},"product_cat":[40,34,36,38],"product_tag":[],"class_list":{"0":"post-1770","1":"product","2":"type-product","3":"status-publish","4":"has-post-thumbnail","6":"product_cat-lipsud-lipsukomplektid-ja-erilised-lipsud","7":"product_cat-kingitused-ja-kingiideed","8":"product_cat-stiil-ja-mood","9":"product_cat-lipsud-komplektid-ja-erilised-lipsud","12":"first","13":"instock","14":"taxable","15":"shipping-taxable","16":"purchasable","17":"product-type-simple"},"aioseo_notices":[],"_links":{"self":[{"href":"https:\/\/goodstore.eu\/en\/wp-json\/wp\/v2\/product\/1770"}],"collection":[{"href":"https:\/\/goodstore.eu\/en\/wp-json\/wp\/v2\/product"}],"about":[{"href":"https:\/\/goodstore.eu\/en\/wp-json\/wp\/v2\/types\/product"}],"replies":[{"embeddable":true,"href":"https:\/\/goodstore.eu\/en\/wp-json\/wp\/v2\/comments?post=1770"}],"wp:featuredmedia":[{"embeddable":true,"href":"https:\/\/goodstore.eu\/en\/wp-json\/wp\/v2\/media\/1768"}],"wp:attachment":[{"href":"https:\/\/goodstore.eu\/en\/wp-json\/wp\/v2\/media?parent=1770"}],"wp:term":[{"taxonomy":"product_cat","embeddable":true,"href":"https:\/\/goodstore.eu\/en\/wp-json\/wp\/v2\/product_cat?post=1770"},{"taxonomy":"product_tag","embeddable":true,"href":"https:\/\/goodstore.eu\/en\/wp-json\/wp\/v2\/product_tag?post=1770"}],"curies":[{"name":"wp","href":"https:\/\/api.w.org\/{rel}","templated":true}]}}