
{"id":1776,"date":"2019-03-17T14:31:55","date_gmt":"2019-03-17T14:31:55","guid":{"rendered":"http:\/\/127.0.0.1\/wp\/product\/seotav-lips-roosade-nootidega-stiilne-kitsas\/"},"modified":"2026-02-24T20:09:24","modified_gmt":"2026-02-24T20:09:24","slug":"seotav-lips-roosade-nootidega-stiilne-kitsas","status":"publish","type":"product","link":"https:\/\/goodstore.eu\/en\/shop\/seotav-lips-roosade-nootidega-stiilne-kitsas\/","title":{"rendered":"Seotav lips, roosade nootidega, stiilne, kitsas"},"content":{"rendered":"<p><\/p>\n<div><span style=\"font-size:16px;\">Materjal:\u00a0Pol\u00fcester kangas<br \/>L\u00fchikirjeldus: K\u00f5rgekvaliteediga ja stiilne toode &#8211; ideaalne kink!<\/span><\/div>\n<div><span style=\"font-size:16px;\">Lipsu pikkus: 145cm<\/span><\/div>\n<div><span style=\"font-size:16px;\">Maksimaalne laius: 5,0cm\u00a0\u00a0<br \/>Minimaalne laius: 3,5cm<br \/>Pakend\u00a0sisaldab: 1 x roosade nootidega\u00a0kitsas lips<br \/><\/span><\/div>\n<div><span style=\"font-size:16px;\"><br \/><span style=\"color:#2600ff;\">NB! Toode pole pakendatud kinkekarpi. Soovi korral saab selle eraldi juurde osta.<\/span><br \/><\/span><\/div>\n<p><\/p>","protected":false},"excerpt":{"rendered":"<p>Lips on valmistatud kvaliteetsest pol\u00fcestrist, mis tagab elegantse v\u00e4limuse igale endast lugupidavale moodsale mehele ning annab k\u00f5rvaltvaatajatele aimdust selle kandja muusikalembusest. Juttu j\u00e4tkub kauemaks.<\/p>\n<p>Lips on elastne ja seet\u00f5ttu on seda v\u00e4ga lihtne s\u00f5lmida.<\/p>\n","protected":false},"featured_media":1771,"comment_status":"open","ping_status":"closed","template":"","meta":{"om_disable_all_campaigns":false,"_monsterinsights_skip_tracking":false,"_monsterinsights_sitenote_active":false,"_monsterinsights_sitenote_note":"","_monsterinsights_sitenote_category":0},"product_cat":[40,39,34,36,38],"product_tag":[],"class_list":{"0":"post-1776","1":"product","2":"type-product","3":"status-publish","4":"has-post-thumbnail","6":"product_cat-lipsud-lipsukomplektid-ja-erilised-lipsud","7":"product_cat-muusika-temaatilised-tooted","8":"product_cat-kingitused-ja-kingiideed","9":"product_cat-stiil-ja-mood","10":"product_cat-lipsud-komplektid-ja-erilised-lipsud","11":"pa_domineeriv-varv-must","12":"pa_domineeriv-varv-roosa","13":"pa_lipsu-stiil-kitsas","14":"pa_materjal-poluester","15":"pa_pakend-tootel-on-tavaline-lihtne-pakend","18":"first","19":"instock","20":"taxable","21":"shipping-taxable","22":"purchasable","23":"product-type-simple"},"aioseo_notices":[],"_links":{"self":[{"href":"https:\/\/goodstore.eu\/en\/wp-json\/wp\/v2\/product\/1776"}],"collection":[{"href":"https:\/\/goodstore.eu\/en\/wp-json\/wp\/v2\/product"}],"about":[{"href":"https:\/\/goodstore.eu\/en\/wp-json\/wp\/v2\/types\/product"}],"replies":[{"embeddable":true,"href":"https:\/\/goodstore.eu\/en\/wp-json\/wp\/v2\/comments?post=1776"}],"wp:featuredmedia":[{"embeddable":true,"href":"https:\/\/goodstore.eu\/en\/wp-json\/wp\/v2\/media\/1771"}],"wp:attachment":[{"href":"https:\/\/goodstore.eu\/en\/wp-json\/wp\/v2\/media?parent=1776"}],"wp:term":[{"taxonomy":"product_cat","embeddable":true,"href":"https:\/\/goodstore.eu\/en\/wp-json\/wp\/v2\/product_cat?post=1776"},{"taxonomy":"product_tag","embeddable":true,"href":"https:\/\/goodstore.eu\/en\/wp-json\/wp\/v2\/product_tag?post=1776"}],"curies":[{"name":"wp","href":"https:\/\/api.w.org\/{rel}","templated":true}]}}