
{"id":181,"date":"2017-11-20T17:58:43","date_gmt":"2017-11-20T17:58:43","guid":{"rendered":"http:\/\/127.0.0.1\/wp\/product\/vedrukartulite-valmistaja\/"},"modified":"2023-03-14T09:11:14","modified_gmt":"2023-03-14T09:11:14","slug":"vedrukartulite-valmistaja","status":"publish","type":"product","link":"https:\/\/goodstore.eu\/en\/shop\/vedrukartulite-valmistaja\/","title":{"rendered":"Vedrukartulite l\u00f5ikaja"},"content":{"rendered":"<p>See t\u00f6\u00f6riist on m\u00f6\u00f6dap\u00e4\u00e4smatult vajalik, kui soovid valmistada midagi v\u00e4ga erilist ja v\u00e4ga kiiresti, avaldades teistele muljet kui t\u00f5eliselt professionaalne k\u00f6\u00f6gikunn!<\/p>\n<p><iframe loading=\"lazy\" width=\"480\" height=\"270\" src=\"https:\/\/www.youtube-nocookie.com\/embed\/8t5OuTXiFRw?rel=0&amp;showinfo=0\" frameborder=\"0\"><\/iframe><\/p>\n","protected":false},"excerpt":{"rendered":"<div id=\"gt-res-content\">\n<div id=\"gt-res-dir-ctr\" dir=\"ltr\" class=\"trans-verified-button-small\">\n<div dir=\"ltr\" class=\"trans-verified-button-small\">Toote t\u00fc\u00fcp: Puu- ja juurviljade k\u00e4sitsi l\u00f5ikur<\/div>\n<div dir=\"ltr\" class=\"trans-verified-button-small\">V\u00e4rv: nagu tootefotodel on n\u00e4idatud<\/div>\n<div dir=\"ltr\" class=\"trans-verified-button-small\">Materjal:\u00a0Plastik ja\u00a0roostevaba teras<\/div>\n<div dir=\"ltr\" class=\"trans-verified-button-small\">M\u00f5\u00f5dud: 30cm x 16cm x 10cm<\/div>\n<p> <span id=\"result_box\" lang=\"et\" xml:lang=\"et\">Kaal:\u00a0 ca 130 g.<br \/>Toote kasutus: k\u00f6\u00f6gid, grillid, piknikud, baarid jne.<br \/>Pakend:\u00a0 jaepakend<\/span><\/div>\n<\/p><\/div>\n","protected":false},"featured_media":176,"comment_status":"open","ping_status":"closed","template":"","meta":{"om_disable_all_campaigns":false,"_monsterinsights_skip_tracking":false,"_monsterinsights_sitenote_active":false,"_monsterinsights_sitenote_note":"","_monsterinsights_sitenote_category":0},"product_cat":[34],"product_tag":[],"class_list":{"0":"post-181","1":"product","2":"type-product","3":"status-publish","4":"has-post-thumbnail","6":"product_cat-kingitused-ja-kingiideed","9":"first","10":"outofstock","11":"taxable","12":"shipping-taxable","13":"purchasable","14":"product-type-simple"},"aioseo_notices":[],"_links":{"self":[{"href":"https:\/\/goodstore.eu\/en\/wp-json\/wp\/v2\/product\/181"}],"collection":[{"href":"https:\/\/goodstore.eu\/en\/wp-json\/wp\/v2\/product"}],"about":[{"href":"https:\/\/goodstore.eu\/en\/wp-json\/wp\/v2\/types\/product"}],"replies":[{"embeddable":true,"href":"https:\/\/goodstore.eu\/en\/wp-json\/wp\/v2\/comments?post=181"}],"wp:featuredmedia":[{"embeddable":true,"href":"https:\/\/goodstore.eu\/en\/wp-json\/wp\/v2\/media\/176"}],"wp:attachment":[{"href":"https:\/\/goodstore.eu\/en\/wp-json\/wp\/v2\/media?parent=181"}],"wp:term":[{"taxonomy":"product_cat","embeddable":true,"href":"https:\/\/goodstore.eu\/en\/wp-json\/wp\/v2\/product_cat?post=181"},{"taxonomy":"product_tag","embeddable":true,"href":"https:\/\/goodstore.eu\/en\/wp-json\/wp\/v2\/product_tag?post=181"}],"curies":[{"name":"wp","href":"https:\/\/api.w.org\/{rel}","templated":true}]}}