
{"id":1811,"date":"2019-03-21T08:34:56","date_gmt":"2019-03-21T08:34:56","guid":{"rendered":"http:\/\/127.0.0.1\/wp\/product\/luksuslik-lipsunoel-viiuliga-vaga-detailne-viiuli-koopia\/"},"modified":"2023-04-21T19:41:24","modified_gmt":"2023-04-21T19:41:24","slug":"luksuslik-lipsunoel-viiuliga-vaga-detailne-viiuli-koopia","status":"publish","type":"product","link":"https:\/\/goodstore.eu\/en\/shop\/luksuslik-lipsunoel-viiuliga-vaga-detailne-viiuli-koopia\/","title":{"rendered":"Luksuslik lipsun\u00f5el viiuliga, v\u00e4ga detailne viiuli koopia"},"content":{"rendered":"<div><span style=\"font-size:16px;\"><span style=\"font-size:16px;\"><\/span><\/span> <\/p>\n<div><span style=\"font-size:16px;\">Kaunistab igat \u00fclikonna ja lipsuga meest!<\/p>\n<p>Toote t\u00fc\u00fcp:\u00a0Meeste luksuslik aksessuaar<br \/><\/span><span><span style=\"color:#000000;\"><span style=\"font-family:Verdana, Arial, Helvetica, sans-serif;\"><span style=\"font-size:12pt;\">Mater<\/span><\/span><\/span><\/span><span><span style=\"color:#000000;\"><span style=\"font-family:Verdana, Arial, Helvetica, sans-serif;\"><span style=\"font-size:12pt;\">j<\/span><\/span><\/span><\/span><span><span style=\"color:#000000;\"><span style=\"font-family:Verdana, Arial, Helvetica, sans-serif;\"><span style=\"font-size:12pt;\">al: Galvaniseeritud h\u00f5bedakarva matt,\u00a0vask<\/span><\/span><\/span><\/span><span><span style=\"color:#000000;\"><span style=\"font-family:Verdana, Arial, Helvetica, sans-serif;\"><span style=\"font-size:12pt;\"><br \/><\/span><\/span><\/span><\/span><span><span style=\"color:#000000;\"><span style=\"font-family:Verdana, Arial, Helvetica, sans-serif;\"><span style=\"font-size:12pt;\">Pakend sisaldab<\/span><\/span><\/span><\/span><span><span style=\"color:#000000;\"><span style=\"font-family:Verdana, Arial, Helvetica, sans-serif;\"><span style=\"font-size:12pt;\">: 1 x viiulikujuline\u00a0lipsun\u00f5el<\/span><\/span><\/span><\/span><span><span style=\"color:#000000;\"><span style=\"font-family:Verdana, Arial, Helvetica, sans-serif;\"><span style=\"font-size:12pt;\"><br \/><\/span><\/span><\/span><\/span><span><span style=\"color:#000000;\"><span style=\"font-family:Verdana, Arial, Helvetica, sans-serif;\"><span style=\"font-size:12pt;\">Kuju<\/span><\/span><\/span><\/span><span><span style=\"color:#000000;\"><span style=\"font-family:Verdana, Arial, Helvetica, sans-serif;\"><span style=\"font-size:12pt;\">: Viiulikujuline\u00a0lipsun\u00f5el\u00a0koos kinkekarbiga<\/span><\/span><\/span><\/span><span><span style=\"color:#000000;\"><span style=\"font-family:Verdana, Arial, Helvetica, sans-serif;\"><span style=\"font-size:12pt;\"><br \/><\/span><\/span><\/span><\/span><span><span><span style=\"font-size:12pt;\">Toote m\u00f5\u00f5dud<\/span><\/span><\/span><span><span><span style=\"font-size:12pt;\">\u00a0(<\/span><\/span><\/span><span><span><span style=\"font-size:12pt;\">P<\/span><\/span><\/span><span><span><span style=\"font-size:12pt;\">\u00a0x\u00a0<\/span><\/span><\/span><span><span><span style=\"font-size:12pt;\">L<\/span><\/span><\/span><span><span><span><span style=\"font-size:12pt;\">): 5<\/span><span style=\"font-size:16px;\">.60 x 1.10 cm<\/span><\/span><\/span><\/span><span><span style=\"color:#000000;\"><span style=\"font-family:Verdana, Arial, Helvetica, sans-serif;\"><span style=\"font-size:12pt;\"><br \/><\/span><\/span><\/span><\/span><span><span style=\"color:#000000;\"><span style=\"font-family:Verdana, Arial, Helvetica, sans-serif;\"><span style=\"font-size:12pt;\">Toote kaal \/ 1 lipsun\u00f5el<\/span><\/span><\/span><\/span><span><span style=\"color:#000000;\"><span style=\"font-family:Verdana, Arial, Helvetica, sans-serif;\"><span style=\"font-size:12pt;\"><span style=\"font-size:12pt;\">:\u00a010 grammi\u00a0<\/span><\/p>\n<p><\/span><\/span><\/span><\/span><\/div>\n<div>\n<p><span style=\"font-size:12pt;\"><span lang=\"et-ee\" xml:lang=\"et-ee\"><span style=\"text-decoration:underline;\"><b>P\u00f5hio<\/b><\/span><\/span><\/span><span style=\"font-size:12pt;\"><span lang=\"et-ee\" xml:lang=\"et-ee\"><span style=\"text-decoration:underline;\"><b>madus<\/b><\/span><\/span><\/span><span style=\"font-size:12pt;\"><span lang=\"et-ee\" xml:lang=\"et-ee\"><span style=\"text-decoration:underline;\"><b>ed:<\/b><\/span><\/span><\/span><span style=\"font-size:12pt;\"><span lang=\"et-ee\" xml:lang=\"et-ee\"><\/p>\n<p> \u25cf Viiulikujulise kaunistusega, mis on\u00a0v\u00e4ga detailselt v\u00e4lja t\u00f6\u00f6deldud<br \/><\/span><\/span><span style=\"font-size:12pt;\"><span lang=\"et-ee\" xml:lang=\"et-ee\">\u25cf Luksuslik aksessuaar<br \/><\/span><\/span><span style=\"font-size:12pt;\"><span lang=\"et-ee\" xml:lang=\"et-ee\">\u25cf Valmistatud vastupidavast vasest ja kaetud galvaanikaga<br \/><\/span><\/span><span style=\"font-size:12pt;\"><span lang=\"et-ee\" xml:lang=\"et-ee\"><span style=\"font-size:12pt;\">\u25cf Sobib k\u00f5igile lipsu kandvatele inimestele<\/span><\/span><\/span><\/p>\n<\/p><\/div><\/div>\n","protected":false},"excerpt":{"rendered":"<p>Hea v\u00f5imalus ilma s\u00f5nadeta anda\u00a0edasi seda, mis on sinu elus t\u00e4htis!<\/p>\n<p>See pole mingi tavaline lipsun\u00f5el! Sellega kaasneb positiivne emotsioon, loomingulisus.\u00a0<\/p>\n<p>\u00c4ra pikalt otsi &#8211; siin on sulle\u00a0suurep\u00e4rase disaini ja teostusega kingitus inimesele, kes armastab muusikat!<\/p>\n<p>\u00dcks p\u00e4ev on j\u00e4lle ilusam!<\/p>\n<p><\/p><\/p>\n","protected":false},"featured_media":1808,"comment_status":"open","ping_status":"closed","template":"","meta":{"om_disable_all_campaigns":false,"_monsterinsights_skip_tracking":false,"_monsterinsights_sitenote_active":false,"_monsterinsights_sitenote_note":"","_monsterinsights_sitenote_category":0},"product_cat":[31,39,34],"product_tag":[],"class_list":{"0":"post-1811","1":"product","2":"type-product","3":"status-publish","4":"has-post-thumbnail","6":"product_cat-avalehele","7":"product_cat-muusika-temaatilised-tooted","8":"product_cat-kingitused-ja-kingiideed","11":"first","12":"instock","13":"sale","14":"taxable","15":"shipping-taxable","16":"purchasable","17":"product-type-simple"},"aioseo_notices":[],"_links":{"self":[{"href":"https:\/\/goodstore.eu\/en\/wp-json\/wp\/v2\/product\/1811"}],"collection":[{"href":"https:\/\/goodstore.eu\/en\/wp-json\/wp\/v2\/product"}],"about":[{"href":"https:\/\/goodstore.eu\/en\/wp-json\/wp\/v2\/types\/product"}],"replies":[{"embeddable":true,"href":"https:\/\/goodstore.eu\/en\/wp-json\/wp\/v2\/comments?post=1811"}],"wp:featuredmedia":[{"embeddable":true,"href":"https:\/\/goodstore.eu\/en\/wp-json\/wp\/v2\/media\/1808"}],"wp:attachment":[{"href":"https:\/\/goodstore.eu\/en\/wp-json\/wp\/v2\/media?parent=1811"}],"wp:term":[{"taxonomy":"product_cat","embeddable":true,"href":"https:\/\/goodstore.eu\/en\/wp-json\/wp\/v2\/product_cat?post=1811"},{"taxonomy":"product_tag","embeddable":true,"href":"https:\/\/goodstore.eu\/en\/wp-json\/wp\/v2\/product_tag?post=1811"}],"curies":[{"name":"wp","href":"https:\/\/api.w.org\/{rel}","templated":true}]}}