
{"id":186,"date":"2017-11-23T15:16:16","date_gmt":"2017-11-23T15:16:16","guid":{"rendered":"http:\/\/127.0.0.1\/wp\/product\/koenigsegg-agera-rs-punane-skaala-118\/"},"modified":"2022-12-10T19:54:05","modified_gmt":"2022-12-10T19:54:05","slug":"koenigsegg-agera-rs-punane-skaala-118","status":"publish","type":"product","link":"https:\/\/goodstore.eu\/en\/shop\/koenigsegg-agera-rs-punane-skaala-118\/","title":{"rendered":"Koenigsegg Agera RS in scale 1:18"},"content":{"rendered":"<p>Kollektsion\u00e4\u00e4ri mudelauto Koenigsegg\u00a0Agera RS<\/p>\n<p>1:18\u00a0skaala<\/p>\n<p>Ainult v\u00e4ga limiteeritud kogus, 200 tk on valmistatud.<\/p>\n<p>Particular model car serial number is 70 out of 200<\/p>","protected":false},"excerpt":{"rendered":"<p>Tootja:\u00a0FrontiArt Scale Models<\/p>\n<p>Koenigsegg Agera RS mudel on punast ja musta v\u00e4rvi + must salong. See m\u00fc\u00fcgikuulutus on t\u00f5sisele kollektsion\u00e4\u00e4rile, kes teab mis on ehtne ja\u00a0 hea. Pakend on avamata, kasutamata. Display boxi m\u00f5\u00f5tmed on 320x165x125 mm.<\/p>\n<p>Kokku on toodetud\u00a0neid 200 eksemplari, piiratud v\u00e4ljaanne.<\/p>\n<p>Mudel kannab tootmise j\u00e4rjekorranumbrit 70.<\/p>\n<p><strong>T\u00f5eliselt tuus v\u00e4rk!<\/strong><\/p>\n","protected":false},"featured_media":182,"comment_status":"open","ping_status":"closed","template":"","meta":{"om_disable_all_campaigns":false,"_monsterinsights_skip_tracking":false,"_monsterinsights_sitenote_active":false,"_monsterinsights_sitenote_note":"","_monsterinsights_sitenote_category":0},"product_cat":[31,35],"product_tag":[],"class_list":{"0":"post-186","1":"product","2":"type-product","3":"status-publish","4":"has-post-thumbnail","6":"product_cat-avalehele","7":"product_cat-mudelautod","10":"first","11":"instock","12":"taxable","13":"shipping-taxable","14":"purchasable","15":"product-type-simple"},"aioseo_notices":[],"_links":{"self":[{"href":"https:\/\/goodstore.eu\/en\/wp-json\/wp\/v2\/product\/186"}],"collection":[{"href":"https:\/\/goodstore.eu\/en\/wp-json\/wp\/v2\/product"}],"about":[{"href":"https:\/\/goodstore.eu\/en\/wp-json\/wp\/v2\/types\/product"}],"replies":[{"embeddable":true,"href":"https:\/\/goodstore.eu\/en\/wp-json\/wp\/v2\/comments?post=186"}],"wp:featuredmedia":[{"embeddable":true,"href":"https:\/\/goodstore.eu\/en\/wp-json\/wp\/v2\/media\/182"}],"wp:attachment":[{"href":"https:\/\/goodstore.eu\/en\/wp-json\/wp\/v2\/media?parent=186"}],"wp:term":[{"taxonomy":"product_cat","embeddable":true,"href":"https:\/\/goodstore.eu\/en\/wp-json\/wp\/v2\/product_cat?post=186"},{"taxonomy":"product_tag","embeddable":true,"href":"https:\/\/goodstore.eu\/en\/wp-json\/wp\/v2\/product_tag?post=186"}],"curies":[{"name":"wp","href":"https:\/\/api.w.org\/{rel}","templated":true}]}}