
{"id":1862,"date":"2019-03-28T12:54:37","date_gmt":"2019-03-28T12:54:37","guid":{"rendered":"http:\/\/127.0.0.1\/wp\/product\/eksklusiivne-lipsunoel-palmidega-pastelsetes-toonides\/"},"modified":"2021-01-12T12:50:04","modified_gmt":"2021-01-12T12:50:04","slug":"eksklusiivne-lipsunoel-palmidega-pastelsetes-toonides","status":"publish","type":"product","link":"https:\/\/goodstore.eu\/en\/shop\/eksklusiivne-lipsunoel-palmidega-pastelsetes-toonides\/","title":{"rendered":"Eksklusiivne lipsun\u00f5el palmidega, eritellimus, pastelsetes toonides"},"content":{"rendered":"<div><span style=\"font-size:16px;\"><span style=\"font-size:16px;\"><\/span><\/span> <\/p>\n<div><span style=\"font-size:16px;\">Kaunistab igat \u00fclikonna ja lipsuga meest!<\/p>\n<p>Toote t\u00fc\u00fcp:\u00a0Meeste\u00a0eksklusiivne aksessuaar<br \/><\/span><span><span style=\"color:#000000;\"><span style=\"font-family:Verdana, Arial, Helvetica, sans-serif;\"><span style=\"font-size:12pt;\">Mater<\/span><\/span><\/span><\/span><span><span style=\"color:#000000;\"><span style=\"font-family:Verdana, Arial, Helvetica, sans-serif;\"><span style=\"font-size:12pt;\">j<\/span><\/span><\/span><\/span><span><span style=\"color:#000000;\"><span style=\"font-family:Verdana, Arial, Helvetica, sans-serif;\"><span style=\"font-size:12pt;\">al: Pastelsete v\u00e4rvitoonidega emaileeritud, kroomiga galvaniseeritud\u00a0tsingi sulam<\/span><\/span><\/span><\/span><span><span style=\"color:#000000;\"><span style=\"font-family:Verdana, Arial, Helvetica, sans-serif;\"><span style=\"font-size:12pt;\"><br \/><\/span><\/span><\/span><\/span><span><span style=\"color:#000000;\"><span style=\"font-family:Verdana, Arial, Helvetica, sans-serif;\"><span style=\"font-size:12pt;\">Pakend sisaldab<\/span><\/span><\/span><\/span><span><span style=\"color:#000000;\"><span style=\"font-family:Verdana, Arial, Helvetica, sans-serif;\"><span style=\"font-size:12pt;\">: 1 x\u00a0palmipuudega lipsun\u00f5el<\/span><\/span><\/span><\/span><span><span style=\"color:#000000;\"><span style=\"font-family:Verdana, Arial, Helvetica, sans-serif;\"><span style=\"font-size:12pt;\"><br \/><\/span><\/span><\/span><\/span><span><span style=\"color:#000000;\"><span style=\"font-family:Verdana, Arial, Helvetica, sans-serif;\"><span style=\"font-size:12pt;\">Kuju<\/span><\/span><\/span><\/span><span><span style=\"color:#000000;\"><span style=\"font-family:Verdana, Arial, Helvetica, sans-serif;\"><span style=\"font-size:12pt;\">:\u00a0Palmipuudega lipsun\u00f5el\u00a0koos kinkekarbiga<\/span><\/span><\/span><\/span><span><span style=\"color:#000000;\"><span style=\"font-family:Verdana, Arial, Helvetica, sans-serif;\"><span style=\"font-size:12pt;\"><br \/><\/span><\/span><\/span><\/span><span><span><span style=\"font-size:12pt;\">Toote m\u00f5\u00f5dud<\/span><\/span><\/span><span><span><span style=\"font-size:12pt;\">\u00a0(<\/span><\/span><\/span><span><span><span style=\"font-size:12pt;\">P<\/span><\/span><\/span><span><span><span style=\"font-size:12pt;\">\u00a0x\u00a0<\/span><\/span><\/span><span><span><span style=\"font-size:12pt;\">L<\/span><\/span><\/span><span><span><span><span style=\"font-size:12pt;\">): 5<\/span><span style=\"font-size:16px;\">.50 x 2.10 cm<\/span><\/span><\/span><\/span><span><span style=\"color:#000000;\"><span style=\"font-family:Verdana, Arial, Helvetica, sans-serif;\"><span style=\"font-size:12pt;\"><br \/><\/span><\/span><\/span><\/span><span><span style=\"color:#000000;\"><span style=\"font-family:Verdana, Arial, Helvetica, sans-serif;\"><span style=\"font-size:12pt;\">Toote kaal \/ 1 lipsun\u00f5el + kinkekarp<\/span><\/span><\/span><\/span><span><span style=\"color:#000000;\"><span style=\"font-family:Verdana, Arial, Helvetica, sans-serif;\"><span style=\"font-size:12pt;\"><span style=\"font-size:12pt;\">: 30 grammi\u00a0<\/span><\/p>\n<p><\/span><\/span><\/span><\/span><\/div>\n<div>\n<p><span style=\"font-size:12pt;\"><span lang=\"et-ee\" xml:lang=\"et-ee\"><span style=\"text-decoration:underline;\"><b>P\u00f5hio<\/b><\/span><\/span><\/span><span style=\"font-size:12pt;\"><span lang=\"et-ee\" xml:lang=\"et-ee\"><span style=\"text-decoration:underline;\"><b>madus<\/b><\/span><\/span><\/span><span style=\"font-size:12pt;\"><span lang=\"et-ee\" xml:lang=\"et-ee\"><span style=\"text-decoration:underline;\"><b>ed:<\/b><\/span><\/span><\/span><span style=\"font-size:12pt;\"><span lang=\"et-ee\" xml:lang=\"et-ee\"><\/p>\n<p> \u25cf\u00a0Palmipuude kaunistusega, mis on\u00a0v\u00e4ga detailselt v\u00e4lja t\u00f6\u00f6deldud<br \/>\u25cf Kaherealine disain<br \/><\/span><\/span><span style=\"font-size:12pt;\"><span lang=\"et-ee\" xml:lang=\"et-ee\">\u25cf\u00a0Eksklusiivne aksessuaar<br \/><\/span><\/span><span style=\"font-size:12pt;\"><span lang=\"et-ee\" xml:lang=\"et-ee\">\u25cf Valmistatud vastupidavast tsingi sulamist\u00a0ja kaetud galvaanilise kroomiga<br \/><\/span><\/span><span style=\"font-size:12pt;\"><span lang=\"et-ee\" xml:lang=\"et-ee\"><span style=\"font-size:12pt;\">\u25cf Sobib k\u00f5igile lipsu kandvatele inimestele<br \/>\u25cf Sobib kokku enamuse v\u00e4rvitoonidega<br \/>\u25cf 2019 aasta moev\u00e4rvides<br \/><\/span><\/span><\/span><\/p>\n<p><span style=\"font-size:12pt;\"><span lang=\"et-ee\" xml:lang=\"et-ee\"><span style=\"font-size:12pt;\"><strong><span style=\"color:#d0121a;\">NB!<\/span><\/strong> <span style=\"color:#ff0059;\">Lipsude fotod on lisatud vaid sobitamise eesm\u00e4rgil. Need on n\u00e4idised. Lips tuleb osta eraldi.<\/span><\/span><\/span><\/span><\/p>\n<\/p><\/div><\/div>\n","protected":false},"excerpt":{"rendered":"<p>Kord viie aasta jooskul on Eestis suvi. \u00dcks kord 20 aasta jooksul on aga nii soe, et oleks justkui kusagil l\u00f5unamaal.\u00a0<\/p>\n<p>N\u00fc\u00fcd pole tarvis soojast l\u00f5unamaast unistada. Siin on midagi, mis v\u00f5imaldab l\u00f5unamaist soojust iga p\u00e4ev ja kasv\u00f5i 50 korda p\u00e4evas endaga kaasas kanda!\u00a0<\/p>\n<p>See pole mingi tavaline lipsun\u00f5el! Sellega tuleb kaasa positiivne emotsioon, soojus, r\u00f5\u00f5msameelsus.\u00a0<\/p>\n<p>\u00c4ra pikalt otsi &#8211; siin on sulle\u00a0suurep\u00e4rase disaini ja teostusega kingitus positiivse ellusuhtumisega inimesele!<\/p>\n<p>\u00dcks p\u00e4ev on j\u00e4lle ilusam!<\/p>\n<p><\/p><\/p>\n","protected":false},"featured_media":1849,"comment_status":"open","ping_status":"closed","template":"","meta":{"om_disable_all_campaigns":false,"_monsterinsights_skip_tracking":false,"_monsterinsights_sitenote_active":false,"_monsterinsights_sitenote_note":"","_monsterinsights_sitenote_category":0},"product_cat":[31,34,36,38],"product_tag":[],"class_list":{"0":"post-1862","1":"product","2":"type-product","3":"status-publish","4":"has-post-thumbnail","6":"product_cat-avalehele","7":"product_cat-kingitused-ja-kingiideed","8":"product_cat-stiil-ja-mood","9":"product_cat-lipsud-komplektid-ja-erilised-lipsud","12":"first","13":"instock","14":"sale","15":"taxable","16":"shipping-taxable","17":"purchasable","18":"product-type-simple"},"aioseo_notices":[],"_links":{"self":[{"href":"https:\/\/goodstore.eu\/en\/wp-json\/wp\/v2\/product\/1862"}],"collection":[{"href":"https:\/\/goodstore.eu\/en\/wp-json\/wp\/v2\/product"}],"about":[{"href":"https:\/\/goodstore.eu\/en\/wp-json\/wp\/v2\/types\/product"}],"replies":[{"embeddable":true,"href":"https:\/\/goodstore.eu\/en\/wp-json\/wp\/v2\/comments?post=1862"}],"wp:featuredmedia":[{"embeddable":true,"href":"https:\/\/goodstore.eu\/en\/wp-json\/wp\/v2\/media\/1849"}],"wp:attachment":[{"href":"https:\/\/goodstore.eu\/en\/wp-json\/wp\/v2\/media?parent=1862"}],"wp:term":[{"taxonomy":"product_cat","embeddable":true,"href":"https:\/\/goodstore.eu\/en\/wp-json\/wp\/v2\/product_cat?post=1862"},{"taxonomy":"product_tag","embeddable":true,"href":"https:\/\/goodstore.eu\/en\/wp-json\/wp\/v2\/product_tag?post=1862"}],"curies":[{"name":"wp","href":"https:\/\/api.w.org\/{rel}","templated":true}]}}