
{"id":1890,"date":"2019-04-08T11:43:13","date_gmt":"2019-04-08T11:43:13","guid":{"rendered":"http:\/\/127.0.0.1\/wp\/product\/naiste-kaekott-ristkuliku-kujuline-klaveriklahvide-mustriga\/"},"modified":"2026-02-24T19:59:17","modified_gmt":"2026-02-24T19:59:17","slug":"naiste-kaekott-ristkuliku-kujuline-klaveriklahvide-mustriga","status":"publish","type":"product","link":"https:\/\/goodstore.eu\/en\/shop\/naiste-kaekott-ristkuliku-kujuline-klaveriklahvide-mustriga\/","title":{"rendered":"Naiste k\u00e4ekott, ristk\u00fcliku kujuline, klaveriklahvide mustriga"},"content":{"rendered":"<div><span style=\"font-size: 16px;\"><br \/>\nToote t\u00fc\u00fcp: K\u00e4ekotid, ridik\u00fclid<br \/>\nK\u00e4ekoti\u00a0materjal:\u00a0Kunstnahk (pol\u00fcuretaan)<br \/>\nK\u00e4ekoti klapi lukusti: magnet<\/span><\/div>\n<div>\n<div><span style=\"font-size: 16px;\">Pikkus: 21,0 cm;<\/span><\/div>\n<div><span style=\"font-size: 16px;\">K\u00f5rgus: 14,0 cm;<\/span><\/div>\n<div><span style=\"font-size: 16px;\">Laius: 7,0 cm<\/span><\/div>\n<div><span style=\"font-size: 16px;\">\u00d5larihma pikkus: 120 cm<\/span><\/div>\n<div><span style=\"font-size: 16px;\">Pakend sisaldab: 1 x Naiste k\u00e4e\/\u00f5lakott, mis on varustatud \u00f5larihmaga<\/span><\/div>\n<\/div>\n","protected":false},"excerpt":{"rendered":"<p><span class=\"tlid-translation translation\" lang=\"et\" xml:lang=\"et\"><span title=\"\">Kas armastad muusikat v\u00f5i\u00a0oled\u00a0muusik?!<\/span> <span title=\"\">Siin on midagi just sulle!<\/span><\/p>\n<p><span title=\"\">Kvaliteetsest kunstnahast (pol\u00fcuretaan) \u00f5lakott, mis tagab elegantse v\u00e4limuse igale lugupeetud naisele.<\/span><\/p>\n<p><span title=\"\">See pilkup\u00fc\u00fcdev k\u00e4ekott on kindlasti meeldiv vestluste alustaja, olgu siis t\u00f6\u00f6l, kohtumistel\u00a0v\u00f5i seltskonnas!<\/span><\/p>\n<p><span title=\"\">Ole stiilne, tee ennast n\u00e4htavaks ja moekaks!<\/span><\/p>\n<p><span title=\"\">\u00dcks mis\u00a0kindel &#8211; sa kannad seda \u00f5lakotti\u00a0k\u00f5ikjal, et n\u00e4idata selle imelist disaini ja teostust!<\/span><\/p>\n<p><span title=\"\">Jaga oma positiivseid muusikatundeid ja inspireeri ka teisi k\u00f5ikjal kus liigud!<\/span><\/p>\n<p><span title=\"\">\u00dcks p\u00e4ev on j\u00e4lle palju ilusam!<\/span><\/span><\/p>\n","protected":false},"featured_media":1883,"comment_status":"open","ping_status":"closed","template":"","meta":{"om_disable_all_campaigns":false,"_monsterinsights_skip_tracking":false,"_monsterinsights_sitenote_active":false,"_monsterinsights_sitenote_note":"","_monsterinsights_sitenote_category":0},"product_cat":[39,34,36],"product_tag":[],"class_list":{"0":"post-1890","1":"product","2":"type-product","3":"status-publish","4":"has-post-thumbnail","6":"product_cat-muusika-temaatilised-tooted","7":"product_cat-kingitused-ja-kingiideed","8":"product_cat-stiil-ja-mood","9":"pa_domineeriv-varv-must","10":"pa_domineeriv-varv-valge","13":"first","14":"instock","15":"taxable","16":"shipping-taxable","17":"purchasable","18":"product-type-simple"},"aioseo_notices":[],"_links":{"self":[{"href":"https:\/\/goodstore.eu\/en\/wp-json\/wp\/v2\/product\/1890"}],"collection":[{"href":"https:\/\/goodstore.eu\/en\/wp-json\/wp\/v2\/product"}],"about":[{"href":"https:\/\/goodstore.eu\/en\/wp-json\/wp\/v2\/types\/product"}],"replies":[{"embeddable":true,"href":"https:\/\/goodstore.eu\/en\/wp-json\/wp\/v2\/comments?post=1890"}],"wp:featuredmedia":[{"embeddable":true,"href":"https:\/\/goodstore.eu\/en\/wp-json\/wp\/v2\/media\/1883"}],"wp:attachment":[{"href":"https:\/\/goodstore.eu\/en\/wp-json\/wp\/v2\/media?parent=1890"}],"wp:term":[{"taxonomy":"product_cat","embeddable":true,"href":"https:\/\/goodstore.eu\/en\/wp-json\/wp\/v2\/product_cat?post=1890"},{"taxonomy":"product_tag","embeddable":true,"href":"https:\/\/goodstore.eu\/en\/wp-json\/wp\/v2\/product_tag?post=1890"}],"curies":[{"name":"wp","href":"https:\/\/api.w.org\/{rel}","templated":true}]}}