
{"id":1921,"date":"2019-04-10T17:52:53","date_gmt":"2019-04-10T17:52:53","guid":{"rendered":"http:\/\/127.0.0.1\/wp\/product\/3d-pliiatsi-komplekt-start-regular-kinkekarbis\/"},"modified":"2022-12-14T21:33:55","modified_gmt":"2022-12-14T21:33:55","slug":"3d-pliiatsi-komplekt-start-regular-kinkekarbis","status":"publish","type":"product","link":"https:\/\/goodstore.eu\/en\/shop\/3d-pliiatsi-komplekt-start-regular-kinkekarbis\/","title":{"rendered":"3D-pliiatsi komplekt, Start Regular kinkekarbis"},"content":{"rendered":"<p><\/p>\n<p><span style=\"color:#222222;font-family:'Roboto Condensed', sans-serif;\"><span style=\"font-size:12px;\">3Doodler\u2122 Start on \u201eAasta m\u00e4nguasi 2017\u201c nominent (uustulnuka kategoorias)<strong><\/p>\n<p>3D-pliiatsi riputuspakendi komplekt sisaldab:<\/strong><\/p>\n<p><\/span>*\u00a0 3Doodler\u2122 Start Sulatusseade ehk Pliiats\u00a0 \u00a01 tk.<\/span><\/p>\n<p><span style=\"color:#222222;font-family:'Roboto Condensed', sans-serif;\">*\u00a0 USB-kaabel\u00a0 \u00a01 tk.<\/span><\/p>\n<p><span style=\"color:#222222;font-family:'Roboto Condensed', sans-serif;\">*\u00a0 N\u00e4idiste\u00a0<\/span><span style=\"color:#222222;font-family:'Roboto Condensed', sans-serif;\">vihik, milles on 10 joonist\u00a0 \u00a01 tk.<\/span><\/p>\n<p><span style=\"color:#222222;font-family:'Roboto Condensed', sans-serif;\">*\u00a0 Originaal 3Doodler\u2122 Start Plastic k\u00f5rs; 4 eri v\u00e4rvi &#8211; igat k\u00f5rt on 6 tk.; <span style=\"text-decoration:underline;\">kokku 24 tk.<\/span><\/p>\n<p><strong style=\"color:#8200ff;font-family:Verdana, Arial, Helvetica, sans-serif;\">NB!<\/strong><span style=\"color:#8200ff;font-family:Verdana, Arial, Helvetica, sans-serif;\">\u00a0Soovitatav vanus\u00a06\u00a0aastased\u00a0ja vanemad lapsed<\/p>\n<p><\/span><em><strong><span style=\"color:#3d00ff;\">NB! Iga ostuga kaasneb ajuragistaja tasuta kingitus!<\/span><\/strong><\/em><\/p>\n<p><span style=\"font-size:12px;\">Tootjakood:\u00a03D8SPSESST3C<\/span><\/span><br \/>EAN\u00a0817005022346<\/p>\n<p><\/p>","protected":false},"excerpt":{"rendered":"<p><span style=\"color:#292929;font-family:'Open Sans', sans-serif;font-size:14px;\"><span style=\"color:#292929;font-family:'Open Sans', sans-serif;\"><span style=\"font-size:14px;\">3Doodler\u2122 Start on 3D-pliiats, mis sulatab ja seej\u00e4rel v\u00e4ljutab seadme otsikust esialgu plastiliini meenutava plastikniidi. See hangub u. 8 sekundiga s\u00e4ilitades talle antud kuju. <\/span><\/span><br \/><span style=\"color:#292929;font-family:'Open Sans', sans-serif;\"><span style=\"font-size:14px;\">Lastele sobiv Start 3D-pliiats t\u00f6\u00f6tab akudega, mis v\u00f5imaldavad \u00fche laadimisega katkematut joonistamist v\u00e4hemalt 45min. Akusid laetakse micro USB kaabliga USB pesast kas l\u00e4bi arvuti v\u00f5i telefoni laadija.<\/span><\/span><\/p>\n<p><span style=\"color:#292929;font-family:'Open Sans', sans-serif;\"><span style=\"font-size:14px;\">3Doodler\u2122 Start 3D-pliiats on sertifitseeritud m\u00e4nguasi mis sobib \u00f5ppevahendiks arendamaks loovust, ruumilist m\u00f5tlemist ja k\u00e4teosavust \u2013 see on \u00fcks parim STEM \u00f5ppevahend. <\/span><\/span><\/p>\n<p><span style=\"color:#292929;font-family:'Open Sans', sans-serif;\"><span style=\"font-size:14px;\">Selle seadmega 3D-joonistamine on haarav ja l\u00f5bus tegevus. Start komplektis kasutatav t\u00e4iteplastik on unikaalne-, mittetoksiline madalal temperatuuril sulav ohutu materjal, mis k\u00f5duneb mullas v\u00f5i kompostis 45-60 p\u00e4eva jooksul. <\/span><\/span><\/p>\n<p><\/span><\/p>\n","protected":false},"featured_media":1915,"comment_status":"open","ping_status":"closed","template":"","meta":{"om_disable_all_campaigns":false,"_monsterinsights_skip_tracking":false,"_monsterinsights_sitenote_active":false,"_monsterinsights_sitenote_note":"","_monsterinsights_sitenote_category":0},"product_cat":[37],"product_tag":[],"class_list":{"0":"post-1921","1":"product","2":"type-product","3":"status-publish","4":"has-post-thumbnail","6":"product_cat-maenguasjad-ja-nutimaengud","9":"first","10":"instock","11":"sale","12":"taxable","13":"shipping-taxable","14":"purchasable","15":"product-type-simple"},"aioseo_notices":[],"_links":{"self":[{"href":"https:\/\/goodstore.eu\/en\/wp-json\/wp\/v2\/product\/1921"}],"collection":[{"href":"https:\/\/goodstore.eu\/en\/wp-json\/wp\/v2\/product"}],"about":[{"href":"https:\/\/goodstore.eu\/en\/wp-json\/wp\/v2\/types\/product"}],"replies":[{"embeddable":true,"href":"https:\/\/goodstore.eu\/en\/wp-json\/wp\/v2\/comments?post=1921"}],"wp:featuredmedia":[{"embeddable":true,"href":"https:\/\/goodstore.eu\/en\/wp-json\/wp\/v2\/media\/1915"}],"wp:attachment":[{"href":"https:\/\/goodstore.eu\/en\/wp-json\/wp\/v2\/media?parent=1921"}],"wp:term":[{"taxonomy":"product_cat","embeddable":true,"href":"https:\/\/goodstore.eu\/en\/wp-json\/wp\/v2\/product_cat?post=1921"},{"taxonomy":"product_tag","embeddable":true,"href":"https:\/\/goodstore.eu\/en\/wp-json\/wp\/v2\/product_tag?post=1921"}],"curies":[{"name":"wp","href":"https:\/\/api.w.org\/{rel}","templated":true}]}}