
{"id":1928,"date":"2019-04-10T20:24:50","date_gmt":"2019-04-10T20:24:50","guid":{"rendered":"http:\/\/127.0.0.1\/wp\/product\/waterman-kuld-luksuslik-taitesulepea\/"},"modified":"2023-06-28T20:14:21","modified_gmt":"2023-06-28T20:14:21","slug":"waterman-kuld-luksuslik-taitesulepea","status":"publish","type":"product","link":"https:\/\/goodstore.eu\/en\/shop\/waterman-kuld-luksuslik-taitesulepea\/","title":{"rendered":"Waterman Kuld Luksuslik t\u00e4itesulepea"},"content":{"rendered":"<p><span><span style=\"color:#000000;\"><span style=\"font-family:Verdana, Arial, Helvetica, sans-serif;\"><span style=\"font-size:12pt;\"><span style=\"font-size:12pt;\">Mudel:\u00a0<\/span><span style=\"font-size:16px;\">Waterman Kuld pikitriipudega t\u00e4itesulepea<\/span><br \/><span style=\"font-size:12pt;\">Korpuse ja sulepea korgi materjal: 18k kullaga kaetud metall<br \/>Tindi v\u00e4rv: Sinine <br \/>Tindi t\u00fc\u00fcp: T\u00e4itesulepeas sees k\u00e4ib tindikassett (kuulub komplekti, on kaasas) <br \/>T\u00e4itesulepea otsa suurus: M<br \/><\/span><\/span><\/span><\/span><\/span><span style=\"color:#000000;\"><span style=\"font-size:12pt;\">Sulepea m\u00f5\u00f5dud: 13<\/span><span style=\"font-size:16px;\">.20 x 1.80 X 1.00 cm\u00a0<br \/>Sulepea kaal: 20g\u00a0<br \/>Kinkekarbi m\u00f5\u00f5dud: 17.50 x 6.80 x 3.90 cm<br \/><\/span><span style=\"font-size:16px;\">Kinkekarbi kaal:\u00a0<\/span><span><span><span><span style=\"font-size:12pt;\">182g<\/span><\/span><\/span><\/span><\/span><\/p>\n<p><span><span style=\"color:#000000;\"><span style=\"font-family:Verdana, Arial, Helvetica, sans-serif;\"><span style=\"font-size:12pt;\"><span style=\"font-size:12pt;\">Toode on pakendatud tumesinisesse luksuslikku kinkekarpi.<\/span><\/p>\n<p><\/span><\/span><\/span><\/span><\/p>\n","protected":false},"excerpt":{"rendered":"<p>goodstore.eu esitleb tipp-kvaliteetset, firma Waterman poolt toodetud ja 18k kullaga kaetud luksuslikku t\u00e4itesulepead. <\/p>\n<p>Konkreetne toode on\u00a0pikitriibulise mustriga.<\/p>\n<p>Sellel Waterman-i haruldasel kuldsel t\u00e4itesulepeal on lisaks praktilisele v\u00e4\u00e4rtusele ka k\u00f5rge kollektsioneerimisv\u00e4\u00e4rtus. <\/p>\n<p>Sellist kingitust on meeldiv saada ning teisalt, ka sobiv kingitus olgu saajaks kas \u00e4ripartner,\u00a0tudeng v\u00f5i president.\u00a0\u00a0<\/p>\n<p>V\u00e4ga ilus ja praktiline kingitus iga\u00fchele!<\/p>\n<p>Paljud\u00a0on seda otsinud, kuid \u00fcle maailma on veel vaid loetud kogus saadaval!\u00a0\u00dcks neist on siin m\u00fc\u00fcgil!<\/p>\n<p><\/p>\n","protected":false},"featured_media":1922,"comment_status":"open","ping_status":"closed","template":"","meta":{"om_disable_all_campaigns":false,"_monsterinsights_skip_tracking":false,"_monsterinsights_sitenote_active":false,"_monsterinsights_sitenote_note":"","_monsterinsights_sitenote_category":0},"product_cat":[34],"product_tag":[],"class_list":{"0":"post-1928","1":"product","2":"type-product","3":"status-publish","4":"has-post-thumbnail","6":"product_cat-kingitused-ja-kingiideed","9":"first","10":"instock","11":"sale","12":"taxable","13":"shipping-taxable","14":"purchasable","15":"product-type-simple"},"aioseo_notices":[],"_links":{"self":[{"href":"https:\/\/goodstore.eu\/en\/wp-json\/wp\/v2\/product\/1928"}],"collection":[{"href":"https:\/\/goodstore.eu\/en\/wp-json\/wp\/v2\/product"}],"about":[{"href":"https:\/\/goodstore.eu\/en\/wp-json\/wp\/v2\/types\/product"}],"replies":[{"embeddable":true,"href":"https:\/\/goodstore.eu\/en\/wp-json\/wp\/v2\/comments?post=1928"}],"wp:featuredmedia":[{"embeddable":true,"href":"https:\/\/goodstore.eu\/en\/wp-json\/wp\/v2\/media\/1922"}],"wp:attachment":[{"href":"https:\/\/goodstore.eu\/en\/wp-json\/wp\/v2\/media?parent=1928"}],"wp:term":[{"taxonomy":"product_cat","embeddable":true,"href":"https:\/\/goodstore.eu\/en\/wp-json\/wp\/v2\/product_cat?post=1928"},{"taxonomy":"product_tag","embeddable":true,"href":"https:\/\/goodstore.eu\/en\/wp-json\/wp\/v2\/product_tag?post=1928"}],"curies":[{"name":"wp","href":"https:\/\/api.w.org\/{rel}","templated":true}]}}