
{"id":1940,"date":"2019-04-11T10:13:35","date_gmt":"2019-04-11T10:13:35","guid":{"rendered":"http:\/\/127.0.0.1\/wp\/product\/korvaklapid-beats-ep-juhtmega\/"},"modified":"2022-12-10T18:52:59","modified_gmt":"2022-12-10T18:52:59","slug":"korvaklapid-beats-ep-juhtmega","status":"publish","type":"product","link":"https:\/\/goodstore.eu\/en\/shop\/korvaklapid-beats-ep-juhtmega\/","title":{"rendered":"K\u00f5rvaklapid Beats EP, juhtmega"},"content":{"rendered":"<p><span style=\"font-family:'Open Sans', Arial, sans-serif;font-size:13px;font-weight:600;\">Suurep\u00e4rane esitus<br \/><\/span>Beats EP k\u00f5rvaklappide abil j\u00f5uab\u00a0heli esitus teie k\u00f5rvu t\u00e4pselt nii, nagu te seda kuulama peaksite. T\u00e4pselt h\u00e4\u00e4lestatud akustiga tagab imelise selguse, s\u00fcgavuse ja tasakaalu.<\/p>\n<p><br style=\"font-family:'Open Sans', Arial, sans-serif;font-size:13px;\" \/><span style=\"font-weight:600;font-family:'Open Sans', Arial, sans-serif;font-size:13px;\">Loodud kestma<\/span><br style=\"font-family:'Open Sans', Arial, sans-serif;font-size:13px;\" \/><span style=\"font-family:'Open Sans', Arial, sans-serif;font-size:13px;\">Need on vastupidavad, kerged ja mugavad. Vastupidav raamistik on tugevdatud roostevaba terasega ning reguleeritavad liugurid tagavad teie jaoks sobiva mugavuse.\u00a0<\/span><br style=\"font-family:'Open Sans', Arial, sans-serif;font-size:13px;\" \/><br style=\"font-family:'Open Sans', Arial, sans-serif;font-size:13px;\" \/><span style=\"font-weight:600;font-family:'Open Sans', Arial, sans-serif;font-size:13px;\">Ideaalseks igap\u00e4evaseks kasutamiseks<\/span><br style=\"font-family:'Open Sans', Arial, sans-serif;font-size:13px;\" \/><span style=\"font-family:'Open Sans', Arial, sans-serif;font-size:13px;\">Haarake Beats EP k\u00f5rvaklapid endaga kaasa k\u00f5ikjale. Juhtmega \u00fchendus pakub l\u00f5putut taasesitust ning kaabli disain v\u00e4ldib juhtmepundarde teket.<\/span><\/p>\n<p><span class=\"tlid-translation translation\" lang=\"et\" xml:lang=\"et\"><strong><span title=\"\"><br \/>Toote ja pakendi\u00a0kirjeldus<\/span><\/strong><\/p>\n<p><span title=\"\">Tootja: Apple<\/span><br \/><span title=\"\">Mudel: Beats EP<\/span><br \/><span title=\"\">T\u00fc\u00fcp: k\u00f5rvaklapid<\/span><br \/><span title=\"\">Pakendi m\u00f5\u00f5tmed (P x K x L) 118 x 211 x 75 mm<\/span><br \/><span title=\"\">Pakendi kaal: 687 g<\/span><br \/><span title=\"\">Pakend sisaldab: 1 paar k\u00f5rvaklappe<\/span><\/p>\n<p><strong><span title=\"\">Toote p\u00f5hifunktsioonid<\/span><\/strong><br \/><span title=\"\">Sobivus:\u00a0\u00dcle pea<\/span><br \/><span title=\"\">K\u00f5rvaklappide v\u00e4rvus: must matt<\/span><br \/><span title=\"\">Kasutusomadused: m\u00fcra eraldus, mikrofon, helitugevuse reguleerimine<\/span><br \/><span title=\"\">Kuulari disain: k\u00f5rvapadi (vastu k\u00f5rva)<\/span><\/p>\n<p><strong><span title=\"\">T\u00e4iendav omadus<\/span><\/strong><br \/><span title=\"\">\u00dchendus: 3.5mm (1\/8&#8243;)<\/span><\/span><\/p>\n<p>UPS 88846260276<\/p>\n<p><\/p>\n","protected":false},"excerpt":{"rendered":"<p><span style=\"font-family:'Open Sans', Arial, sans-serif;font-size:13px;\">Beats EP k\u00f5rvapealsed k\u00f5rvaklapid esitavad suurep\u00e4raselt h\u00e4\u00e4lestatud helisid. <br \/>Ilma akuta disain ja juhtmega \u00fchendus pakuvad l\u00f5putut t\u00f6\u00f6aega ning vastupidav raamistik on tugevdatud kergekaalulise roostevaba terasega. Beats EP on ideaalne valik neile, kes soovivad tutvuda Beatside maailmaga ning kes otsivad kvaliteetset, d\u00fcnaamilist esitust.\u00a0<\/span><\/p>\n","protected":false},"featured_media":1936,"comment_status":"open","ping_status":"closed","template":"","meta":{"om_disable_all_campaigns":false,"_monsterinsights_skip_tracking":false,"_monsterinsights_sitenote_active":false,"_monsterinsights_sitenote_note":"","_monsterinsights_sitenote_category":0},"product_cat":[31,34],"product_tag":[],"class_list":{"0":"post-1940","1":"product","2":"type-product","3":"status-publish","4":"has-post-thumbnail","6":"product_cat-avalehele","7":"product_cat-kingitused-ja-kingiideed","10":"first","11":"instock","12":"sale","13":"taxable","14":"shipping-taxable","15":"purchasable","16":"product-type-simple"},"aioseo_notices":[],"_links":{"self":[{"href":"https:\/\/goodstore.eu\/en\/wp-json\/wp\/v2\/product\/1940"}],"collection":[{"href":"https:\/\/goodstore.eu\/en\/wp-json\/wp\/v2\/product"}],"about":[{"href":"https:\/\/goodstore.eu\/en\/wp-json\/wp\/v2\/types\/product"}],"replies":[{"embeddable":true,"href":"https:\/\/goodstore.eu\/en\/wp-json\/wp\/v2\/comments?post=1940"}],"wp:featuredmedia":[{"embeddable":true,"href":"https:\/\/goodstore.eu\/en\/wp-json\/wp\/v2\/media\/1936"}],"wp:attachment":[{"href":"https:\/\/goodstore.eu\/en\/wp-json\/wp\/v2\/media?parent=1940"}],"wp:term":[{"taxonomy":"product_cat","embeddable":true,"href":"https:\/\/goodstore.eu\/en\/wp-json\/wp\/v2\/product_cat?post=1940"},{"taxonomy":"product_tag","embeddable":true,"href":"https:\/\/goodstore.eu\/en\/wp-json\/wp\/v2\/product_tag?post=1940"}],"curies":[{"name":"wp","href":"https:\/\/api.w.org\/{rel}","templated":true}]}}