
{"id":1957,"date":"2019-04-13T11:54:53","date_gmt":"2019-04-13T11:54:53","guid":{"rendered":"http:\/\/127.0.0.1\/wp\/product\/3d-pliiatsi-komplekt-start-essential\/"},"modified":"2025-02-02T12:36:32","modified_gmt":"2025-02-02T12:36:32","slug":"3d-pliiatsi-komplekt-start-essential","status":"publish","type":"product","link":"https:\/\/goodstore.eu\/en\/shop\/3d-pliiatsi-komplekt-start-essential\/","title":{"rendered":"3D-pliiatsi komplekt, 3Doodler\u2122 Start+ Essential"},"content":{"rendered":"<p><span style=\"color: #222222; font-family: 'Roboto Condensed', sans-serif;\"><span style=\"font-size: 12px;\">3Doodler\u2122 Start on \u201eAasta m\u00e4nguasi 2022&#8243; nominent (uustulnuka kategoorias)<\/span><\/span><\/p>\n<p>3D-pliiatsi p\u00f5hipakend ehk stardikomplekt sisaldab:<\/p>\n<p>*\u00a0 3Doodler\u2122 Start+ Sulatusseade ehk Pliiats\u00a0 \u00a01 tk.<\/p>\n<p><span style=\"color: #222222; font-family: 'Roboto Condensed', sans-serif;\">*\u00a0 USB-kaabel\u00a0 \u00a01 tk.<\/span><\/p>\n<p><span style=\"color: #222222; font-family: 'Roboto Condensed', sans-serif;\">*\u00a0 N\u00e4idiste\u00a0vihik, milles on 10 joonist\u00a0 1 tk.<\/span><\/p>\n<p><span style=\"color: #222222; font-family: 'Roboto Condensed', sans-serif;\">*\u00a0 Originaal 3Doodler\u2122 Start+ Plastic k\u00f5rs; 8 eri v\u00e4rvi &#8211; <span style=\"text-decoration: underline;\">kokku 72 tk.<\/span><\/span><\/p>\n<p><span style=\"color: #222222; font-family: 'Roboto Condensed', sans-serif;\">*\u00a0 Pakendi m\u00f5\u00f5dud (K x L x P):\u00a0 30 x 8 x 25 cm<\/span><\/p>\n<p><strong style=\"color: #8200ff; font-family: Verdana, Arial, Helvetica, sans-serif;\">NB!<\/strong><span style=\"color: #8200ff; font-family: Verdana, Arial, Helvetica, sans-serif;\">\u00a0Soovitatav vanus\u00a06\u00a0aastased\u00a0ja vanemad lapsed<\/span><\/p>\n<p><span style=\"color: #222222; font-family: 'Roboto Condensed', sans-serif;\"><br \/>\n<span style=\"font-size: 12px;\">Tootjakood: 3DSPLUS<\/span><\/span><br \/>\nEAN 817005023848<\/p>","protected":false},"excerpt":{"rendered":"<p><span style=\"color: #292929; font-family: 'Open Sans', sans-serif; font-size: 14px;\"><span style=\"color: #292929; font-family: 'Open Sans', sans-serif;\"><span style=\"font-size: 14px;\">3Doodler\u2122 Start+ Essential on 3D-pliiats, mis sulatab ja seej\u00e4rel v\u00e4ljutab seadme otsikust esialgu plastiliini meenutava plastikniidi. See hangub u. 8 sekundiga s\u00e4ilitades talle antud kuju. <\/span><\/span><br \/>\n<span style=\"color: #292929; font-family: 'Open Sans', sans-serif;\"><span style=\"font-size: 14px;\">Lastele sobiv Start+ Essential 3D-pliiats t\u00f6\u00f6tab akudega, mis v\u00f5imaldavad \u00fche laadimisega katkematut joonistamist v\u00e4hemalt 45min. Akusid laetakse micro USB kaabliga USB pesast kas l\u00e4bi arvuti v\u00f5i telefoni laadija.<\/span><\/span><\/span><\/p>\n<p><span style=\"color: #292929; font-family: 'Open Sans', sans-serif;\"><span style=\"font-size: 14px;\">3Doodler\u2122 Start+ Essential 3D-pliiats on sertifitseeritud m\u00e4nguasi mis sobib \u00f5ppevahendiks arendamaks loovust, ruumilist m\u00f5tlemist ja k\u00e4teosavust \u2013 see on \u00fcks parim STEM \u00f5ppevahend. <\/span><\/span><\/p>\n<p><span style=\"color: #292929; font-family: 'Open Sans', sans-serif;\"><span style=\"font-size: 14px;\">Antud\u00a0seadmega 3D-joonistamine on haarav ja l\u00f5bus tegevus. Start komplektis kasutatav t\u00e4iteplastik on unikaalne-, mittetoksiline madalal temperatuuril sulav ohutu materjal, mis k\u00f5duneb mullas v\u00f5i kompostis 45-60 p\u00e4eva jooksul. <\/span><\/span><\/p>\n<p>&nbsp;<\/p>\n","protected":false},"featured_media":9128,"comment_status":"open","ping_status":"closed","template":"","meta":{"om_disable_all_campaigns":false,"_monsterinsights_skip_tracking":false,"_monsterinsights_sitenote_active":false,"_monsterinsights_sitenote_note":"","_monsterinsights_sitenote_category":0},"product_cat":[37],"product_tag":[],"class_list":{"0":"post-1957","1":"product","2":"type-product","3":"status-publish","4":"has-post-thumbnail","6":"product_cat-maenguasjad-ja-nutimaengud","9":"first","10":"outofstock","11":"sale","12":"taxable","13":"shipping-taxable","14":"purchasable","15":"product-type-simple"},"aioseo_notices":[],"_links":{"self":[{"href":"https:\/\/goodstore.eu\/en\/wp-json\/wp\/v2\/product\/1957"}],"collection":[{"href":"https:\/\/goodstore.eu\/en\/wp-json\/wp\/v2\/product"}],"about":[{"href":"https:\/\/goodstore.eu\/en\/wp-json\/wp\/v2\/types\/product"}],"replies":[{"embeddable":true,"href":"https:\/\/goodstore.eu\/en\/wp-json\/wp\/v2\/comments?post=1957"}],"wp:featuredmedia":[{"embeddable":true,"href":"https:\/\/goodstore.eu\/en\/wp-json\/wp\/v2\/media\/9128"}],"wp:attachment":[{"href":"https:\/\/goodstore.eu\/en\/wp-json\/wp\/v2\/media?parent=1957"}],"wp:term":[{"taxonomy":"product_cat","embeddable":true,"href":"https:\/\/goodstore.eu\/en\/wp-json\/wp\/v2\/product_cat?post=1957"},{"taxonomy":"product_tag","embeddable":true,"href":"https:\/\/goodstore.eu\/en\/wp-json\/wp\/v2\/product_tag?post=1957"}],"curies":[{"name":"wp","href":"https:\/\/api.w.org\/{rel}","templated":true}]}}