
{"id":1962,"date":"2019-04-13T13:41:44","date_gmt":"2019-04-13T13:41:44","guid":{"rendered":"http:\/\/127.0.0.1\/wp\/product\/luksuslik-kikilips-sinine-peegel\/"},"modified":"2022-12-10T18:51:11","modified_gmt":"2022-12-10T18:51:11","slug":"luksuslik-kikilips-sinine-peegel","status":"publish","type":"product","link":"https:\/\/www.goodstore.eu\/en\/shop\/luksuslik-kikilips-sinine-peegel\/","title":{"rendered":"Luksuslik kikilips k\u00e4rjekujuliste elementidega, sinine l\u00e4ikiv"},"content":{"rendered":"<p>Toote m\u00f5\u00f5dud: 4.0 x 10.2 x 0,7 cm<br \/>Materjal: Peegeldav akr\u00fc\u00fclplast<br \/>Kinkekarbi m\u00f5\u00f5dud: 7.7 x 3.1 x 14.5 cm<\/p>\n<p>\u2022 Tarnitakse elegantses kinkekarbis<\/p>\n<p><strong>T\u00e4helepanu!<\/strong> <br \/>Puhastamisel j\u00e4rgida t\u00e4helepanelikult j\u00e4rgnevaid juhiseid, et v\u00e4ltida l\u00e4ikiva pinna kahjustusi.<br \/><span class=\"tlid-translation translation\" lang=\"et\" xml:lang=\"et\"><br \/><span title=\"\">1. P\u00fchkige v\u00f5i puhastage kikilipsu peegelpinda \u00f5rnalt prillide puhastamiseks m\u00f5eldud lapiga.<\/span><br \/><span title=\"\">2. P\u00e4rast\u00a0kikilipsu kasutamist asetage see kinkekarpi tagasi.<\/span><br \/><span title=\"\">3. Veenduge, et kikilips ei\u00a0asetseks\u00a0mingisuguse\u00a0raske eseme\u00a0all.<\/span><br \/><span title=\"\">4. \u00c4rge asetage\u00a0kikilipsu lahtise tule v\u00f5i teiste k\u00f5rgtemperatuuriliste objektide (pliit, grill, jne) l\u00e4hedale.<\/span><br \/><span title=\"\">5. Puhastamisel on keelatud kasutada keemilisi vedelikke nagu n\u00e4iteks alkoholi, bensiini, lahusteid, t\u00e4rpentiine jne.<\/span><\/span><\/p>\n<p><\/p>\n","protected":false},"excerpt":{"rendered":"<p><span class=\"tlid-translation translation\"><span title=\"\">Ole ainulaadne, ole esimene ja julge siin m\u00fc\u00fcgil oleva\u00a0elegantse\u00a0Grafiithalli kikilipsuga. Seda kandes<\/span>\u00a0saab sinust pilgup\u00fc\u00fcdja, kes teavitab kandja stiiliteadlikusest.<br \/>Kikilips on <span title=\"\">k\u00e4sitsi valmistatud, kasutades tumehalle peegeldavaid pol\u00fcmeeri variatsioone, et anda sellele t\u00e4iesti eriline luksuslik v\u00e4limus.<\/span> <br \/><span title=\"\">See sisaldab reguleeritavat \u00fcmber kaela kinnitust, mis sobib enamike kaelade m\u00f5\u00f5tmetega.<\/span><\/span><\/p>\n","protected":false},"featured_media":1961,"comment_status":"open","ping_status":"closed","template":"","meta":{"om_disable_all_campaigns":false,"_monsterinsights_skip_tracking":false,"_monsterinsights_sitenote_active":false,"_monsterinsights_sitenote_note":"","_monsterinsights_sitenote_category":0},"product_cat":[40,34,36,38],"product_tag":[],"class_list":{"0":"post-1962","1":"product","2":"type-product","3":"status-publish","4":"has-post-thumbnail","6":"product_cat-lipsud-lipsukomplektid-ja-erilised-lipsud","7":"product_cat-kingitused-ja-kingiideed","8":"product_cat-stiil-ja-mood","9":"product_cat-lipsud-komplektid-ja-erilised-lipsud","12":"first","13":"instock","14":"sale","15":"taxable","16":"shipping-taxable","17":"purchasable","18":"product-type-simple"},"aioseo_notices":[],"_links":{"self":[{"href":"https:\/\/www.goodstore.eu\/en\/wp-json\/wp\/v2\/product\/1962"}],"collection":[{"href":"https:\/\/www.goodstore.eu\/en\/wp-json\/wp\/v2\/product"}],"about":[{"href":"https:\/\/www.goodstore.eu\/en\/wp-json\/wp\/v2\/types\/product"}],"replies":[{"embeddable":true,"href":"https:\/\/www.goodstore.eu\/en\/wp-json\/wp\/v2\/comments?post=1962"}],"wp:featuredmedia":[{"embeddable":true,"href":"https:\/\/www.goodstore.eu\/en\/wp-json\/wp\/v2\/media\/1961"}],"wp:attachment":[{"href":"https:\/\/www.goodstore.eu\/en\/wp-json\/wp\/v2\/media?parent=1962"}],"wp:term":[{"taxonomy":"product_cat","embeddable":true,"href":"https:\/\/www.goodstore.eu\/en\/wp-json\/wp\/v2\/product_cat?post=1962"},{"taxonomy":"product_tag","embeddable":true,"href":"https:\/\/www.goodstore.eu\/en\/wp-json\/wp\/v2\/product_tag?post=1962"}],"curies":[{"name":"wp","href":"https:\/\/api.w.org\/{rel}","templated":true}]}}