
{"id":2108,"date":"2019-04-16T12:22:15","date_gmt":"2019-04-16T12:22:15","guid":{"rendered":"http:\/\/127.0.0.1\/wp\/product\/luksuslik-lipsu-komplekt-kirgas-taevasinine\/"},"modified":"2024-07-12T19:32:41","modified_gmt":"2024-07-12T19:32:41","slug":"luksuslik-lipsu-komplekt-kirgas-taevasinine","status":"publish","type":"product","link":"https:\/\/goodstore.eu\/en\/shop\/luksuslik-lipsu-komplekt-kirgas-taevasinine\/","title":{"rendered":"Luksuslik lipsu komplekt mansetin\u00f6\u00f6pide ja rinnataskur\u00e4tikuga, kirgas helesinine"},"content":{"rendered":"<p><\/p>\n<div><span style=\"font-size: 16px;\">Materjal:\u00a0K\u00e4sitsi tehtud siid<br \/>\nL\u00fchikirjeldus: K\u00f5rgekvaliteediga ja stiilne toode &#8211; ideaalne kink!<\/span><\/div>\n<div><span style=\"font-size: 16px;\">Lipsu pikkus: 150cm<\/span><\/div>\n<div><span style=\"font-size: 16px;\">Maksimaalne laius: 8,5cm<br \/>\nMinimaalne laius: 3,5cm<br \/>\nRinnataskur\u00e4tiku m\u00f5\u00f5dud: 21cm x 21cm<\/span><\/div>\n<div>\n<p><span style=\"font-size: 16px;\">Komplekti kuulub: 1 x lips, 1 x taskur\u00e4tik, 1 paar man\u017eetin\u00f6\u00f6pe<\/span><\/p>\n<p><span style=\"color: #2600ff;\">NB! Toode pole pakendatud kinkekarpi. Soovi korral saab selle eraldi juurde osta.<\/span><\/p>\n<\/div>\n<p><\/p>","protected":false},"excerpt":{"rendered":"<p><span id=\"result_box\" lang=\"et\" xml:lang=\"et\">Kvaliteetne k\u00e4sitsi tehtud siid, mis tagab elegantse v\u00e4limuse igale endast lugupidavale h\u00e4rras- v\u00f5i \u00e4rimehele.<br \/>\nLips on elastne ja seet\u00f5ttu on seda v\u00e4ga lihtne s\u00f5lmida.<\/span><\/p>\n","protected":false},"featured_media":2101,"comment_status":"open","ping_status":"closed","template":"","meta":{"om_disable_all_campaigns":false,"_monsterinsights_skip_tracking":false,"_monsterinsights_sitenote_active":false,"_monsterinsights_sitenote_note":"","_monsterinsights_sitenote_category":0},"product_cat":[40,34,36,38],"product_tag":[428,427,298,239,238],"class_list":{"0":"post-2108","1":"product","2":"type-product","3":"status-publish","4":"has-post-thumbnail","6":"product_cat-lipsud-lipsukomplektid-ja-erilised-lipsud","7":"product_cat-kingitused-ja-kingiideed","8":"product_cat-stiil-ja-mood","9":"product_cat-lipsud-komplektid-ja-erilised-lipsud","10":"product_tag-lilleline-seotav-lips","11":"product_tag-luksuslik-lipsu-komplekt","12":"product_tag-siidi-lips","13":"product_tag-siidist-lips","14":"product_tag-siidlips","17":"first","18":"instock","19":"taxable","20":"shipping-taxable","21":"purchasable","22":"product-type-simple"},"aioseo_notices":[],"_links":{"self":[{"href":"https:\/\/goodstore.eu\/en\/wp-json\/wp\/v2\/product\/2108"}],"collection":[{"href":"https:\/\/goodstore.eu\/en\/wp-json\/wp\/v2\/product"}],"about":[{"href":"https:\/\/goodstore.eu\/en\/wp-json\/wp\/v2\/types\/product"}],"replies":[{"embeddable":true,"href":"https:\/\/goodstore.eu\/en\/wp-json\/wp\/v2\/comments?post=2108"}],"wp:featuredmedia":[{"embeddable":true,"href":"https:\/\/goodstore.eu\/en\/wp-json\/wp\/v2\/media\/2101"}],"wp:attachment":[{"href":"https:\/\/goodstore.eu\/en\/wp-json\/wp\/v2\/media?parent=2108"}],"wp:term":[{"taxonomy":"product_cat","embeddable":true,"href":"https:\/\/goodstore.eu\/en\/wp-json\/wp\/v2\/product_cat?post=2108"},{"taxonomy":"product_tag","embeddable":true,"href":"https:\/\/goodstore.eu\/en\/wp-json\/wp\/v2\/product_tag?post=2108"}],"curies":[{"name":"wp","href":"https:\/\/api.w.org\/{rel}","templated":true}]}}