
{"id":2158,"date":"2019-04-24T15:53:38","date_gmt":"2019-04-24T15:53:38","guid":{"rendered":"http:\/\/127.0.0.1\/wp\/product\/luksuslik-kikilipsu-komplekt-kevadkollane\/"},"modified":"2019-04-24T15:53:38","modified_gmt":"2019-04-24T15:53:38","slug":"luksuslik-kikilipsu-komplekt-kevadkollane","status":"publish","type":"product","link":"https:\/\/goodstore.eu\/en\/shop\/luksuslik-kikilipsu-komplekt-kevadkollane\/","title":{"rendered":"Luksuslik kikilipsu komplekt, mansetin\u00f6\u00f6pide ja rinnar\u00e4tikuga, kollane"},"content":{"rendered":"<div><span style=\"font-size:16px;\">Materjal:\u00a0Pol\u00fcester kangas<br \/>L\u00fchikirjeldus: K\u00f5rgekvaliteediga, stiilne &#8211; ideaalne kink!<br \/>Kikilips on reguleeritav ja konkskinnitusega<\/span><\/div>\n<div><span style=\"font-size:16px;\">Kikilipsu m\u00f5\u00f5dud: 12 x 6 cm<br \/>Rinnataskur\u00e4tiku m\u00f5\u00f5dud: 24 x 24 cm<\/span><\/div>\n<div><span style=\"font-size:16px;\">Komplekti kuulub: 1 x kikilips, 1 x rinnataskur\u00e4tik, 1\u00a0paar man\u017eetin\u00f6\u00f6pe<\/p>\n<p><span style=\"color:#2600ff;\">NB! Toode pole pakendatud kinkekarpi. Soovi korral saab selle eraldi juurde osta.<\/span><br \/><\/span><\/div>\n","protected":false},"excerpt":{"rendered":"<p><span id=\"result_box\" lang=\"et\" xml:lang=\"et\"><span>Luksuslik ja kvaliteetne\u00a0<\/span>pol\u00fcester kangas<span>, mis tagab elegantse v\u00e4limuse igale stiiliteadlikule ja endast lugupidavale h\u00e4rras- v\u00f5i \u00e4rimehele.<\/span><br \/><span>Kikilips on valmis s\u00f5lmitud ning v\u00f5ib kohe kasutama hakata.<\/span><\/span><\/p>\n","protected":false},"featured_media":2157,"comment_status":"open","ping_status":"closed","template":"","meta":{"om_disable_all_campaigns":false,"_monsterinsights_skip_tracking":false,"_monsterinsights_sitenote_active":false,"_monsterinsights_sitenote_note":"","_monsterinsights_sitenote_category":0},"product_cat":[40,34,36,38],"product_tag":[],"class_list":{"0":"post-2158","1":"product","2":"type-product","3":"status-publish","4":"has-post-thumbnail","6":"product_cat-lipsud-lipsukomplektid-ja-erilised-lipsud","7":"product_cat-kingitused-ja-kingiideed","8":"product_cat-stiil-ja-mood","9":"product_cat-lipsud-komplektid-ja-erilised-lipsud","12":"first","13":"outofstock","14":"taxable","15":"shipping-taxable","16":"purchasable","17":"product-type-simple"},"aioseo_notices":[],"_links":{"self":[{"href":"https:\/\/goodstore.eu\/en\/wp-json\/wp\/v2\/product\/2158"}],"collection":[{"href":"https:\/\/goodstore.eu\/en\/wp-json\/wp\/v2\/product"}],"about":[{"href":"https:\/\/goodstore.eu\/en\/wp-json\/wp\/v2\/types\/product"}],"replies":[{"embeddable":true,"href":"https:\/\/goodstore.eu\/en\/wp-json\/wp\/v2\/comments?post=2158"}],"wp:featuredmedia":[{"embeddable":true,"href":"https:\/\/goodstore.eu\/en\/wp-json\/wp\/v2\/media\/2157"}],"wp:attachment":[{"href":"https:\/\/goodstore.eu\/en\/wp-json\/wp\/v2\/media?parent=2158"}],"wp:term":[{"taxonomy":"product_cat","embeddable":true,"href":"https:\/\/goodstore.eu\/en\/wp-json\/wp\/v2\/product_cat?post=2158"},{"taxonomy":"product_tag","embeddable":true,"href":"https:\/\/goodstore.eu\/en\/wp-json\/wp\/v2\/product_tag?post=2158"}],"curies":[{"name":"wp","href":"https:\/\/api.w.org\/{rel}","templated":true}]}}