
{"id":2192,"date":"2019-05-04T21:06:32","date_gmt":"2019-05-04T21:06:32","guid":{"rendered":"http:\/\/127.0.0.1\/wp\/product\/luksuslik-siidlipsu-kinkekarp-hele-vaerviline\/"},"modified":"2022-12-10T18:38:12","modified_gmt":"2022-12-10T18:38:12","slug":"luksuslik-siidlipsu-kinkekarp-hele-vaerviline","status":"publish","type":"product","link":"https:\/\/goodstore.eu\/en\/shop\/luksuslik-siidlipsu-kinkekarp-hele-vaerviline\/","title":{"rendered":"Luksuslik siidlipsu kinkekarp, mansetin\u00f6\u00f6pide ja rinnar\u00e4tikuga, hele v\u00e4rviline"},"content":{"rendered":"<div><span style=\"font-size:16px;\">Materjal:\u00a0K\u00e4sitsi tehtud siid<br \/>L\u00fchikirjeldus: K\u00f5rgekvaliteediga ja stiilne toode &#8211; ideaalne kink!<\/span><\/div>\n<div><span style=\"font-size:16px;\">Lipsu pikkus: 150cm<\/span><\/div>\n<div><span style=\"font-size:16px;\">Maksimaalne laius: 8,5cm\u00a0\u00a0<br \/>Minimaalne laius: 3,5cm<br \/>Rinnataskur\u00e4tiku m\u00f5\u00f5dud: 21cm x 21cm<\/span><\/div>\n<div><span style=\"font-size:16px;\">Komplekti kuulub: 1 X lips, 1 X taskur\u00e4tik, 1\u00a0paar man\u017eetin\u00f6\u00f6pe<\/p>\n<p><span style=\"color:#3d00ff;\">Toode on pakendatud musta kinkekarpi!<\/span><br \/><\/span><\/div>\n","protected":false},"excerpt":{"rendered":"<p style=\"margin-bottom:0cm;line-height:100%;\">Kvaliteetne k\u00e4sitsi tehtud siid, mis tagab elegantse v\u00e4limuse igale endast lugupidavale h\u00e4rras- v\u00f5i \u00e4rimehele.<br \/>Lips on elastne ja seet\u00f5ttu on seda v\u00e4ga lihtne s\u00f5lmida.<\/p>\n","protected":false},"featured_media":2183,"comment_status":"open","ping_status":"closed","template":"","meta":{"om_disable_all_campaigns":false,"_monsterinsights_skip_tracking":false,"_monsterinsights_sitenote_active":false,"_monsterinsights_sitenote_note":"","_monsterinsights_sitenote_category":0},"product_cat":[40,34,36,38],"product_tag":[],"class_list":{"0":"post-2192","1":"product","2":"type-product","3":"status-publish","4":"has-post-thumbnail","6":"product_cat-lipsud-lipsukomplektid-ja-erilised-lipsud","7":"product_cat-kingitused-ja-kingiideed","8":"product_cat-stiil-ja-mood","9":"product_cat-lipsud-komplektid-ja-erilised-lipsud","12":"first","13":"instock","14":"taxable","15":"shipping-taxable","16":"purchasable","17":"product-type-simple"},"aioseo_notices":[],"_links":{"self":[{"href":"https:\/\/goodstore.eu\/en\/wp-json\/wp\/v2\/product\/2192"}],"collection":[{"href":"https:\/\/goodstore.eu\/en\/wp-json\/wp\/v2\/product"}],"about":[{"href":"https:\/\/goodstore.eu\/en\/wp-json\/wp\/v2\/types\/product"}],"replies":[{"embeddable":true,"href":"https:\/\/goodstore.eu\/en\/wp-json\/wp\/v2\/comments?post=2192"}],"wp:featuredmedia":[{"embeddable":true,"href":"https:\/\/goodstore.eu\/en\/wp-json\/wp\/v2\/media\/2183"}],"wp:attachment":[{"href":"https:\/\/goodstore.eu\/en\/wp-json\/wp\/v2\/media?parent=2192"}],"wp:term":[{"taxonomy":"product_cat","embeddable":true,"href":"https:\/\/goodstore.eu\/en\/wp-json\/wp\/v2\/product_cat?post=2192"},{"taxonomy":"product_tag","embeddable":true,"href":"https:\/\/goodstore.eu\/en\/wp-json\/wp\/v2\/product_tag?post=2192"}],"curies":[{"name":"wp","href":"https:\/\/api.w.org\/{rel}","templated":true}]}}