
{"id":2331,"date":"2019-05-10T20:50:19","date_gmt":"2019-05-10T20:50:19","guid":{"rendered":"http:\/\/127.0.0.1\/wp\/product\/votmehoidja-saab-logoga-led-valgustusega-varviline\/"},"modified":"2019-05-10T20:50:19","modified_gmt":"2019-05-10T20:50:19","slug":"votmehoidja-saab-logoga-led-valgustusega-varviline","status":"publish","type":"product","link":"https:\/\/goodstore.eu\/en\/shop\/votmehoidja-saab-logoga-led-valgustusega-varviline\/","title":{"rendered":"V\u00f5tmehoidja SAAB-i Logoga, LED valgustusega, v\u00e4rviline"},"content":{"rendered":"<p><span><span style=\"color:#000000;\"><span style=\"font-family:Verdana, Arial, Helvetica, sans-serif;\"><span style=\"font-size:12pt;\"><span style=\"font-size:12pt;\">Mudel: SAAB Logoga meene<\/span><br \/><span style=\"font-size:12pt;\">Materjal:\u00a0Kristall<\/span><br \/><span style=\"font-size:12pt;\">M\u00f5\u00f5dud: 3.0<\/span><span style=\"font-size:16px;\">0 x 3.00 x 1.30 cm<\/span><br \/><span style=\"font-size:12pt;\">Kaal: 33g<br \/>Omadused: <br \/>* LED valgustusega<br \/>* Sisse\/v\u00e4lja l\u00fclitamine<br \/>* V\u00e4rvid vahetuvad automaatselt<br \/><\/span><\/p>\n<p><\/span><\/span><\/span><\/span><\/p>\n","protected":false},"excerpt":{"rendered":"<p>SAAB on surnud, Elagu SAAB!\u00a0<\/p>\n<p>SAABIf\u00e4nnil on j\u00e4rjest raskem leida n\u00e4gusat ja vastupidavat v\u00f5tmehoidjat, kuna br\u00e4nd ise enam n\u00e4nni tootmisest huvitatud pole.<\/p>\n<p>Siin on n\u00fc\u00fcd v\u00f5imalus, mida ei tasu naljalt k\u00e4est lasta!<\/p>\n<p>Toode\u00a0on valmistatud kristallist. V\u00e4ga\u00a0ilus ja hea kvaliteediga!<\/p>\n","protected":false},"featured_media":2323,"comment_status":"open","ping_status":"closed","template":"","meta":{"om_disable_all_campaigns":false,"_monsterinsights_skip_tracking":false,"_monsterinsights_sitenote_active":false,"_monsterinsights_sitenote_note":"","_monsterinsights_sitenote_category":0},"product_cat":[34],"product_tag":[],"class_list":{"0":"post-2331","1":"product","2":"type-product","3":"status-publish","4":"has-post-thumbnail","6":"product_cat-kingitused-ja-kingiideed","9":"first","10":"instock","11":"taxable","12":"shipping-taxable","13":"purchasable","14":"product-type-simple"},"aioseo_notices":[],"_links":{"self":[{"href":"https:\/\/goodstore.eu\/en\/wp-json\/wp\/v2\/product\/2331"}],"collection":[{"href":"https:\/\/goodstore.eu\/en\/wp-json\/wp\/v2\/product"}],"about":[{"href":"https:\/\/goodstore.eu\/en\/wp-json\/wp\/v2\/types\/product"}],"replies":[{"embeddable":true,"href":"https:\/\/goodstore.eu\/en\/wp-json\/wp\/v2\/comments?post=2331"}],"wp:featuredmedia":[{"embeddable":true,"href":"https:\/\/goodstore.eu\/en\/wp-json\/wp\/v2\/media\/2323"}],"wp:attachment":[{"href":"https:\/\/goodstore.eu\/en\/wp-json\/wp\/v2\/media?parent=2331"}],"wp:term":[{"taxonomy":"product_cat","embeddable":true,"href":"https:\/\/goodstore.eu\/en\/wp-json\/wp\/v2\/product_cat?post=2331"},{"taxonomy":"product_tag","embeddable":true,"href":"https:\/\/goodstore.eu\/en\/wp-json\/wp\/v2\/product_tag?post=2331"}],"curies":[{"name":"wp","href":"https:\/\/api.w.org\/{rel}","templated":true}]}}